{"id":251,"date":"2017-12-07T16:18:36","date_gmt":"2017-12-07T15:18:36","guid":{"rendered":"http:\/\/blogg.regionkronoberg.se\/trakutbildning\/?page_id=251"},"modified":"2019-04-15T13:51:55","modified_gmt":"2019-04-15T11:51:55","slug":"handbok-for-vard-av-patient-med-trakealkanyl","status":"publish","type":"page","link":"https:\/\/blogg.regionkronoberg.se\/trakutbildning\/handbok-for-vard-av-patient-med-trakealkanyl\/","title":{"rendered":"Handbok"},"content":{"rendered":"<div id=\"pl-251\"  class=\"panel-layout\" ><div id=\"pg-251-0\"  class=\"panel-grid panel-no-style\" ><div id=\"pgc-251-0-0\"  class=\"panel-grid-cell\" ><div id=\"panel-251-0-0-0\" class=\"so-panel widget widget_sow-editor panel-first-child panel-last-child\" data-index=\"0\" ><div\n\t\t\t\n\t\t\tclass=\"so-widget-sow-editor so-widget-sow-editor-base\"\n\t\t\t\n\t\t>\n<div class=\"siteorigin-widget-tinymce textwidget\">\n\t<p>Denna handbok fungerar som uppslagsbok d\u00e4r du kan uppdatera dina kunskaper om hur man v\u00e5rdar patient med trakeostomi.<\/p>\n<p>Under rubrikerna ovan hittar du de olika \u00e4mnesomr\u00e5dena som ber\u00f6r denna typ av v\u00e5rd.<\/p>\n<\/div>\n<\/div><\/div><\/div><\/div><\/div>","protected":false},"excerpt":{"rendered":"<p>Denna handbok fungerar som uppslagsbok d\u00e4r du kan uppdatera dina kunskaper om hur man v\u00e5rdar patient med trakeostomi. Under rubrikerna ovan hittar du de olika \u00e4mnesomr\u00e5dena som ber\u00f6r denna typ av v\u00e5rd.<\/p>\n<p> <a class=\"continue-reading-link\" href=\"https:\/\/blogg.regionkronoberg.se\/trakutbildning\/handbok-for-vard-av-patient-med-trakealkanyl\/\"><span>Continue reading<\/span><i class=\"crycon-right-dir\"><\/i><\/a> <\/p>\n","protected":false},"author":45,"featured_media":0,"parent":0,"menu_order":0,"comment_status":"closed","ping_status":"closed","template":"","meta":{"footnotes":""},"class_list":["post-251","page","type-page","status-publish","hentry"],"_links":{"self":[{"href":"https:\/\/blogg.regionkronoberg.se\/trakutbildning\/wp-json\/wp\/v2\/pages\/251","targetHints":{"allow":["GET"]}}],"collection":[{"href":"https:\/\/blogg.regionkronoberg.se\/trakutbildning\/wp-json\/wp\/v2\/pages"}],"about":[{"href":"https:\/\/blogg.regionkronoberg.se\/trakutbildning\/wp-json\/wp\/v2\/types\/page"}],"author":[{"embeddable":true,"href":"https:\/\/blogg.regionkronoberg.se\/trakutbildning\/wp-json\/wp\/v2\/users\/45"}],"replies":[{"embeddable":true,"href":"https:\/\/blogg.regionkronoberg.se\/trakutbildning\/wp-json\/wp\/v2\/comments?post=251"}],"version-history":[{"count":7,"href":"https:\/\/blogg.regionkronoberg.se\/trakutbildning\/wp-json\/wp\/v2\/pages\/251\/revisions"}],"predecessor-version":[{"id":1554,"href":"https:\/\/blogg.regionkronoberg.se\/trakutbildning\/wp-json\/wp\/v2\/pages\/251\/revisions\/1554"}],"wp:attachment":[{"href":"https:\/\/blogg.regionkronoberg.se\/trakutbildning\/wp-json\/wp\/v2\/media?parent=251"}],"curies":[{"name":"wp","href":"https:\/\/api.w.org\/{rel}","templated":true}]}}