{"id":248,"date":"2017-12-07T16:18:02","date_gmt":"2017-12-07T15:18:02","guid":{"rendered":"http:\/\/blogg.regionkronoberg.se\/trakutbildning\/?page_id=248"},"modified":"2019-09-27T13:29:25","modified_gmt":"2019-09-27T11:29:25","slug":"utbildningsprogram-med-kunskapsprov-i-trakealvard","status":"publish","type":"page","link":"https:\/\/blogg.regionkronoberg.se\/trakutbildning\/utbildningsprogram-med-kunskapsprov-i-trakealvard\/","title":{"rendered":"Webbutbildning i trakealv\u00e5rd"},"content":{"rendered":"<div id=\"pl-248\"  class=\"panel-layout\" ><div id=\"pg-248-0\"  class=\"panel-grid panel-no-style\" ><div id=\"pgc-248-0-0\"  class=\"panel-grid-cell\" ><div id=\"panel-248-0-0-0\" class=\"so-panel widget widget_sow-editor panel-first-child\" data-index=\"0\" ><div\n\t\t\t\n\t\t\tclass=\"so-widget-sow-editor so-widget-sow-editor-base\"\n\t\t\t\n\t\t>\n<div class=\"siteorigin-widget-tinymce textwidget\">\n\t<p>&nbsp;<\/p>\n<h2><\/h2>\n<p>F\u00f6r personal som ska arbeta med patienter med trakeostomi i hemmet kr\u00e4vs intyg p\u00e5 avklarat \u201dwebbutbildning i trakealv\u00e5rd\u201d f\u00f6re deltagande i teoretisk utbildning och brevidg\u00e5ng hos patient.<\/p>\n<p><span style=\"color: #333333\"><strong>Utbildningen fungerar b\u00e4st i webbl\u00e4sarna Chrome och Edge p\u00e5 dator. I telefon\/surfplatta fungerar alla webbl\u00e4sare.<\/strong><\/span><\/p>\n<p>Utbildningen ber\u00e4knas ta ungef\u00e4r: 40-60 minuter.<\/p>\n<\/div>\n<\/div><\/div><div id=\"panel-248-0-0-1\" class=\"so-panel widget widget_sow-editor panel-last-child\" data-index=\"1\" ><div\n\t\t\t\n\t\t\tclass=\"so-widget-sow-editor so-widget-sow-editor-base\"\n\t\t\t\n\t\t>\n<div class=\"siteorigin-widget-tinymce textwidget\">\n\t<h2><a href=\"http:\/\/blogg.regionkronoberg.se\/wp-content\/uploads\/sites\/13\/trak\/index.html\">Klicka h\u00e4r eller p\u00e5 bilden f\u00f6r att komma till webbutildningen.<\/a><\/h2>\n<p>&nbsp;<\/p>\n<\/div>\n<\/div><\/div><\/div><div id=\"pgc-248-0-1\"  class=\"panel-grid-cell\" ><div id=\"panel-248-0-1-0\" class=\"so-panel widget widget_sow-image panel-first-child panel-last-child\" data-index=\"2\" ><div\n\t\t\t\n\t\t\tclass=\"so-widget-sow-image so-widget-sow-image-default-8b5b6f678277-248\"\n\t\t\t\n\t\t>\n<div class=\"sow-image-container\">\n\t\t\t<a href=\"http:\/\/blogg.regionkronoberg.se\/wp-content\/uploads\/sites\/13\/trak\/index.html\"\n\t\t\ttarget=\"_blank\" rel=\"noopener noreferrer\" \t\t>\n\t\t\t<img \n\tsrc=\"https:\/\/blogg.regionkronoberg.se\/trakutbildning\/wp-content\/uploads\/sites\/13\/2019\/04\/Trakutbstart.png\" width=\"1008\" height=\"505\" srcset=\"https:\/\/blogg.regionkronoberg.se\/trakutbildning\/wp-content\/uploads\/sites\/13\/2019\/04\/Trakutbstart.png 1008w, https:\/\/blogg.regionkronoberg.se\/trakutbildning\/wp-content\/uploads\/sites\/13\/2019\/04\/Trakutbstart-300x150.png 300w, https:\/\/blogg.regionkronoberg.se\/trakutbildning\/wp-content\/uploads\/sites\/13\/2019\/04\/Trakutbstart-768x385.png 768w, https:\/\/blogg.regionkronoberg.se\/trakutbildning\/wp-content\/uploads\/sites\/13\/2019\/04\/Trakutbstart-150x75.png 150w\" sizes=\"(max-width: 1008px) 100vw, 1008px\" alt=\"\" \t\tclass=\"so-widget-image\"\/>\n\t\t\t<\/a><\/div>\n\n<\/div><\/div><\/div><\/div><\/div>","protected":false},"excerpt":{"rendered":"<p>&nbsp; F\u00f6r personal som ska arbeta med patienter med trakeostomi i hemmet kr\u00e4vs intyg p\u00e5 avklarat \u201dwebbutbildning i trakealv\u00e5rd\u201d f\u00f6re deltagande i teoretisk utbildning och brevidg\u00e5ng hos patient. Utbildningen fungerar b\u00e4st i webbl\u00e4sarna Chrome och Edge p\u00e5 dator. I telefon\/surfplatta fungerar alla webbl\u00e4sare. Utbildningen ber\u00e4knas ta ungef\u00e4r: 40-60 minuter. Klicka\u2026<\/p>\n<p> <a class=\"continue-reading-link\" href=\"https:\/\/blogg.regionkronoberg.se\/trakutbildning\/utbildningsprogram-med-kunskapsprov-i-trakealvard\/\"><span>Continue reading<\/span><i class=\"crycon-right-dir\"><\/i><\/a> <\/p>\n","protected":false},"author":45,"featured_media":0,"parent":0,"menu_order":0,"comment_status":"closed","ping_status":"closed","template":"","meta":{"footnotes":""},"class_list":["post-248","page","type-page","status-publish","hentry"],"_links":{"self":[{"href":"https:\/\/blogg.regionkronoberg.se\/trakutbildning\/wp-json\/wp\/v2\/pages\/248","targetHints":{"allow":["GET"]}}],"collection":[{"href":"https:\/\/blogg.regionkronoberg.se\/trakutbildning\/wp-json\/wp\/v2\/pages"}],"about":[{"href":"https:\/\/blogg.regionkronoberg.se\/trakutbildning\/wp-json\/wp\/v2\/types\/page"}],"author":[{"embeddable":true,"href":"https:\/\/blogg.regionkronoberg.se\/trakutbildning\/wp-json\/wp\/v2\/users\/45"}],"replies":[{"embeddable":true,"href":"https:\/\/blogg.regionkronoberg.se\/trakutbildning\/wp-json\/wp\/v2\/comments?post=248"}],"version-history":[{"count":23,"href":"https:\/\/blogg.regionkronoberg.se\/trakutbildning\/wp-json\/wp\/v2\/pages\/248\/revisions"}],"predecessor-version":[{"id":1663,"href":"https:\/\/blogg.regionkronoberg.se\/trakutbildning\/wp-json\/wp\/v2\/pages\/248\/revisions\/1663"}],"wp:attachment":[{"href":"https:\/\/blogg.regionkronoberg.se\/trakutbildning\/wp-json\/wp\/v2\/media?parent=248"}],"curies":[{"name":"wp","href":"https:\/\/api.w.org\/{rel}","templated":true}]}}