{"id":245,"date":"2017-12-07T16:17:08","date_gmt":"2017-12-07T15:17:08","guid":{"rendered":"http:\/\/blogg.regionkronoberg.se\/trakutbildning\/?page_id=245"},"modified":"2019-09-27T13:36:20","modified_gmt":"2019-09-27T11:36:20","slug":"trakteamet-kronoberg","status":"publish","type":"page","link":"https:\/\/blogg.regionkronoberg.se\/trakutbildning\/trakteamet-kronoberg\/","title":{"rendered":"Trakteamet Kronoberg"},"content":{"rendered":"<div id=\"pl-245\"  class=\"panel-layout\" ><div id=\"pg-245-0\"  class=\"panel-grid panel-no-style\" ><div id=\"pgc-245-0-0\"  class=\"panel-grid-cell\" ><div id=\"panel-245-0-0-0\" class=\"so-panel widget widget_sow-image panel-first-child panel-last-child\" data-index=\"0\" ><div\n\t\t\t\n\t\t\tclass=\"so-widget-sow-image so-widget-sow-image-default-8b5b6f678277-245\"\n\t\t\t\n\t\t>\n<div class=\"sow-image-container\">\n\t\t<img \n\tsrc=\"https:\/\/blogg.regionkronoberg.se\/trakutbildning\/wp-content\/uploads\/sites\/13\/2019\/06\/G\u00f6ran_7b.jpg\" width=\"600\" height=\"400\" srcset=\"https:\/\/blogg.regionkronoberg.se\/trakutbildning\/wp-content\/uploads\/sites\/13\/2019\/06\/G\u00f6ran_7b.jpg 600w, https:\/\/blogg.regionkronoberg.se\/trakutbildning\/wp-content\/uploads\/sites\/13\/2019\/06\/G\u00f6ran_7b-300x200.jpg 300w, https:\/\/blogg.regionkronoberg.se\/trakutbildning\/wp-content\/uploads\/sites\/13\/2019\/06\/G\u00f6ran_7b-150x100.jpg 150w, https:\/\/blogg.regionkronoberg.se\/trakutbildning\/wp-content\/uploads\/sites\/13\/2019\/06\/G\u00f6ran_7b-272x182.jpg 272w\" sizes=\"(max-width: 600px) 100vw, 600px\" alt=\"\" \t\tclass=\"so-widget-image\"\/>\n\t<\/div>\n\n<\/div><\/div><\/div><div id=\"pgc-245-0-1\"  class=\"panel-grid-cell\" ><div id=\"panel-245-0-1-0\" class=\"so-panel widget widget_sow-editor panel-first-child\" data-index=\"1\" ><div\n\t\t\t\n\t\t\tclass=\"so-widget-sow-editor so-widget-sow-editor-base\"\n\t\t\t\n\t\t>\n<div class=\"siteorigin-widget-tinymce textwidget\">\n\t<p><strong>Trakteamet Kronoberg<\/strong><br \/>\nTrakteamet Kronoberg \u00e4r ett multidisciplin\u00e4rt team med representanter fr\u00e5n olika v\u00e5rdniv\u00e5er och yrkesgrupper inom Region Kronoberg.<\/p>\n<p>Trakteamet bildades f\u00f6r att skapa en strukturerad och s\u00e4ker v\u00e5rd baserad p\u00e5 vetenskap och bepr\u00f6vad erfarenhet f\u00f6r de vuxna individer som har trakeostomi i hela Kronobergs l\u00e4n. Detta f\u00f6r att skapa en s\u00e4ker och j\u00e4mlik v\u00e5rd, oavsett kommun och oavsett v\u00e5rd p\u00e5 sjukhus eller i hemsjukv\u00e5rd. Teamet ansvarar f\u00f6r v\u00e5rden av b\u00e5de vuxna och barn med trakealkanyl.<\/p>\n<p><strong>Trak-sjuksk\u00f6terskor<\/strong><br \/>\nI Trakteamet finns specialutbildade sjuksk\u00f6terskor inom trakeostomi, anst\u00e4llda med avsatt tid att arbeta med trakealv\u00e5rd. Arbetet \u00e4r l\u00e4ns\u00f6vergripande och patienter f\u00f6ljs oavsett v\u00e5rd p\u00e5 sjukhus eller i hemsjukv\u00e5rden. Trak-sjuksk\u00f6terskorna utbildar, uppr\u00e4ttar individuella planer och utbildningsprogram f\u00f6r varje patient, medverkar vid utskrivning fr\u00e5n sjukhus, g\u00f6r uppf\u00f6ljningar i hemmet och g\u00f6r \u00e4ven byte av trakealkanyl i hemmet.<\/p>\n<p><strong>Utbildningsmodell<br \/>\n<\/strong>Utbildningsmodellen f\u00f6r personal som ska arbeta med patient med trakeostomi i hemsjukv\u00e5rden best\u00e5r av tre delar. N\u00e4r alla momenten \u00e4r klara skriver patientansvarig sjuksk\u00f6terska i kommunen delegering.<br \/>\n* Webbutbildning<br \/>\n* Teoriutbildning<br \/>\n* Praktisk tr\u00e4ning\/ brevidg\u00e5ng<\/p>\n<p><strong>Individuella planer<br \/>\n<\/strong><span style=\"font-family: 'Source Sans Pro'\">Alla patienter med trakeostomi som skrivs ut fr\u00e5n sjukhuset f\u00e5r ett individuellt anpassat utbildningsh\u00e4fte som inneh\u00e5ller bl.a. handlingsplan f\u00f6r akuta situationer och telefonlista. Utbildningsh\u00e4ftet godk\u00e4nns av ansvarig l\u00e4kare.<\/span><\/p>\n<p><strong>Ansvariga l\u00e4kare<br \/>\n<\/strong>\u00d6ron- n\u00e4s och halsl\u00e4kare - ansvarar f\u00f6r patient med trakealkanyl.<br \/>\nAnestesil\u00e4kare - ansvarar f\u00f6r patient med trakealkanyl och hemventilator<br \/>\nBarnkliniken CLV \/ Astridlindgrens barnsjukhus (Nya Karolinska LIVA) ansvarar tillsammans f\u00f6r alla barn med trakestomi.<\/p>\n<\/div>\n<\/div><\/div><div id=\"panel-245-0-1-1\" class=\"so-panel widget widget_sow-editor panel-last-child\" data-index=\"2\" ><div\n\t\t\t\n\t\t\tclass=\"so-widget-sow-editor so-widget-sow-editor-base\"\n\t\t\t\n\t\t>\n<div class=\"siteorigin-widget-tinymce textwidget\">\n\t<\/div>\n<\/div><\/div><\/div><\/div><\/div>","protected":false},"excerpt":{"rendered":"<p>Trakteamet Kronoberg Trakteamet Kronoberg \u00e4r ett multidisciplin\u00e4rt team med representanter fr\u00e5n olika v\u00e5rdniv\u00e5er och yrkesgrupper inom Region Kronoberg. Trakteamet bildades f\u00f6r att skapa en strukturerad och s\u00e4ker v\u00e5rd baserad p\u00e5 vetenskap och bepr\u00f6vad erfarenhet f\u00f6r de vuxna individer som har trakeostomi i hela Kronobergs l\u00e4n. Detta f\u00f6r att skapa en\u2026<\/p>\n<p> <a class=\"continue-reading-link\" href=\"https:\/\/blogg.regionkronoberg.se\/trakutbildning\/trakteamet-kronoberg\/\"><span>Continue reading<\/span><i class=\"crycon-right-dir\"><\/i><\/a> <\/p>\n","protected":false},"author":45,"featured_media":0,"parent":0,"menu_order":0,"comment_status":"closed","ping_status":"closed","template":"","meta":{"footnotes":""},"class_list":["post-245","page","type-page","status-publish","hentry"],"_links":{"self":[{"href":"https:\/\/blogg.regionkronoberg.se\/trakutbildning\/wp-json\/wp\/v2\/pages\/245","targetHints":{"allow":["GET"]}}],"collection":[{"href":"https:\/\/blogg.regionkronoberg.se\/trakutbildning\/wp-json\/wp\/v2\/pages"}],"about":[{"href":"https:\/\/blogg.regionkronoberg.se\/trakutbildning\/wp-json\/wp\/v2\/types\/page"}],"author":[{"embeddable":true,"href":"https:\/\/blogg.regionkronoberg.se\/trakutbildning\/wp-json\/wp\/v2\/users\/45"}],"replies":[{"embeddable":true,"href":"https:\/\/blogg.regionkronoberg.se\/trakutbildning\/wp-json\/wp\/v2\/comments?post=245"}],"version-history":[{"count":17,"href":"https:\/\/blogg.regionkronoberg.se\/trakutbildning\/wp-json\/wp\/v2\/pages\/245\/revisions"}],"predecessor-version":[{"id":1667,"href":"https:\/\/blogg.regionkronoberg.se\/trakutbildning\/wp-json\/wp\/v2\/pages\/245\/revisions\/1667"}],"wp:attachment":[{"href":"https:\/\/blogg.regionkronoberg.se\/trakutbildning\/wp-json\/wp\/v2\/media?parent=245"}],"curies":[{"name":"wp","href":"https:\/\/api.w.org\/{rel}","templated":true}]}}