{"id":239,"date":"2017-12-07T16:08:53","date_gmt":"2017-12-07T15:08:53","guid":{"rendered":"http:\/\/blogg.regionkronoberg.se\/trakutbildning\/?page_id=239"},"modified":"2019-02-18T11:20:47","modified_gmt":"2019-02-18T10:20:47","slug":"avveckling-av-trakealkanyl","status":"publish","type":"page","link":"https:\/\/blogg.regionkronoberg.se\/trakutbildning\/avveckling-av-trakealkanyl\/","title":{"rendered":"Avveckling av trakealkanyl"},"content":{"rendered":"<div id=\"pl-239\"  class=\"panel-layout\" ><div id=\"pg-239-0\"  class=\"panel-grid panel-no-style\" ><div id=\"pgc-239-0-0\"  class=\"panel-grid-cell\" ><div id=\"panel-239-0-0-0\" class=\"so-panel widget widget_sow-image panel-first-child panel-last-child\" data-index=\"0\" ><div\n\t\t\t\n\t\t\tclass=\"so-widget-sow-image so-widget-sow-image-default-8b5b6f678277-239\"\n\t\t\t\n\t\t>\n<div class=\"sow-image-container\">\n\t\t<img \n\tsrc=\"https:\/\/blogg.regionkronoberg.se\/trakutbildning\/wp-content\/uploads\/sites\/13\/2019\/02\/1060270.png\" width=\"640\" height=\"360\" srcset=\"https:\/\/blogg.regionkronoberg.se\/trakutbildning\/wp-content\/uploads\/sites\/13\/2019\/02\/1060270.png 640w, https:\/\/blogg.regionkronoberg.se\/trakutbildning\/wp-content\/uploads\/sites\/13\/2019\/02\/1060270-300x169.png 300w, https:\/\/blogg.regionkronoberg.se\/trakutbildning\/wp-content\/uploads\/sites\/13\/2019\/02\/1060270-150x84.png 150w\" sizes=\"(max-width: 640px) 100vw, 640px\" title=\"_1060270\" alt=\"\" \t\tclass=\"so-widget-image\"\/>\n\t<\/div>\n\n<\/div><\/div><\/div><div id=\"pgc-239-0-1\"  class=\"panel-grid-cell\" ><div id=\"panel-239-0-1-0\" class=\"so-panel widget widget_sow-editor panel-first-child panel-last-child\" data-index=\"1\" ><div\n\t\t\t\n\t\t\tclass=\"so-widget-sow-editor so-widget-sow-editor-base\"\n\t\t\t\n\t\t>\n<div class=\"siteorigin-widget-tinymce textwidget\">\n\t<p>Om orsaken till varf\u00f6r man satte dit kanylen \u00e4r \u00e5tg\u00e4rdad och den vanliga luftv\u00e4gen kan anv\u00e4ndas igen kan trakealkanylen avvecklas.<\/p>\n<p>L\u00e4kare ordinerar om kanylen ska avvecklas. Ofta f\u00e5r patienten till en b\u00f6rjan prova en mindre storlek av kanyl. N\u00e4r detta fungerar kan kanylen proppas dvs st\u00e4ngs av.<\/p>\n<p>Klarar patienten att ha kanylen proppad minst ett dygn s\u00e5 kan kanylen sedan tas bort.<\/p>\n<\/div>\n<\/div><\/div><\/div><\/div><div id=\"pg-239-1\"  class=\"panel-grid panel-no-style\" ><div id=\"pgc-239-1-0\"  class=\"panel-grid-cell\" ><div id=\"panel-239-1-0-0\" class=\"so-panel widget widget_sow-image panel-first-child panel-last-child\" data-index=\"2\" ><div\n\t\t\t\n\t\t\tclass=\"so-widget-sow-image so-widget-sow-image-default-8b5b6f678277-239\"\n\t\t\t\n\t\t>\n<div class=\"sow-image-container\">\n\t\t<img \n\tsrc=\"https:\/\/blogg.regionkronoberg.se\/trakutbildning\/wp-content\/uploads\/sites\/13\/2019\/02\/1060359.png\" width=\"640\" height=\"360\" srcset=\"https:\/\/blogg.regionkronoberg.se\/trakutbildning\/wp-content\/uploads\/sites\/13\/2019\/02\/1060359.png 640w, https:\/\/blogg.regionkronoberg.se\/trakutbildning\/wp-content\/uploads\/sites\/13\/2019\/02\/1060359-300x169.png 300w, https:\/\/blogg.regionkronoberg.se\/trakutbildning\/wp-content\/uploads\/sites\/13\/2019\/02\/1060359-150x84.png 150w\" sizes=\"(max-width: 640px) 100vw, 640px\" title=\"_1060359\" alt=\"\" \t\tclass=\"so-widget-image\"\/>\n\t<\/div>\n\n<\/div><\/div><\/div><div id=\"pgc-239-1-1\"  class=\"panel-grid-cell\" ><div id=\"panel-239-1-1-0\" class=\"so-panel widget widget_sow-editor panel-first-child panel-last-child\" data-index=\"3\" ><div\n\t\t\t\n\t\t\tclass=\"so-widget-sow-editor so-widget-sow-editor-base\"\n\t\t\t\n\t\t>\n<div class=\"siteorigin-widget-tinymce textwidget\">\n\t<p>N\u00e4r kanylen \u00e4r dragen tejpas stomat ihop s\u00e5 att h\u00e5let sluts helt. Tejpa noggrant, anv\u00e4nd l\u00e5nga steristips b\u00e5de horisontellt och vertikalt. Inga glipor f\u00e5r finnas.<\/p>\n<p>Dubbelvik torra kompresser s\u00e5 att en tjock kudde skapas.<\/p>\n<p>L\u00e4gg kudden av kompresser \u00f6ver tejpningen och s\u00e4tt ett t\u00e4tt f\u00f6rband \u00f6ver.<\/p>\n<p><span style=\"float: none;background-color: transparent;color: #555555;font-family: 'Source Sans Pro';font-size: 18px;font-style: normal;font-variant: normal;font-weight: 400;letter-spacing: normal;line-height: 27px;text-align: left;text-decoration: none;text-indent: 0px\">F\u00f6rbandet \u00f6ver stomat kan bli kladdigt, speciellt f\u00f6rsta dagarna. Byt dagligen eller varannan dag till en b\u00f6rjan samt vid behov. Ser f\u00f6rbandet ut att sitta och inget kladdigt kan oml\u00e4ggningarna glesas ut. Var observant p\u00e5 infektion. L\u00e4kningen tar ett par veckor.<\/span><\/p>\n<p>&nbsp;<\/p>\n<p>&nbsp;<\/p>\n<\/div>\n<\/div><\/div><\/div><\/div><div id=\"pg-239-2\"  class=\"panel-grid panel-no-style\" ><div id=\"pgc-239-2-0\"  class=\"panel-grid-cell\" ><div id=\"panel-239-2-0-0\" class=\"so-panel widget widget_sow-image panel-first-child\" data-index=\"4\" ><div\n\t\t\t\n\t\t\tclass=\"so-widget-sow-image so-widget-sow-image-default-8b5b6f678277-239\"\n\t\t\t\n\t\t>\n<div class=\"sow-image-container\">\n\t\t<img \n\tsrc=\"https:\/\/blogg.regionkronoberg.se\/trakutbildning\/wp-content\/uploads\/sites\/13\/2019\/02\/1060363.png\" width=\"640\" height=\"360\" srcset=\"https:\/\/blogg.regionkronoberg.se\/trakutbildning\/wp-content\/uploads\/sites\/13\/2019\/02\/1060363.png 640w, https:\/\/blogg.regionkronoberg.se\/trakutbildning\/wp-content\/uploads\/sites\/13\/2019\/02\/1060363-300x169.png 300w, https:\/\/blogg.regionkronoberg.se\/trakutbildning\/wp-content\/uploads\/sites\/13\/2019\/02\/1060363-150x84.png 150w\" sizes=\"(max-width: 640px) 100vw, 640px\" title=\"_1060363\" alt=\"\" \t\tclass=\"so-widget-image\"\/>\n\t<\/div>\n\n<\/div><\/div><div id=\"panel-239-2-0-1\" class=\"so-panel widget widget_sow-image panel-last-child\" data-index=\"5\" ><div\n\t\t\t\n\t\t\tclass=\"so-widget-sow-image so-widget-sow-image-default-8b5b6f678277-239\"\n\t\t\t\n\t\t>\n<div class=\"sow-image-container\">\n\t\t<img \n\tsrc=\"https:\/\/blogg.regionkronoberg.se\/trakutbildning\/wp-content\/uploads\/sites\/13\/2019\/02\/1060368.png\" width=\"640\" height=\"360\" srcset=\"https:\/\/blogg.regionkronoberg.se\/trakutbildning\/wp-content\/uploads\/sites\/13\/2019\/02\/1060368.png 640w, https:\/\/blogg.regionkronoberg.se\/trakutbildning\/wp-content\/uploads\/sites\/13\/2019\/02\/1060368-300x169.png 300w, https:\/\/blogg.regionkronoberg.se\/trakutbildning\/wp-content\/uploads\/sites\/13\/2019\/02\/1060368-150x84.png 150w\" sizes=\"(max-width: 640px) 100vw, 640px\" title=\"_1060368\" alt=\"\" \t\tclass=\"so-widget-image\"\/>\n\t<\/div>\n\n<\/div><\/div><\/div><div id=\"pgc-239-2-1\"  class=\"panel-grid-cell\" ><div id=\"panel-239-2-1-0\" class=\"so-panel widget widget_sow-editor panel-first-child panel-last-child\" data-index=\"6\" ><div\n\t\t\t\n\t\t\tclass=\"so-widget-sow-editor so-widget-sow-editor-base\"\n\t\t\t\n\t\t>\n<div class=\"siteorigin-widget-tinymce textwidget\">\n\t<p>Omr\u00e5det uts\u00e4tts f\u00f6r tryck n\u00e4r patienten hostar, krystar eller pratar. Patienten b\u00f6r uppmanas att h\u00e5lla emot med finger \u00f6ver stomat f\u00f6rsta tiden f\u00f6r att luften inte ska forts\u00e4tta pysa ut och h\u00e5lla stomat \u00f6ppet.<\/p>\n<\/div>\n<\/div><\/div><\/div><\/div><\/div>","protected":false},"excerpt":{"rendered":"<p>Om orsaken till varf\u00f6r man satte dit kanylen \u00e4r \u00e5tg\u00e4rdad och den vanliga luftv\u00e4gen kan anv\u00e4ndas igen kan trakealkanylen avvecklas. L\u00e4kare ordinerar om kanylen ska avvecklas. Ofta f\u00e5r patienten till en b\u00f6rjan prova en mindre storlek av kanyl. N\u00e4r detta fungerar kan kanylen proppas dvs st\u00e4ngs av. Klarar patienten att\u2026<\/p>\n<p> <a class=\"continue-reading-link\" href=\"https:\/\/blogg.regionkronoberg.se\/trakutbildning\/avveckling-av-trakealkanyl\/\"><span>Continue reading<\/span><i class=\"crycon-right-dir\"><\/i><\/a> <\/p>\n","protected":false},"author":45,"featured_media":0,"parent":0,"menu_order":0,"comment_status":"closed","ping_status":"closed","template":"","meta":{"footnotes":""},"class_list":["post-239","page","type-page","status-publish","hentry"],"_links":{"self":[{"href":"https:\/\/blogg.regionkronoberg.se\/trakutbildning\/wp-json\/wp\/v2\/pages\/239","targetHints":{"allow":["GET"]}}],"collection":[{"href":"https:\/\/blogg.regionkronoberg.se\/trakutbildning\/wp-json\/wp\/v2\/pages"}],"about":[{"href":"https:\/\/blogg.regionkronoberg.se\/trakutbildning\/wp-json\/wp\/v2\/types\/page"}],"author":[{"embeddable":true,"href":"https:\/\/blogg.regionkronoberg.se\/trakutbildning\/wp-json\/wp\/v2\/users\/45"}],"replies":[{"embeddable":true,"href":"https:\/\/blogg.regionkronoberg.se\/trakutbildning\/wp-json\/wp\/v2\/comments?post=239"}],"version-history":[{"count":16,"href":"https:\/\/blogg.regionkronoberg.se\/trakutbildning\/wp-json\/wp\/v2\/pages\/239\/revisions"}],"predecessor-version":[{"id":643,"href":"https:\/\/blogg.regionkronoberg.se\/trakutbildning\/wp-json\/wp\/v2\/pages\/239\/revisions\/643"}],"wp:attachment":[{"href":"https:\/\/blogg.regionkronoberg.se\/trakutbildning\/wp-json\/wp\/v2\/media?parent=239"}],"curies":[{"name":"wp","href":"https:\/\/api.w.org\/{rel}","templated":true}]}}