{"id":233,"date":"2017-12-07T16:08:08","date_gmt":"2017-12-07T15:08:08","guid":{"rendered":"http:\/\/blogg.regionkronoberg.se\/trakutbildning\/?page_id=233"},"modified":"2019-02-18T15:42:08","modified_gmt":"2019-02-18T14:42:08","slug":"utskrivning-fran-sjukhus","status":"publish","type":"page","link":"https:\/\/blogg.regionkronoberg.se\/trakutbildning\/utskrivning-fran-sjukhus\/","title":{"rendered":"Utskrivning fr\u00e5n sjukhus"},"content":{"rendered":"<div id=\"pl-233\"  class=\"panel-layout\" ><div id=\"pg-233-0\"  class=\"panel-grid panel-no-style\" ><div id=\"pgc-233-0-0\"  class=\"panel-grid-cell\" ><div id=\"panel-233-0-0-0\" class=\"so-panel widget widget_sow-image panel-first-child panel-last-child\" data-index=\"0\" ><div\n\t\t\t\n\t\t\tclass=\"so-widget-sow-image so-widget-sow-image-default-8b5b6f678277-233\"\n\t\t\t\n\t\t>\n<div class=\"sow-image-container\">\n\t\t<img \n\tsrc=\"https:\/\/blogg.regionkronoberg.se\/trakutbildning\/wp-content\/uploads\/sites\/13\/2019\/02\/sjukhus.png\" width=\"439\" height=\"352\" srcset=\"https:\/\/blogg.regionkronoberg.se\/trakutbildning\/wp-content\/uploads\/sites\/13\/2019\/02\/sjukhus.png 439w, https:\/\/blogg.regionkronoberg.se\/trakutbildning\/wp-content\/uploads\/sites\/13\/2019\/02\/sjukhus-300x241.png 300w, https:\/\/blogg.regionkronoberg.se\/trakutbildning\/wp-content\/uploads\/sites\/13\/2019\/02\/sjukhus-150x120.png 150w\" sizes=\"(max-width: 439px) 100vw, 439px\" alt=\"\" \t\tclass=\"so-widget-image\"\/>\n\t<\/div>\n\n<\/div><\/div><\/div><div id=\"pgc-233-0-1\"  class=\"panel-grid-cell\" ><div id=\"panel-233-0-1-0\" class=\"so-panel widget widget_sow-editor panel-first-child panel-last-child\" data-index=\"1\" ><div\n\t\t\t\n\t\t\tclass=\"so-widget-sow-editor so-widget-sow-editor-base\"\n\t\t\t\n\t\t>\n<div class=\"siteorigin-widget-tinymce textwidget\">\n\t<p>Trak-sjuksk\u00f6terskorna medverkar i utskrivning av patient, de f\u00f6ljer sedan upp och g\u00f6r hembes\u00f6k hos patienten.<\/p>\n<p>En checklista \u00e4r framtagen som st\u00f6d f\u00f6r avdelning som skriver ut en patient med trakeostomi. Alla patienter med trakealkanyl som skrivs ut fr\u00e5n sjukhus ska ha med sig material och utrustning f\u00f6r tv\u00e5 veckor, detta f\u00f6r att hemsjukv\u00e5rden ska ha tid att hinna best\u00e4lla och f\u00e5 hem.<\/p>\n<\/div>\n<\/div><\/div><\/div><\/div><\/div>","protected":false},"excerpt":{"rendered":"<p>Trak-sjuksk\u00f6terskorna medverkar i utskrivning av patient, de f\u00f6ljer sedan upp och g\u00f6r hembes\u00f6k hos patienten. En checklista \u00e4r framtagen som st\u00f6d f\u00f6r avdelning som skriver ut en patient med trakeostomi. Alla patienter med trakealkanyl som skrivs ut fr\u00e5n sjukhus ska ha med sig material och utrustning f\u00f6r tv\u00e5 veckor, detta\u2026<\/p>\n<p> <a class=\"continue-reading-link\" href=\"https:\/\/blogg.regionkronoberg.se\/trakutbildning\/utskrivning-fran-sjukhus\/\"><span>Continue reading<\/span><i class=\"crycon-right-dir\"><\/i><\/a> <\/p>\n","protected":false},"author":45,"featured_media":0,"parent":0,"menu_order":0,"comment_status":"closed","ping_status":"closed","template":"","meta":{"footnotes":""},"class_list":["post-233","page","type-page","status-publish","hentry"],"_links":{"self":[{"href":"https:\/\/blogg.regionkronoberg.se\/trakutbildning\/wp-json\/wp\/v2\/pages\/233","targetHints":{"allow":["GET"]}}],"collection":[{"href":"https:\/\/blogg.regionkronoberg.se\/trakutbildning\/wp-json\/wp\/v2\/pages"}],"about":[{"href":"https:\/\/blogg.regionkronoberg.se\/trakutbildning\/wp-json\/wp\/v2\/types\/page"}],"author":[{"embeddable":true,"href":"https:\/\/blogg.regionkronoberg.se\/trakutbildning\/wp-json\/wp\/v2\/users\/45"}],"replies":[{"embeddable":true,"href":"https:\/\/blogg.regionkronoberg.se\/trakutbildning\/wp-json\/wp\/v2\/comments?post=233"}],"version-history":[{"count":13,"href":"https:\/\/blogg.regionkronoberg.se\/trakutbildning\/wp-json\/wp\/v2\/pages\/233\/revisions"}],"predecessor-version":[{"id":1533,"href":"https:\/\/blogg.regionkronoberg.se\/trakutbildning\/wp-json\/wp\/v2\/pages\/233\/revisions\/1533"}],"wp:attachment":[{"href":"https:\/\/blogg.regionkronoberg.se\/trakutbildning\/wp-json\/wp\/v2\/media?parent=233"}],"curies":[{"name":"wp","href":"https:\/\/api.w.org\/{rel}","templated":true}]}}