{"id":230,"date":"2017-12-07T16:07:49","date_gmt":"2017-12-07T15:07:49","guid":{"rendered":"http:\/\/blogg.regionkronoberg.se\/trakutbildning\/?page_id=230"},"modified":"2019-02-18T11:14:38","modified_gmt":"2019-02-18T10:14:38","slug":"andningstraning","status":"publish","type":"page","link":"https:\/\/blogg.regionkronoberg.se\/trakutbildning\/andningstraning\/","title":{"rendered":"Andningstr\u00e4ning"},"content":{"rendered":"<div id=\"pl-230\"  class=\"panel-layout\" ><div id=\"pg-230-0\"  class=\"panel-grid panel-no-style\" ><div id=\"pgc-230-0-0\"  class=\"panel-grid-cell\" ><div id=\"panel-230-0-0-0\" class=\"so-panel widget widget_sow-image panel-first-child panel-last-child\" data-index=\"0\" ><div\n\t\t\t\n\t\t\tclass=\"so-widget-sow-image so-widget-sow-image-default-8b5b6f678277-230\"\n\t\t\t\n\t\t>\n<div class=\"sow-image-container\">\n\t\t<img \n\tsrc=\"https:\/\/blogg.regionkronoberg.se\/trakutbildning\/wp-content\/uploads\/sites\/13\/2019\/02\/1060384.png\" width=\"640\" height=\"371\" srcset=\"https:\/\/blogg.regionkronoberg.se\/trakutbildning\/wp-content\/uploads\/sites\/13\/2019\/02\/1060384.png 640w, https:\/\/blogg.regionkronoberg.se\/trakutbildning\/wp-content\/uploads\/sites\/13\/2019\/02\/1060384-300x174.png 300w, https:\/\/blogg.regionkronoberg.se\/trakutbildning\/wp-content\/uploads\/sites\/13\/2019\/02\/1060384-150x87.png 150w\" sizes=\"(max-width: 640px) 100vw, 640px\" title=\"_1060384\" alt=\"\" \t\tclass=\"so-widget-image\"\/>\n\t<\/div>\n\n<\/div><\/div><\/div><div id=\"pgc-230-0-1\"  class=\"panel-grid-cell\" ><div id=\"panel-230-0-1-0\" class=\"so-panel widget widget_sow-editor panel-first-child panel-last-child\" data-index=\"1\" ><div\n\t\t\t\n\t\t\tclass=\"so-widget-sow-editor so-widget-sow-editor-base\"\n\t\t\t\n\t\t>\n<div class=\"siteorigin-widget-tinymce textwidget\">\n\t<p>Hostf\u00f6rm\u00e5gan p\u00e5verkas negativt av en trakealkanyl. Nedsatt hostkraft kan g\u00f6ra det sv\u00e5rt f\u00f6r patienten att f\u00e5 upp sekret som samlats i luftv\u00e4garna. Att l\u00e4ra sig s\u00e5 god hostteknik som m\u00f6jligt \u00e4r d\u00e4rf\u00f6r viktigt, sjukgymnasten \u00e4r specialist p\u00e5 detta.<br \/>\nMobilisering \u00e4r viktigt f\u00f6r patientens allm\u00e4nna tillst\u00e5nd men \u00e4ven f\u00f6r att l\u00e4ttare f\u00e5 upp slem. Bara genom att h\u00f6ja huvud\u00e4ndan p\u00e5 s\u00e4ngen kan man minska risken f\u00f6r lunginflammationer.<br \/>\nMotst\u00e5ndsandning via PEP-ventil kan f\u00f6rb\u00e4ttra ventilationen i lungorna och underl\u00e4tta att f\u00e5 upp sekret. Sjukgymnasten provar ut r\u00e4tt motst\u00e5nd om PEP-tr\u00e4ning \u00e4r aktuell.<br \/>\nVissa patienter har nedsatt hostkraft p\u00e5 grund av svaga muskler. De kan f\u00e5 hj\u00e4lp att f\u00e5 upp sekret med hj\u00e4lp av en hostmaskin. Den ordineras och provas ut individuellt av sjukgymnast.<\/p>\n<\/div>\n<\/div><\/div><\/div><\/div><\/div>","protected":false},"excerpt":{"rendered":"<p>Hostf\u00f6rm\u00e5gan p\u00e5verkas negativt av en trakealkanyl. Nedsatt hostkraft kan g\u00f6ra det sv\u00e5rt f\u00f6r patienten att f\u00e5 upp sekret som samlats i luftv\u00e4garna. Att l\u00e4ra sig s\u00e5 god hostteknik som m\u00f6jligt \u00e4r d\u00e4rf\u00f6r viktigt, sjukgymnasten \u00e4r specialist p\u00e5 detta. Mobilisering \u00e4r viktigt f\u00f6r patientens allm\u00e4nna tillst\u00e5nd men \u00e4ven f\u00f6r att l\u00e4ttare\u2026<\/p>\n<p> <a class=\"continue-reading-link\" href=\"https:\/\/blogg.regionkronoberg.se\/trakutbildning\/andningstraning\/\"><span>Continue reading<\/span><i class=\"crycon-right-dir\"><\/i><\/a> <\/p>\n","protected":false},"author":45,"featured_media":0,"parent":0,"menu_order":0,"comment_status":"closed","ping_status":"closed","template":"","meta":{"footnotes":""},"class_list":["post-230","page","type-page","status-publish","hentry"],"_links":{"self":[{"href":"https:\/\/blogg.regionkronoberg.se\/trakutbildning\/wp-json\/wp\/v2\/pages\/230","targetHints":{"allow":["GET"]}}],"collection":[{"href":"https:\/\/blogg.regionkronoberg.se\/trakutbildning\/wp-json\/wp\/v2\/pages"}],"about":[{"href":"https:\/\/blogg.regionkronoberg.se\/trakutbildning\/wp-json\/wp\/v2\/types\/page"}],"author":[{"embeddable":true,"href":"https:\/\/blogg.regionkronoberg.se\/trakutbildning\/wp-json\/wp\/v2\/users\/45"}],"replies":[{"embeddable":true,"href":"https:\/\/blogg.regionkronoberg.se\/trakutbildning\/wp-json\/wp\/v2\/comments?post=230"}],"version-history":[{"count":9,"href":"https:\/\/blogg.regionkronoberg.se\/trakutbildning\/wp-json\/wp\/v2\/pages\/230\/revisions"}],"predecessor-version":[{"id":1457,"href":"https:\/\/blogg.regionkronoberg.se\/trakutbildning\/wp-json\/wp\/v2\/pages\/230\/revisions\/1457"}],"wp:attachment":[{"href":"https:\/\/blogg.regionkronoberg.se\/trakutbildning\/wp-json\/wp\/v2\/media?parent=230"}],"curies":[{"name":"wp","href":"https:\/\/api.w.org\/{rel}","templated":true}]}}