{"id":227,"date":"2017-12-07T16:07:31","date_gmt":"2017-12-07T15:07:31","guid":{"rendered":"http:\/\/blogg.regionkronoberg.se\/trakutbildning\/?page_id=227"},"modified":"2019-09-11T10:50:50","modified_gmt":"2019-09-11T08:50:50","slug":"munvard-och-nutrition","status":"publish","type":"page","link":"https:\/\/blogg.regionkronoberg.se\/trakutbildning\/munvard-och-nutrition\/","title":{"rendered":"Munv\u00e5rd och nutrition"},"content":{"rendered":"<div id=\"pl-227\"  class=\"panel-layout\" ><div id=\"pg-227-0\"  class=\"panel-grid panel-no-style\" ><div id=\"pgc-227-0-0\"  class=\"panel-grid-cell\" ><div id=\"panel-227-0-0-0\" class=\"so-panel widget widget_sow-image panel-first-child panel-last-child\" data-index=\"0\" ><div\n\t\t\t\n\t\t\tclass=\"so-widget-sow-image so-widget-sow-image-default-8b5b6f678277-227\"\n\t\t\t\n\t\t>\n<div class=\"sow-image-container\">\n\t\t<img \n\tsrc=\"https:\/\/blogg.regionkronoberg.se\/trakutbildning\/wp-content\/uploads\/sites\/13\/2019\/02\/stef3.png\" width=\"640\" height=\"427\" srcset=\"https:\/\/blogg.regionkronoberg.se\/trakutbildning\/wp-content\/uploads\/sites\/13\/2019\/02\/stef3.png 640w, https:\/\/blogg.regionkronoberg.se\/trakutbildning\/wp-content\/uploads\/sites\/13\/2019\/02\/stef3-300x200.png 300w, https:\/\/blogg.regionkronoberg.se\/trakutbildning\/wp-content\/uploads\/sites\/13\/2019\/02\/stef3-150x100.png 150w, https:\/\/blogg.regionkronoberg.se\/trakutbildning\/wp-content\/uploads\/sites\/13\/2019\/02\/stef3-272x182.png 272w\" sizes=\"(max-width: 640px) 100vw, 640px\" alt=\"\" \t\tclass=\"so-widget-image\"\/>\n\t<\/div>\n\n<\/div><\/div><\/div><div id=\"pgc-227-0-1\"  class=\"panel-grid-cell\" ><div id=\"panel-227-0-1-0\" class=\"so-panel widget widget_sow-editor panel-first-child panel-last-child\" data-index=\"1\" ><div\n\t\t\t\n\t\t\tclass=\"so-widget-sow-editor so-widget-sow-editor-base\"\n\t\t\t\n\t\t>\n<div class=\"siteorigin-widget-tinymce textwidget\">\n\t<p><strong>Nutrition (mat)<\/strong><\/p>\n<p>Trakealkanylen hindrar vanligtvis inte patienten fr\u00e5n att \u00e4ta normalt. M\u00e5nga patienten kan b\u00f6rja \u00e4ta direkt postoperativt. F\u00f6r vissa patienter p\u00e5verkas sv\u00e4ljf\u00f6rm\u00e5gan negativt av kanylen, och f\u00f6rs\u00e4mras \u00e4nnu mer om kuffen \u00e4r uppbl\u00e5st.<\/p>\n<p>Patientens grundproblem avg\u00f6r om och vad patienten kan \u00e4ta och dricka. L\u00e4kare och logoped f\u00e5r d\u00e5 g\u00f6ra en individuell bed\u00f6mning.<\/p>\n<p>I v\u00e5r n\u00e4sa sitter luktsinnet vilket har stor betydelse f\u00f6r v\u00e5r smakupplevelse n\u00e4r vi \u00e4ter. Har patienten en trakealkanyl att andas i minskar d\u00e4rf\u00f6r b\u00e5de lukt och smaksinne.\u00a0Ett bra n\u00e4ringsintag \u00e4r viktigt f\u00f6r att uppr\u00e4tth\u00e5lla h\u00e4lsa.\u00a0T\u00e4nk p\u00e5 att l\u00e4gga extra tid s\u00e5 att m\u00e5ltider ser aptitliga ut.<\/p>\n<p>Vid sondmatning ska huvud\u00e4ndan vara h\u00f6jd till 30-45grader f\u00f6r att minska risken f\u00f6r lunginflammationer genom aspiration.<\/p>\n<\/div>\n<\/div><\/div><\/div><\/div><div id=\"pg-227-1\"  class=\"panel-grid panel-no-style\" ><div id=\"pgc-227-1-0\"  class=\"panel-grid-cell\" ><div id=\"panel-227-1-0-0\" class=\"so-panel widget widget_sow-image panel-first-child panel-last-child\" data-index=\"2\" ><div\n\t\t\t\n\t\t\tclass=\"so-widget-sow-image so-widget-sow-image-default-8b5b6f678277-227\"\n\t\t\t\n\t\t>\n<div class=\"sow-image-container\">\n\t\t<img \n\tsrc=\"https:\/\/blogg.regionkronoberg.se\/trakutbildning\/wp-content\/uploads\/sites\/13\/2019\/02\/1060378-NY-Utan-l\u00f1ppcerat.png\" width=\"589\" height=\"480\" srcset=\"https:\/\/blogg.regionkronoberg.se\/trakutbildning\/wp-content\/uploads\/sites\/13\/2019\/02\/1060378-NY-Utan-l\u00f1ppcerat.png 589w, https:\/\/blogg.regionkronoberg.se\/trakutbildning\/wp-content\/uploads\/sites\/13\/2019\/02\/1060378-NY-Utan-l\u00f1ppcerat-300x244.png 300w, https:\/\/blogg.regionkronoberg.se\/trakutbildning\/wp-content\/uploads\/sites\/13\/2019\/02\/1060378-NY-Utan-l\u00f1ppcerat-150x122.png 150w\" sizes=\"(max-width: 589px) 100vw, 589px\" title=\"_1060378-NY-Utan l+\u00f1ppcerat\" alt=\"\" \t\tclass=\"so-widget-image\"\/>\n\t<\/div>\n\n<\/div><\/div><\/div><div id=\"pgc-227-1-1\"  class=\"panel-grid-cell\" ><div id=\"panel-227-1-1-0\" class=\"so-panel widget widget_sow-editor panel-first-child panel-last-child\" data-index=\"3\" ><div\n\t\t\t\n\t\t\tclass=\"so-widget-sow-editor so-widget-sow-editor-base\"\n\t\t\t\n\t\t>\n<div class=\"siteorigin-widget-tinymce textwidget\">\n\t<p><strong>Munv\u00e5rd<\/strong><\/p>\n<p>N\u00e4r patienten andas genom trakealkanylen blir det l\u00e4tt torrt i munnen.<\/p>\n<p>Muntorrhet kan leda till besv\u00e4r som svamp och karies.<\/p>\n<p>D\u00e5 saliv till viss del kan rinna f\u00f6rbi \u00e4ven en uppbl\u00e5st kuff \u00e4r det viktigt att h\u00e5lla saliven och munnen s\u00e5 ren som m\u00f6jligt f\u00f6r att f\u00f6rebygga lunginflammationer.<\/p>\n<p>Munv\u00e5rd med antibakteriell munl\u00f6sning rekomenderas tv\u00e5 g\u00e5nger per dag.<\/p>\n<\/div>\n<\/div><\/div><\/div><\/div><\/div>","protected":false},"excerpt":{"rendered":"<p>Nutrition (mat) Trakealkanylen hindrar vanligtvis inte patienten fr\u00e5n att \u00e4ta normalt. M\u00e5nga patienten kan b\u00f6rja \u00e4ta direkt postoperativt. F\u00f6r vissa patienter p\u00e5verkas sv\u00e4ljf\u00f6rm\u00e5gan negativt av kanylen, och f\u00f6rs\u00e4mras \u00e4nnu mer om kuffen \u00e4r uppbl\u00e5st. Patientens grundproblem avg\u00f6r om och vad patienten kan \u00e4ta och dricka. L\u00e4kare och logoped f\u00e5r d\u00e5\u2026<\/p>\n<p> <a class=\"continue-reading-link\" href=\"https:\/\/blogg.regionkronoberg.se\/trakutbildning\/munvard-och-nutrition\/\"><span>Continue reading<\/span><i class=\"crycon-right-dir\"><\/i><\/a> <\/p>\n","protected":false},"author":45,"featured_media":0,"parent":0,"menu_order":0,"comment_status":"closed","ping_status":"closed","template":"","meta":{"footnotes":""},"class_list":["post-227","page","type-page","status-publish","hentry"],"_links":{"self":[{"href":"https:\/\/blogg.regionkronoberg.se\/trakutbildning\/wp-json\/wp\/v2\/pages\/227","targetHints":{"allow":["GET"]}}],"collection":[{"href":"https:\/\/blogg.regionkronoberg.se\/trakutbildning\/wp-json\/wp\/v2\/pages"}],"about":[{"href":"https:\/\/blogg.regionkronoberg.se\/trakutbildning\/wp-json\/wp\/v2\/types\/page"}],"author":[{"embeddable":true,"href":"https:\/\/blogg.regionkronoberg.se\/trakutbildning\/wp-json\/wp\/v2\/users\/45"}],"replies":[{"embeddable":true,"href":"https:\/\/blogg.regionkronoberg.se\/trakutbildning\/wp-json\/wp\/v2\/comments?post=227"}],"version-history":[{"count":23,"href":"https:\/\/blogg.regionkronoberg.se\/trakutbildning\/wp-json\/wp\/v2\/pages\/227\/revisions"}],"predecessor-version":[{"id":1635,"href":"https:\/\/blogg.regionkronoberg.se\/trakutbildning\/wp-json\/wp\/v2\/pages\/227\/revisions\/1635"}],"wp:attachment":[{"href":"https:\/\/blogg.regionkronoberg.se\/trakutbildning\/wp-json\/wp\/v2\/media?parent=227"}],"curies":[{"name":"wp","href":"https:\/\/api.w.org\/{rel}","templated":true}]}}