{"id":224,"date":"2017-12-07T16:07:08","date_gmt":"2017-12-07T15:07:08","guid":{"rendered":"http:\/\/blogg.regionkronoberg.se\/trakutbildning\/?page_id=224"},"modified":"2019-02-18T11:53:01","modified_gmt":"2019-02-18T10:53:01","slug":"kommunikation-talventil","status":"publish","type":"page","link":"https:\/\/blogg.regionkronoberg.se\/trakutbildning\/kommunikation-talventil\/","title":{"rendered":"Kommunikation\/ Talventil"},"content":{"rendered":"<div id=\"pl-224\"  class=\"panel-layout\" ><div id=\"pg-224-0\"  class=\"panel-grid panel-no-style\" ><div id=\"pgc-224-0-0\"  class=\"panel-grid-cell\" ><div id=\"panel-224-0-0-0\" class=\"so-panel widget widget_sow-editor panel-first-child panel-last-child\" data-index=\"0\" ><div\n\t\t\t\n\t\t\tclass=\"so-widget-sow-editor so-widget-sow-editor-base\"\n\t\t\t\n\t\t>\n<div class=\"siteorigin-widget-tinymce textwidget\">\n\t<p>Att f\u00e5 en trakealkanyl inneb\u00e4r att patientens f\u00f6rm\u00e5ga att tala f\u00f6rsvinner eller kraftigt f\u00f6rs\u00e4mras. D\u00e4rmed \u00e4r det sv\u00e5rt att prata, men \u00e4ven ljudet vid skratt och gr\u00e5t p\u00e5verkas. Att hj\u00e4lpa patienten att kommunicera \u00e4r otroligt viktigt f\u00f6r livskvalit\u00e9n.<\/p>\n<p>Flera olika s\u00e4tt finns f\u00f6r att f\u00f6rs\u00f6ka ge patienten ett s\u00e5 bra tal som m\u00f6jligt, det finns \u00e4ven en m\u00e4ngd kommunikationshj\u00e4lpmedel att ta hj\u00e4lp av. Logopeder \u00e4r experter p\u00e5 tal och sv\u00e4ljning.<\/p>\n<\/div>\n<\/div><\/div><\/div><\/div><div id=\"pg-224-1\"  class=\"panel-grid panel-no-style\" ><div id=\"pgc-224-1-0\"  class=\"panel-grid-cell\" ><div id=\"panel-224-1-0-0\" class=\"so-panel widget widget_sow-image panel-first-child\" data-index=\"1\" ><div\n\t\t\t\n\t\t\tclass=\"so-widget-sow-image so-widget-sow-image-default-8b5b6f678277-224\"\n\t\t\t\n\t\t>\n<div class=\"sow-image-container\">\n\t\t<img \n\tsrc=\"https:\/\/blogg.regionkronoberg.se\/trakutbildning\/wp-content\/uploads\/sites\/13\/2019\/02\/1060268.png\" width=\"640\" height=\"360\" srcset=\"https:\/\/blogg.regionkronoberg.se\/trakutbildning\/wp-content\/uploads\/sites\/13\/2019\/02\/1060268.png 640w, https:\/\/blogg.regionkronoberg.se\/trakutbildning\/wp-content\/uploads\/sites\/13\/2019\/02\/1060268-300x169.png 300w, https:\/\/blogg.regionkronoberg.se\/trakutbildning\/wp-content\/uploads\/sites\/13\/2019\/02\/1060268-150x84.png 150w\" sizes=\"(max-width: 640px) 100vw, 640px\" title=\"_1060268\" alt=\"\" \t\tclass=\"so-widget-image\"\/>\n\t<\/div>\n\n<\/div><\/div><div id=\"panel-224-1-0-1\" class=\"so-panel widget widget_sow-image panel-last-child\" data-index=\"2\" ><div\n\t\t\t\n\t\t\tclass=\"so-widget-sow-image so-widget-sow-image-default-8b5b6f678277-224\"\n\t\t\t\n\t\t>\n<div class=\"sow-image-container\">\n\t\t<img \n\tsrc=\"https:\/\/blogg.regionkronoberg.se\/trakutbildning\/wp-content\/uploads\/sites\/13\/2019\/01\/1060268b.jpg\" width=\"646\" height=\"422\" srcset=\"https:\/\/blogg.regionkronoberg.se\/trakutbildning\/wp-content\/uploads\/sites\/13\/2019\/01\/1060268b.jpg 646w, https:\/\/blogg.regionkronoberg.se\/trakutbildning\/wp-content\/uploads\/sites\/13\/2019\/01\/1060268b-300x196.jpg 300w, https:\/\/blogg.regionkronoberg.se\/trakutbildning\/wp-content\/uploads\/sites\/13\/2019\/01\/1060268b-150x98.jpg 150w\" sizes=\"(max-width: 646px) 100vw, 646px\" title=\"_1060268b\" alt=\"\" \t\tclass=\"so-widget-image\"\/>\n\t<\/div>\n\n<\/div><\/div><\/div><div id=\"pgc-224-1-1\"  class=\"panel-grid-cell\" ><div id=\"panel-224-1-1-0\" class=\"so-panel widget widget_sow-editor panel-first-child\" data-index=\"3\" ><div\n\t\t\t\n\t\t\tclass=\"so-widget-sow-editor so-widget-sow-editor-base\"\n\t\t\t\n\t\t>\n<div class=\"siteorigin-widget-tinymce textwidget\">\n\t<p><strong>Talventil<\/strong><\/p>\n<p>En talventil \u00e4r en env\u00e4gsventil. Luften andas in genom talventilen men kan inte komma ut. Luften m\u00e5ste ta en annan v\u00e4g ut, f\u00f6rbi st\u00e4mbanden och ut genom munnen. N\u00e4r luften passerar st\u00e4mbanden kan vi skapa ljud och tal. En f\u00f6ruts\u00e4ttning f\u00f6r att talventilen ska fungera \u00e4r att det \u00e4r fri passage upp mot svalget, dvs patienten f\u00e5r inte ha n\u00e5got hinder i luftv\u00e4garna eller n\u00e5gon uppbl\u00e5st kuff! Talventil f\u00e5r bara anv\u00e4ndas om en l\u00e4kare godk\u00e4nt det.<\/p>\n<\/div>\n<\/div><\/div><div id=\"panel-224-1-1-1\" class=\"so-panel widget widget_sow-editor panel-last-child\" data-index=\"4\" ><div\n\t\t\t\n\t\t\tclass=\"so-widget-sow-editor so-widget-sow-editor-base\"\n\t\t\t\n\t\t>\n<div class=\"siteorigin-widget-tinymce textwidget\">\n\t<p>Talventilen ger ett \u00f6kat motst\u00e5nd i andningen och kan vara jobbig f\u00f6r patienten. Till en b\u00f6rjan f\u00e5r patienten ha den korta stunder, f\u00f6r att sedan kunna \u00f6ka upp tiden n\u00e4r patienten vant sig och orkar med det. L\u00e4mna inte ensam med talventil i b\u00f6rjan. Blir andningen anstr\u00e4ngd m\u00e5ste talventilen tas bort!<br \/>\nStanna alltid kvar en stund efter talventil satts p\u00e5 s\u00e5 att man ser att patienten orkar andas med den p\u00e5. Talventil f\u00e5r bara anv\u00e4ndas p\u00e5 patienter i vaket tillst\u00e5nd, och bara p\u00e5 l\u00e4karordination.<\/p>\n<p>Hostf\u00f6rm\u00e5gan \u00f6kar n\u00e4r talventilen sitter p\u00e5. \u00c4ven sv\u00e4ljf\u00f6rm\u00e5gan \u00f6kar och lukt och smaksinnet f\u00f6rb\u00e4ttras. P\u00e5 s\u00e5 s\u00e4tt kan den \u00f6ka livskvalit\u00e9n f\u00f6r patienten.<\/p>\n<p>&nbsp;<\/p>\n<p>&nbsp;<\/p>\n<\/div>\n<\/div><\/div><\/div><\/div><div id=\"pg-224-2\"  class=\"panel-grid panel-no-style\" ><div id=\"pgc-224-2-0\"  class=\"panel-grid-cell\" ><div id=\"panel-224-2-0-0\" class=\"so-panel widget widget_sow-image panel-first-child panel-last-child\" data-index=\"5\" ><div\n\t\t\t\n\t\t\tclass=\"so-widget-sow-image so-widget-sow-image-default-8b5b6f678277-224\"\n\t\t\t\n\t\t>\n<div class=\"sow-image-container\">\n\t\t<img \n\tsrc=\"https:\/\/blogg.regionkronoberg.se\/trakutbildning\/wp-content\/uploads\/sites\/13\/2019\/01\/talventil.jpg\" width=\"646\" height=\"363\" srcset=\"https:\/\/blogg.regionkronoberg.se\/trakutbildning\/wp-content\/uploads\/sites\/13\/2019\/01\/talventil.jpg 646w, https:\/\/blogg.regionkronoberg.se\/trakutbildning\/wp-content\/uploads\/sites\/13\/2019\/01\/talventil-300x169.jpg 300w, https:\/\/blogg.regionkronoberg.se\/trakutbildning\/wp-content\/uploads\/sites\/13\/2019\/01\/talventil-150x84.jpg 150w\" sizes=\"(max-width: 646px) 100vw, 646px\" alt=\"\" \t\tclass=\"so-widget-image\"\/>\n\t<\/div>\n\n<\/div><\/div><\/div><div id=\"pgc-224-2-1\"  class=\"panel-grid-cell\" ><div id=\"panel-224-2-1-0\" class=\"so-panel widget widget_sow-editor panel-first-child panel-last-child\" data-index=\"6\" ><div\n\t\t\t\n\t\t\tclass=\"so-widget-sow-editor so-widget-sow-editor-base\"\n\t\t\t\n\t\t>\n<div class=\"siteorigin-widget-tinymce textwidget\">\n\t<p>Risken f\u00f6r f\u00f6rv\u00e4xling mellan fukt\/v\u00e4rmev\u00e4xlare och talventil \u00e4r stor! D\u00e4rf\u00f6r finns ett utropstecken p\u00e5 talventiler.\u00a0(se bilderna till v\u00e4nster)<\/p>\n<p>I\u00a0 sjukhusv\u00e5rd anv\u00e4nds endast rosa talventiler f\u00f6r att minska f\u00f6rv\u00e4xlingsrisken.<\/p>\n<p><strong>N\u00e4r talventil s\u00e4tts p\u00e5 en kanyl m\u00e5ste kuffen alltid kontrolleras s\u00e5 den \u00e4r helt tom! Talventil och uppbl\u00e5st kuff \u00e4r LIVSFARA f\u00f6r patienten!!!<\/strong><\/p>\n<\/div>\n<\/div><\/div><\/div><\/div><div id=\"pg-224-3\"  class=\"panel-grid panel-no-style\" ><div id=\"pgc-224-3-0\"  class=\"panel-grid-cell\" ><div id=\"panel-224-3-0-0\" class=\"so-panel widget widget_sow-image panel-first-child panel-last-child\" data-index=\"7\" ><div\n\t\t\t\n\t\t\tclass=\"so-widget-sow-image so-widget-sow-image-default-8b5b6f678277-224\"\n\t\t\t\n\t\t>\n<div class=\"sow-image-container\">\n\t\t<img \n\tsrc=\"https:\/\/blogg.regionkronoberg.se\/trakutbildning\/wp-content\/uploads\/sites\/13\/2019\/02\/1060061.png\" width=\"640\" height=\"360\" srcset=\"https:\/\/blogg.regionkronoberg.se\/trakutbildning\/wp-content\/uploads\/sites\/13\/2019\/02\/1060061.png 640w, https:\/\/blogg.regionkronoberg.se\/trakutbildning\/wp-content\/uploads\/sites\/13\/2019\/02\/1060061-300x169.png 300w, https:\/\/blogg.regionkronoberg.se\/trakutbildning\/wp-content\/uploads\/sites\/13\/2019\/02\/1060061-150x84.png 150w\" sizes=\"(max-width: 640px) 100vw, 640px\" title=\"_1060061\" alt=\"\" \t\tclass=\"so-widget-image\"\/>\n\t<\/div>\n\n<\/div><\/div><\/div><div id=\"pgc-224-3-1\"  class=\"panel-grid-cell\" ><div id=\"panel-224-3-1-0\" class=\"so-panel widget widget_sow-editor panel-first-child panel-last-child\" data-index=\"8\" ><div\n\t\t\t\n\t\t\tclass=\"so-widget-sow-editor so-widget-sow-editor-base\"\n\t\t\t\n\t\t>\n<div class=\"siteorigin-widget-tinymce textwidget\">\n\t<p><strong>Reng\u00f6ring talventil<\/strong><br \/>\nReng\u00f6rs dagligen i ljummet vatten och diskmedel, filtret byts dagligen och vid behov. Hela talventilen byts en g\u00e5ng i veckan.<\/p>\n<\/div>\n<\/div><\/div><\/div><\/div><div id=\"pg-224-4\"  class=\"panel-grid panel-no-style\" ><div id=\"pgc-224-4-0\"  class=\"panel-grid-cell panel-grid-cell-mobile-last\" ><div id=\"panel-224-4-0-0\" class=\"so-panel widget widget_sow-editor panel-first-child panel-last-child\" data-index=\"9\" ><div\n\t\t\t\n\t\t\tclass=\"so-widget-sow-editor so-widget-sow-editor-base\"\n\t\t\t\n\t\t>\n<div class=\"siteorigin-widget-tinymce textwidget\">\n\t<\/div>\n<\/div><\/div><\/div><div id=\"pgc-224-4-1\"  class=\"panel-grid-cell panel-grid-cell-empty\" ><\/div><\/div><\/div>","protected":false},"excerpt":{"rendered":"<p>Att f\u00e5 en trakealkanyl inneb\u00e4r att patientens f\u00f6rm\u00e5ga att tala f\u00f6rsvinner eller kraftigt f\u00f6rs\u00e4mras. D\u00e4rmed \u00e4r det sv\u00e5rt att prata, men \u00e4ven ljudet vid skratt och gr\u00e5t p\u00e5verkas. Att hj\u00e4lpa patienten att kommunicera \u00e4r otroligt viktigt f\u00f6r livskvalit\u00e9n. Flera olika s\u00e4tt finns f\u00f6r att f\u00f6rs\u00f6ka ge patienten ett s\u00e5 bra\u2026<\/p>\n<p> <a class=\"continue-reading-link\" href=\"https:\/\/blogg.regionkronoberg.se\/trakutbildning\/kommunikation-talventil\/\"><span>Continue reading<\/span><i class=\"crycon-right-dir\"><\/i><\/a> <\/p>\n","protected":false},"author":45,"featured_media":0,"parent":0,"menu_order":0,"comment_status":"closed","ping_status":"closed","template":"","meta":{"footnotes":""},"class_list":["post-224","page","type-page","status-publish","hentry"],"_links":{"self":[{"href":"https:\/\/blogg.regionkronoberg.se\/trakutbildning\/wp-json\/wp\/v2\/pages\/224","targetHints":{"allow":["GET"]}}],"collection":[{"href":"https:\/\/blogg.regionkronoberg.se\/trakutbildning\/wp-json\/wp\/v2\/pages"}],"about":[{"href":"https:\/\/blogg.regionkronoberg.se\/trakutbildning\/wp-json\/wp\/v2\/types\/page"}],"author":[{"embeddable":true,"href":"https:\/\/blogg.regionkronoberg.se\/trakutbildning\/wp-json\/wp\/v2\/users\/45"}],"replies":[{"embeddable":true,"href":"https:\/\/blogg.regionkronoberg.se\/trakutbildning\/wp-json\/wp\/v2\/comments?post=224"}],"version-history":[{"count":51,"href":"https:\/\/blogg.regionkronoberg.se\/trakutbildning\/wp-json\/wp\/v2\/pages\/224\/revisions"}],"predecessor-version":[{"id":1482,"href":"https:\/\/blogg.regionkronoberg.se\/trakutbildning\/wp-json\/wp\/v2\/pages\/224\/revisions\/1482"}],"wp:attachment":[{"href":"https:\/\/blogg.regionkronoberg.se\/trakutbildning\/wp-json\/wp\/v2\/media?parent=224"}],"curies":[{"name":"wp","href":"https:\/\/api.w.org\/{rel}","templated":true}]}}