{"id":221,"date":"2017-12-07T16:06:40","date_gmt":"2017-12-07T15:06:40","guid":{"rendered":"http:\/\/blogg.regionkronoberg.se\/trakutbildning\/?page_id=221"},"modified":"2019-02-18T16:35:40","modified_gmt":"2019-02-18T15:35:40","slug":"befuktning","status":"publish","type":"page","link":"https:\/\/blogg.regionkronoberg.se\/trakutbildning\/befuktning\/","title":{"rendered":"Befuktning"},"content":{"rendered":"<div id=\"pl-221\"  class=\"panel-layout\" ><div id=\"pg-221-0\"  class=\"panel-grid panel-no-style\" ><div id=\"pgc-221-0-0\"  class=\"panel-grid-cell\" ><div id=\"panel-221-0-0-0\" class=\"so-panel widget widget_sow-image panel-first-child panel-last-child\" data-index=\"0\" ><div\n\t\t\t\n\t\t\tclass=\"so-widget-sow-image so-widget-sow-image-default-8b5b6f678277-221\"\n\t\t\t\n\t\t>\n<div class=\"sow-image-container\">\n\t\t<img \n\tsrc=\"https:\/\/blogg.regionkronoberg.se\/trakutbildning\/wp-content\/uploads\/sites\/13\/2019\/02\/1060177.png\" width=\"640\" height=\"360\" srcset=\"https:\/\/blogg.regionkronoberg.se\/trakutbildning\/wp-content\/uploads\/sites\/13\/2019\/02\/1060177.png 640w, https:\/\/blogg.regionkronoberg.se\/trakutbildning\/wp-content\/uploads\/sites\/13\/2019\/02\/1060177-300x169.png 300w, https:\/\/blogg.regionkronoberg.se\/trakutbildning\/wp-content\/uploads\/sites\/13\/2019\/02\/1060177-150x84.png 150w\" sizes=\"(max-width: 640px) 100vw, 640px\" title=\"_1060177\" alt=\"\" \t\tclass=\"so-widget-image\"\/>\n\t<\/div>\n\n<\/div><\/div><\/div><div id=\"pgc-221-0-1\"  class=\"panel-grid-cell\" ><div id=\"panel-221-0-1-0\" class=\"so-panel widget widget_sow-editor panel-first-child panel-last-child\" data-index=\"1\" ><div\n\t\t\t\n\t\t\tclass=\"so-widget-sow-editor so-widget-sow-editor-base\"\n\t\t\t\n\t\t>\n<div class=\"siteorigin-widget-tinymce textwidget\">\n\t<p>En patient med trakeostomi andas direkt genom sin trakealkanyl. De \u00f6vre luftv\u00e4garna anv\u00e4nds inte och d\u00e4rmed patienten f\u00f6rlorat sin naturliga befuktning via mun och n\u00e4sa. F\u00f6r att luftv\u00e4garna inte ska skadas av den torra luften m\u00e5ste detta kompenseras.<\/p>\n<p>Befuktning \u00e4r n\u00f6dv\u00e4ndigt f\u00f6r att undvika komplikationer i form av sekretproppar och torra l\u00e4ttbl\u00f6dande slemhinnor.<\/p>\n<\/div>\n<\/div><\/div><\/div><\/div><div id=\"pg-221-1\"  class=\"panel-grid panel-no-style\" ><div id=\"pgc-221-1-0\"  class=\"panel-grid-cell\" ><div id=\"panel-221-1-0-0\" class=\"so-panel widget widget_sow-image panel-first-child panel-last-child\" data-index=\"2\" ><div\n\t\t\t\n\t\t\tclass=\"so-widget-sow-image so-widget-sow-image-default-8b5b6f678277-221\"\n\t\t\t\n\t\t>\n<div class=\"sow-image-container\">\n\t\t<img \n\tsrc=\"https:\/\/blogg.regionkronoberg.se\/trakutbildning\/wp-content\/uploads\/sites\/13\/2019\/02\/1060013b.png\" width=\"640\" height=\"325\" srcset=\"https:\/\/blogg.regionkronoberg.se\/trakutbildning\/wp-content\/uploads\/sites\/13\/2019\/02\/1060013b.png 640w, https:\/\/blogg.regionkronoberg.se\/trakutbildning\/wp-content\/uploads\/sites\/13\/2019\/02\/1060013b-300x152.png 300w, https:\/\/blogg.regionkronoberg.se\/trakutbildning\/wp-content\/uploads\/sites\/13\/2019\/02\/1060013b-150x76.png 150w\" sizes=\"(max-width: 640px) 100vw, 640px\" title=\"_1060013b\" alt=\"\" \t\tclass=\"so-widget-image\"\/>\n\t<\/div>\n\n<\/div><\/div><\/div><div id=\"pgc-221-1-1\"  class=\"panel-grid-cell\" ><div id=\"panel-221-1-1-0\" class=\"so-panel widget widget_sow-editor panel-first-child panel-last-child\" data-index=\"3\" ><div\n\t\t\t\n\t\t\tclass=\"so-widget-sow-editor so-widget-sow-editor-base\"\n\t\t\t\n\t\t>\n<div class=\"siteorigin-widget-tinymce textwidget\">\n\t<p><strong>Fukt\/v\u00e4rmev\u00e4xlare <\/strong><\/p>\n<p>Patienten ska alltid ha en fukt\/v\u00e4rmev\u00e4xlare p\u00e5 sin kanyl. Det \u00e4r ett filter som s\u00e4tts p\u00e5 kanylens krage som till viss del ers\u00e4tter v\u00e5r vanliga n\u00e4sa, fukt\/v\u00e4rmev\u00e4xlare kallas i dagligt tal f\u00f6r \u201dn\u00e4sa\u201d. Luften renas, fuktas och v\u00e4rms genom filtret n\u00e4r patienten andas in.<\/p>\n<p>Luften vi andas ut inneh\u00e5ller fukt. Det ser vi n\u00e4r vi andas mot en spegel, d\u00e5 blir det imma. N\u00e4r patienten andas ut fastnar fukten i filtret, d\u00e4r fuktar den sedan den luft som andas in vid n\u00e4sta andetag. P\u00e5 s\u00e5 s\u00e4tt \u00e5teranv\u00e4nder den patientens egen fukt.<\/p>\n<\/div>\n<\/div><\/div><\/div><\/div><div id=\"pg-221-2\"  class=\"panel-grid panel-no-style\" ><div id=\"pgc-221-2-0\"  class=\"panel-grid-cell\" ><div id=\"panel-221-2-0-0\" class=\"so-panel widget widget_sow-image panel-first-child panel-last-child\" data-index=\"4\" ><div\n\t\t\t\n\t\t\tclass=\"so-widget-sow-image so-widget-sow-image-default-8b5b6f678277-221\"\n\t\t\t\n\t\t>\n<div class=\"sow-image-container\">\n\t\t<img \n\tsrc=\"https:\/\/blogg.regionkronoberg.se\/trakutbildning\/wp-content\/uploads\/sites\/13\/2019\/02\/1060182.png\" width=\"640\" height=\"360\" srcset=\"https:\/\/blogg.regionkronoberg.se\/trakutbildning\/wp-content\/uploads\/sites\/13\/2019\/02\/1060182.png 640w, https:\/\/blogg.regionkronoberg.se\/trakutbildning\/wp-content\/uploads\/sites\/13\/2019\/02\/1060182-300x169.png 300w, https:\/\/blogg.regionkronoberg.se\/trakutbildning\/wp-content\/uploads\/sites\/13\/2019\/02\/1060182-150x84.png 150w\" sizes=\"(max-width: 640px) 100vw, 640px\" title=\"_1060182\" alt=\"\" \t\tclass=\"so-widget-image\"\/>\n\t<\/div>\n\n<\/div><\/div><\/div><div id=\"pgc-221-2-1\"  class=\"panel-grid-cell\" ><div id=\"panel-221-2-1-0\" class=\"so-panel widget widget_sow-editor panel-first-child panel-last-child\" data-index=\"5\" ><div\n\t\t\t\n\t\t\tclass=\"so-widget-sow-editor so-widget-sow-editor-base\"\n\t\t\t\n\t\t>\n<div class=\"siteorigin-widget-tinymce textwidget\">\n\t<p><strong>Inhalation<\/strong><\/p>\n<p>Fukt\/v\u00e4rmev\u00e4xlaren fuktar bara till viss del. Inhalation med NaCl (Natriumklorid\/koksalt) \u00e4r det mest effektiva s\u00e4ttet att fukta luftv\u00e4garna och underl\u00e4tta transporten av sekret.<\/p>\n<p>Patienten beh\u00f6ver inhalera regelbundet, g\u00e4rna fyra till sex g\u00e5nger per dygn. Vid infektioner och segt sekret kan inhalationer med NaCl \u00f6kas tillf\u00e4lligt.<\/p>\n<\/div>\n<\/div><\/div><\/div><\/div><div id=\"pg-221-3\"  class=\"panel-grid panel-no-style\" ><div id=\"pgc-221-3-0\"  class=\"panel-grid-cell\" ><div id=\"panel-221-3-0-0\" class=\"so-panel widget widget_sow-image panel-first-child panel-last-child\" data-index=\"6\" ><div\n\t\t\t\n\t\t\tclass=\"so-widget-sow-image so-widget-sow-image-default-8b5b6f678277-221\"\n\t\t\t\n\t\t>\n<div class=\"sow-image-container\">\n\t\t<img \n\tsrc=\"https:\/\/blogg.regionkronoberg.se\/trakutbildning\/wp-content\/uploads\/sites\/13\/2019\/02\/1060185.png\" width=\"640\" height=\"360\" srcset=\"https:\/\/blogg.regionkronoberg.se\/trakutbildning\/wp-content\/uploads\/sites\/13\/2019\/02\/1060185.png 640w, https:\/\/blogg.regionkronoberg.se\/trakutbildning\/wp-content\/uploads\/sites\/13\/2019\/02\/1060185-300x169.png 300w, https:\/\/blogg.regionkronoberg.se\/trakutbildning\/wp-content\/uploads\/sites\/13\/2019\/02\/1060185-150x84.png 150w\" sizes=\"(max-width: 640px) 100vw, 640px\" title=\"_1060185\" alt=\"\" \t\tclass=\"so-widget-image\"\/>\n\t<\/div>\n\n<\/div><\/div><\/div><div id=\"pgc-221-3-1\"  class=\"panel-grid-cell\" ><div id=\"panel-221-3-1-0\" class=\"so-panel widget widget_sow-editor panel-first-child panel-last-child\" data-index=\"7\" ><div\n\t\t\t\n\t\t\tclass=\"so-widget-sow-editor so-widget-sow-editor-base\"\n\t\t\t\n\t\t>\n<div class=\"siteorigin-widget-tinymce textwidget\">\n\t<p><strong>Instillation <\/strong><\/p>\n<p>Om NaCl (Natriumklorid \/koksalt) droppas direkt ner i trakealkanylen skapas en kraftig hostreflex.<\/p>\n<p>Vissa patienter droppar ner NaCl regelbundet flera g\u00e5nger per dag f\u00f6r att hosta upp slem, men det ska bara ges regelbundet om l\u00e4kare ordinerat det. Det kan ges till alla patienter i ett akutl\u00e4ge.<\/p>\n<\/div>\n<\/div><\/div><\/div><\/div><\/div>","protected":false},"excerpt":{"rendered":"<p>En patient med trakeostomi andas direkt genom sin trakealkanyl. De \u00f6vre luftv\u00e4garna anv\u00e4nds inte och d\u00e4rmed patienten f\u00f6rlorat sin naturliga befuktning via mun och n\u00e4sa. F\u00f6r att luftv\u00e4garna inte ska skadas av den torra luften m\u00e5ste detta kompenseras. Befuktning \u00e4r n\u00f6dv\u00e4ndigt f\u00f6r att undvika komplikationer i form av sekretproppar och\u2026<\/p>\n<p> <a class=\"continue-reading-link\" href=\"https:\/\/blogg.regionkronoberg.se\/trakutbildning\/befuktning\/\"><span>Continue reading<\/span><i class=\"crycon-right-dir\"><\/i><\/a> <\/p>\n","protected":false},"author":45,"featured_media":0,"parent":0,"menu_order":0,"comment_status":"closed","ping_status":"closed","template":"","meta":{"footnotes":""},"class_list":["post-221","page","type-page","status-publish","hentry"],"_links":{"self":[{"href":"https:\/\/blogg.regionkronoberg.se\/trakutbildning\/wp-json\/wp\/v2\/pages\/221","targetHints":{"allow":["GET"]}}],"collection":[{"href":"https:\/\/blogg.regionkronoberg.se\/trakutbildning\/wp-json\/wp\/v2\/pages"}],"about":[{"href":"https:\/\/blogg.regionkronoberg.se\/trakutbildning\/wp-json\/wp\/v2\/types\/page"}],"author":[{"embeddable":true,"href":"https:\/\/blogg.regionkronoberg.se\/trakutbildning\/wp-json\/wp\/v2\/users\/45"}],"replies":[{"embeddable":true,"href":"https:\/\/blogg.regionkronoberg.se\/trakutbildning\/wp-json\/wp\/v2\/comments?post=221"}],"version-history":[{"count":17,"href":"https:\/\/blogg.regionkronoberg.se\/trakutbildning\/wp-json\/wp\/v2\/pages\/221\/revisions"}],"predecessor-version":[{"id":1539,"href":"https:\/\/blogg.regionkronoberg.se\/trakutbildning\/wp-json\/wp\/v2\/pages\/221\/revisions\/1539"}],"wp:attachment":[{"href":"https:\/\/blogg.regionkronoberg.se\/trakutbildning\/wp-json\/wp\/v2\/media?parent=221"}],"curies":[{"name":"wp","href":"https:\/\/api.w.org\/{rel}","templated":true}]}}