{"id":218,"date":"2017-12-07T16:06:23","date_gmt":"2017-12-07T15:06:23","guid":{"rendered":"http:\/\/blogg.regionkronoberg.se\/trakutbildning\/?page_id=218"},"modified":"2024-02-13T13:15:44","modified_gmt":"2024-02-13T12:15:44","slug":"rengoring-av-innerkanyl","status":"publish","type":"page","link":"https:\/\/blogg.regionkronoberg.se\/trakutbildning\/rengoring-av-innerkanyl\/","title":{"rendered":"Reng\u00f6ring av innerkanyl"},"content":{"rendered":"<div id=\"pl-218\"  class=\"panel-layout\" ><div id=\"pg-218-0\"  class=\"panel-grid panel-no-style\" ><div id=\"pgc-218-0-0\"  class=\"panel-grid-cell\" ><div id=\"panel-218-0-0-0\" class=\"so-panel widget widget_sow-image panel-first-child panel-last-child\" data-index=\"0\" ><div\n\t\t\t\n\t\t\tclass=\"so-widget-sow-image so-widget-sow-image-default-8b5b6f678277-218\"\n\t\t\t\n\t\t>\n<div class=\"sow-image-container\">\n\t\t<img \n\tsrc=\"https:\/\/blogg.regionkronoberg.se\/trakutbildning\/wp-content\/uploads\/sites\/13\/2019\/02\/1060097.png\" width=\"640\" height=\"360\" srcset=\"https:\/\/blogg.regionkronoberg.se\/trakutbildning\/wp-content\/uploads\/sites\/13\/2019\/02\/1060097.png 640w, https:\/\/blogg.regionkronoberg.se\/trakutbildning\/wp-content\/uploads\/sites\/13\/2019\/02\/1060097-300x169.png 300w, https:\/\/blogg.regionkronoberg.se\/trakutbildning\/wp-content\/uploads\/sites\/13\/2019\/02\/1060097-150x84.png 150w\" sizes=\"(max-width: 640px) 100vw, 640px\" title=\"_1060097\" alt=\"\" \t\tclass=\"so-widget-image\"\/>\n\t<\/div>\n\n<\/div><\/div><\/div><div id=\"pgc-218-0-1\"  class=\"panel-grid-cell\" ><div id=\"panel-218-0-1-0\" class=\"so-panel widget widget_sow-editor panel-first-child panel-last-child\" data-index=\"1\" ><div\n\t\t\t\n\t\t\tclass=\"so-widget-sow-editor so-widget-sow-editor-base\"\n\t\t\t\n\t\t>\n<div class=\"siteorigin-widget-tinymce textwidget\">\n\t<p>Innerkanylen reng\u00f6rs <strong>2 g\u00e5nger\/dag, samt vid behov<\/strong><\/p>\n<p>Ta ut den smutsiga innerkanylen, ha en ny redo och s\u00e4tt i den direkt.<\/p>\n<\/div>\n<\/div><\/div><\/div><\/div><div id=\"pg-218-1\"  class=\"panel-grid panel-no-style\" ><div id=\"pgc-218-1-0\"  class=\"panel-grid-cell\" ><div id=\"panel-218-1-0-0\" class=\"so-panel widget widget_sow-image panel-first-child panel-last-child\" data-index=\"2\" ><div\n\t\t\t\n\t\t\tclass=\"so-widget-sow-image so-widget-sow-image-default-8b5b6f678277-218\"\n\t\t\t\n\t\t>\n<div class=\"sow-image-container\">\n\t\t<img \n\tsrc=\"https:\/\/blogg.regionkronoberg.se\/trakutbildning\/wp-content\/uploads\/sites\/13\/2019\/02\/1050646.png\" width=\"640\" height=\"360\" srcset=\"https:\/\/blogg.regionkronoberg.se\/trakutbildning\/wp-content\/uploads\/sites\/13\/2019\/02\/1050646.png 640w, https:\/\/blogg.regionkronoberg.se\/trakutbildning\/wp-content\/uploads\/sites\/13\/2019\/02\/1050646-300x169.png 300w, https:\/\/blogg.regionkronoberg.se\/trakutbildning\/wp-content\/uploads\/sites\/13\/2019\/02\/1050646-150x84.png 150w\" sizes=\"(max-width: 640px) 100vw, 640px\" title=\"_1050646\" alt=\"\" \t\tclass=\"so-widget-image\"\/>\n\t<\/div>\n\n<\/div><\/div><\/div><div id=\"pgc-218-1-1\"  class=\"panel-grid-cell\" ><div id=\"panel-218-1-1-0\" class=\"so-panel widget widget_sow-editor panel-first-child panel-last-child\" data-index=\"3\" ><div\n\t\t\t\n\t\t\tclass=\"so-widget-sow-editor so-widget-sow-editor-base\"\n\t\t\t\n\t\t>\n<div class=\"siteorigin-widget-tinymce textwidget\">\n\t<p>Reng\u00f6ring g\u00f6rs under vattenyta i k\u00e4rl\/burk f\u00f6r att undvika \u00f6gonst\u00e4nk p\u00e5 personalen.<br \/>\n<strong>Men innerkanylen f\u00e5r ej ligga i bl\u00f6t, d\u00e5 den sv\u00e4ller och f\u00f6rst\u00f6rs.<\/strong><\/p>\n<p>Reng\u00f6r innerkanylen inv\u00e4ndigt och utv\u00e4ndigt med kranvatten &lt; 45 C och oparfymerat handdiskmedel. Vid h\u00f6gre vattentemperatur koagulerar protein vilket f\u00f6rsv\u00e5rar reng\u00f6ring.<\/p>\n<p>Reng\u00f6r innerkanylens in och utsida med rena reng\u00f6ringssvabb. Alternativt kan rena non-wowen kompresser anv\u00e4ndas, dra d\u00e5 kompresser genom innerkanylen med hj\u00e4lp av b\u00f6jd peang eller pincett.\u00a0Upprepa tills allt synligt slem avl\u00e4gsnats.<\/p>\n<p>&nbsp;<\/p>\n<\/div>\n<\/div><\/div><\/div><\/div><div id=\"pg-218-2\"  class=\"panel-grid panel-no-style\" ><div id=\"pgc-218-2-0\"  class=\"panel-grid-cell\" ><div id=\"panel-218-2-0-0\" class=\"so-panel widget widget_sow-image panel-first-child panel-last-child\" data-index=\"4\" ><div\n\t\t\t\n\t\t\tclass=\"so-widget-sow-image so-widget-sow-image-default-8b5b6f678277-218\"\n\t\t\t\n\t\t>\n<div class=\"sow-image-container\">\n\t\t<img \n\tsrc=\"https:\/\/blogg.regionkronoberg.se\/trakutbildning\/wp-content\/uploads\/sites\/13\/2019\/02\/1050656.png\" width=\"640\" height=\"360\" srcset=\"https:\/\/blogg.regionkronoberg.se\/trakutbildning\/wp-content\/uploads\/sites\/13\/2019\/02\/1050656.png 640w, https:\/\/blogg.regionkronoberg.se\/trakutbildning\/wp-content\/uploads\/sites\/13\/2019\/02\/1050656-300x169.png 300w, https:\/\/blogg.regionkronoberg.se\/trakutbildning\/wp-content\/uploads\/sites\/13\/2019\/02\/1050656-150x84.png 150w\" sizes=\"(max-width: 640px) 100vw, 640px\" title=\"_1050656\" alt=\"\" \t\tclass=\"so-widget-image\"\/>\n\t<\/div>\n\n<\/div><\/div><\/div><div id=\"pgc-218-2-1\"  class=\"panel-grid-cell\" ><div id=\"panel-218-2-1-0\" class=\"so-panel widget widget_sow-editor panel-first-child panel-last-child\" data-index=\"5\" ><div\n\t\t\t\n\t\t\tclass=\"so-widget-sow-editor so-widget-sow-editor-base\"\n\t\t\t\n\t\t>\n<div class=\"siteorigin-widget-tinymce textwidget\">\n\t<p>Sk\u00f6lj kanylen under rinnande.<\/p>\n<\/div>\n<\/div><\/div><\/div><\/div><div id=\"pg-218-3\"  class=\"panel-grid panel-no-style\" ><div id=\"pgc-218-3-0\"  class=\"panel-grid-cell\" ><div id=\"panel-218-3-0-0\" class=\"so-panel widget widget_sow-image panel-first-child panel-last-child\" data-index=\"6\" ><div\n\t\t\t\n\t\t\tclass=\"so-widget-sow-image so-widget-sow-image-default-8b5b6f678277-218\"\n\t\t\t\n\t\t>\n<div class=\"sow-image-container\">\n\t\t<img \n\tsrc=\"https:\/\/blogg.regionkronoberg.se\/trakutbildning\/wp-content\/uploads\/sites\/13\/2019\/02\/1050683.png\" width=\"640\" height=\"360\" srcset=\"https:\/\/blogg.regionkronoberg.se\/trakutbildning\/wp-content\/uploads\/sites\/13\/2019\/02\/1050683.png 640w, https:\/\/blogg.regionkronoberg.se\/trakutbildning\/wp-content\/uploads\/sites\/13\/2019\/02\/1050683-300x169.png 300w, https:\/\/blogg.regionkronoberg.se\/trakutbildning\/wp-content\/uploads\/sites\/13\/2019\/02\/1050683-150x84.png 150w\" sizes=\"(max-width: 640px) 100vw, 640px\" title=\"_1050683\" alt=\"\" \t\tclass=\"so-widget-image\"\/>\n\t<\/div>\n\n<\/div><\/div><\/div><div id=\"pgc-218-3-1\"  class=\"panel-grid-cell\" ><div id=\"panel-218-3-1-0\" class=\"so-panel widget widget_sow-editor panel-first-child panel-last-child\" data-index=\"7\" ><div\n\t\t\t\n\t\t\tclass=\"so-widget-sow-editor so-widget-sow-editor-base\"\n\t\t\t\n\t\t>\n<div class=\"siteorigin-widget-tinymce textwidget\">\n\t<p>Innerkanylen sk\u00f6ljs ren med sterilt vatten p\u00e5 in och utsida med sterilt vatten.<strong>\u00a0<\/strong><\/p>\n<\/div>\n<\/div><\/div><\/div><\/div><div id=\"pg-218-4\"  class=\"panel-grid panel-no-style\" ><div id=\"pgc-218-4-0\"  class=\"panel-grid-cell\" ><div id=\"panel-218-4-0-0\" class=\"so-panel widget widget_sow-image panel-first-child panel-last-child\" data-index=\"8\" ><div\n\t\t\t\n\t\t\tclass=\"so-widget-sow-image so-widget-sow-image-default-8b5b6f678277-218\"\n\t\t\t\n\t\t>\n<div class=\"sow-image-container\">\n\t\t<img \n\tsrc=\"https:\/\/blogg.regionkronoberg.se\/trakutbildning\/wp-content\/uploads\/sites\/13\/2019\/02\/1060380-Redigera.png\" width=\"640\" height=\"395\" srcset=\"https:\/\/blogg.regionkronoberg.se\/trakutbildning\/wp-content\/uploads\/sites\/13\/2019\/02\/1060380-Redigera.png 640w, https:\/\/blogg.regionkronoberg.se\/trakutbildning\/wp-content\/uploads\/sites\/13\/2019\/02\/1060380-Redigera-300x185.png 300w, https:\/\/blogg.regionkronoberg.se\/trakutbildning\/wp-content\/uploads\/sites\/13\/2019\/02\/1060380-Redigera-150x93.png 150w\" sizes=\"(max-width: 640px) 100vw, 640px\" title=\"_1060380-Redigera\" alt=\"\" \t\tclass=\"so-widget-image\"\/>\n\t<\/div>\n\n<\/div><\/div><\/div><div id=\"pgc-218-4-1\"  class=\"panel-grid-cell\" ><div id=\"panel-218-4-1-0\" class=\"so-panel widget widget_sow-editor panel-first-child panel-last-child\" data-index=\"9\" ><div\n\t\t\t\n\t\t\tclass=\"so-widget-sow-editor so-widget-sow-editor-base\"\n\t\t\t\n\t\t>\n<div class=\"siteorigin-widget-tinymce textwidget\">\n\t<p>Torka sidorna helt torra med ren non-wowenkompress, Skaka torr och l\u00e5t ligga i burk med lufth\u00e5l.<\/p>\n<p>Vissa innerkanyler beh\u00f6ver sm\u00f6rjas med parafinolja f\u00f6r att kanyl och innerkanyl inte ska fastna i varandra. D\u00e5 h\u00e4lls ett par droppar olja p\u00e5 en torr kompress, och innerkanylen sm\u00f6rjs p\u00e5 utsidan.<\/p>\n<\/div>\n<\/div><\/div><\/div><\/div><div id=\"pg-218-5\"  class=\"panel-grid panel-no-style\" ><div id=\"pgc-218-5-0\"  class=\"panel-grid-cell\" ><div id=\"panel-218-5-0-0\" class=\"so-panel widget widget_sow-image panel-first-child panel-last-child\" data-index=\"10\" ><div\n\t\t\t\n\t\t\tclass=\"so-widget-sow-image so-widget-sow-image-default-8b5b6f678277-218\"\n\t\t\t\n\t\t>\n<div class=\"sow-image-container\">\n\t\t<img \n\tsrc=\"https:\/\/blogg.regionkronoberg.se\/trakutbildning\/wp-content\/uploads\/sites\/13\/2019\/02\/1050710.png\" width=\"640\" height=\"360\" srcset=\"https:\/\/blogg.regionkronoberg.se\/trakutbildning\/wp-content\/uploads\/sites\/13\/2019\/02\/1050710.png 640w, https:\/\/blogg.regionkronoberg.se\/trakutbildning\/wp-content\/uploads\/sites\/13\/2019\/02\/1050710-300x169.png 300w, https:\/\/blogg.regionkronoberg.se\/trakutbildning\/wp-content\/uploads\/sites\/13\/2019\/02\/1050710-150x84.png 150w\" sizes=\"(max-width: 640px) 100vw, 640px\" title=\"_1050710\" alt=\"\" \t\tclass=\"so-widget-image\"\/>\n\t<\/div>\n\n<\/div><\/div><\/div><div id=\"pgc-218-5-1\"  class=\"panel-grid-cell\" ><div id=\"panel-218-5-1-0\" class=\"so-panel widget widget_sow-editor panel-first-child panel-last-child\" data-index=\"11\" ><div\n\t\t\t\n\t\t\tclass=\"so-widget-sow-editor so-widget-sow-editor-base\"\n\t\t\t\n\t\t>\n<div class=\"siteorigin-widget-tinymce textwidget\">\n\t<p>F\u00f6rvara torkad innerkanylen torrt och dammfritt i en id-m\u00e4rkt burk tills n\u00e4sta anv\u00e4ndningstillf\u00e4lle. F\u00f6rvaras med burklocket delvis \u00f6ppet s\u00e5 att fukt inte st\u00e4ngs in.<\/p>\n<\/div>\n<\/div><\/div><\/div><\/div><div id=\"pg-218-6\"  class=\"panel-grid panel-no-style\" ><div id=\"pgc-218-6-0\"  class=\"panel-grid-cell panel-grid-cell-empty\" ><\/div><div id=\"pgc-218-6-1\"  class=\"panel-grid-cell\" ><div id=\"panel-218-6-1-0\" class=\"so-panel widget widget_sow-editor panel-first-child panel-last-child\" data-index=\"12\" ><div\n\t\t\t\n\t\t\tclass=\"so-widget-sow-editor so-widget-sow-editor-base\"\n\t\t\t\n\t\t>\n<div class=\"siteorigin-widget-tinymce textwidget\">\n\t<p><strong>\u00c4ven burken f\u00f6r reng\u00f6ring av innerkanyl beh\u00f6ver reng\u00f6ras\u00a0<\/strong><\/p>\n<p>Reng\u00f6r anv\u00e4nt k\u00e4rl\/burk efter varje anv\u00e4ndningstillf\u00e4lle i diskdesinfektor d\u00e5 detta finns, annars reng\u00f6r manuellt.<\/p>\n<p>Vid manuell reng\u00f6ring anv\u00e4nd: Borste, oparfymerat handdiskmedel och vatten<br \/>\n&lt; 45 C. Sk\u00f6lj under rinnande vatten. Torka torrt. Desinfektera k\u00e4rl\/burk med alkoholbaserat medel. L\u00e5t lufttorka.<\/p>\n<\/div>\n<\/div><\/div><\/div><\/div><\/div>","protected":false},"excerpt":{"rendered":"<p>Innerkanylen reng\u00f6rs 2 g\u00e5nger\/dag, samt vid behov Ta ut den smutsiga innerkanylen, ha en ny redo och s\u00e4tt i den direkt. Reng\u00f6ring g\u00f6rs under vattenyta i k\u00e4rl\/burk f\u00f6r att undvika \u00f6gonst\u00e4nk p\u00e5 personalen. Men innerkanylen f\u00e5r ej ligga i bl\u00f6t, d\u00e5 den sv\u00e4ller och f\u00f6rst\u00f6rs. Reng\u00f6r innerkanylen inv\u00e4ndigt och utv\u00e4ndigt\u2026<\/p>\n<p> <a class=\"continue-reading-link\" href=\"https:\/\/blogg.regionkronoberg.se\/trakutbildning\/rengoring-av-innerkanyl\/\"><span>Continue reading<\/span><i class=\"crycon-right-dir\"><\/i><\/a> <\/p>\n","protected":false},"author":45,"featured_media":0,"parent":0,"menu_order":0,"comment_status":"closed","ping_status":"closed","template":"","meta":{"footnotes":""},"class_list":["post-218","page","type-page","status-publish","hentry"],"_links":{"self":[{"href":"https:\/\/blogg.regionkronoberg.se\/trakutbildning\/wp-json\/wp\/v2\/pages\/218","targetHints":{"allow":["GET"]}}],"collection":[{"href":"https:\/\/blogg.regionkronoberg.se\/trakutbildning\/wp-json\/wp\/v2\/pages"}],"about":[{"href":"https:\/\/blogg.regionkronoberg.se\/trakutbildning\/wp-json\/wp\/v2\/types\/page"}],"author":[{"embeddable":true,"href":"https:\/\/blogg.regionkronoberg.se\/trakutbildning\/wp-json\/wp\/v2\/users\/45"}],"replies":[{"embeddable":true,"href":"https:\/\/blogg.regionkronoberg.se\/trakutbildning\/wp-json\/wp\/v2\/comments?post=218"}],"version-history":[{"count":37,"href":"https:\/\/blogg.regionkronoberg.se\/trakutbildning\/wp-json\/wp\/v2\/pages\/218\/revisions"}],"predecessor-version":[{"id":1827,"href":"https:\/\/blogg.regionkronoberg.se\/trakutbildning\/wp-json\/wp\/v2\/pages\/218\/revisions\/1827"}],"wp:attachment":[{"href":"https:\/\/blogg.regionkronoberg.se\/trakutbildning\/wp-json\/wp\/v2\/media?parent=218"}],"curies":[{"name":"wp","href":"https:\/\/api.w.org\/{rel}","templated":true}]}}