{"id":212,"date":"2017-12-07T16:05:43","date_gmt":"2017-12-07T15:05:43","guid":{"rendered":"http:\/\/blogg.regionkronoberg.se\/trakutbildning\/?page_id=212"},"modified":"2022-06-08T11:34:10","modified_gmt":"2022-06-08T09:34:10","slug":"omlaggning","status":"publish","type":"page","link":"https:\/\/blogg.regionkronoberg.se\/trakutbildning\/omlaggning\/","title":{"rendered":"Oml\u00e4ggning\/kanylbandsbyte"},"content":{"rendered":"<div id=\"pl-212\"  class=\"panel-layout\" ><div id=\"pg-212-0\"  class=\"panel-grid panel-no-style\" ><div id=\"pgc-212-0-0\"  class=\"panel-grid-cell\" ><div id=\"panel-212-0-0-0\" class=\"so-panel widget widget_sow-editor panel-first-child panel-last-child\" data-index=\"0\" ><div\n\t\t\t\n\t\t\tclass=\"so-widget-sow-editor so-widget-sow-editor-base\"\n\t\t\t\n\t\t>\n<div class=\"siteorigin-widget-tinymce textwidget\">\n\t<\/div>\n<\/div><\/div><\/div><\/div><div id=\"pg-212-1\"  class=\"panel-grid panel-no-style\" ><div id=\"pgc-212-1-0\"  class=\"panel-grid-cell\" ><div id=\"panel-212-1-0-0\" class=\"so-panel widget widget_sow-image panel-first-child panel-last-child\" data-index=\"1\" ><div\n\t\t\t\n\t\t\tclass=\"so-widget-sow-image so-widget-sow-image-default-8b5b6f678277-212\"\n\t\t\t\n\t\t>\n<div class=\"sow-image-container\">\n\t\t<img \n\tsrc=\"https:\/\/blogg.regionkronoberg.se\/trakutbildning\/wp-content\/uploads\/sites\/13\/2022\/04\/1050751-kopiera-scaled.jpg\" width=\"2560\" height=\"1440\" srcset=\"https:\/\/blogg.regionkronoberg.se\/trakutbildning\/wp-content\/uploads\/sites\/13\/2022\/04\/1050751-kopiera-scaled.jpg 2560w, https:\/\/blogg.regionkronoberg.se\/trakutbildning\/wp-content\/uploads\/sites\/13\/2022\/04\/1050751-kopiera-300x169.jpg 300w, https:\/\/blogg.regionkronoberg.se\/trakutbildning\/wp-content\/uploads\/sites\/13\/2022\/04\/1050751-kopiera-1024x576.jpg 1024w, https:\/\/blogg.regionkronoberg.se\/trakutbildning\/wp-content\/uploads\/sites\/13\/2022\/04\/1050751-kopiera-768x432.jpg 768w, https:\/\/blogg.regionkronoberg.se\/trakutbildning\/wp-content\/uploads\/sites\/13\/2022\/04\/1050751-kopiera-1536x864.jpg 1536w, https:\/\/blogg.regionkronoberg.se\/trakutbildning\/wp-content\/uploads\/sites\/13\/2022\/04\/1050751-kopiera-2048x1152.jpg 2048w, https:\/\/blogg.regionkronoberg.se\/trakutbildning\/wp-content\/uploads\/sites\/13\/2022\/04\/1050751-kopiera-150x84.jpg 150w\" sizes=\"(max-width: 2560px) 100vw, 2560px\" title=\"_1050751 kopiera\" alt=\"patient med kanyl\" \t\tclass=\"so-widget-image\"\/>\n\t<\/div>\n\n<\/div><\/div><\/div><div id=\"pgc-212-1-1\"  class=\"panel-grid-cell\" ><div id=\"panel-212-1-1-0\" class=\"so-panel widget widget_sow-editor panel-first-child panel-last-child\" data-index=\"2\" ><div\n\t\t\t\n\t\t\tclass=\"so-widget-sow-editor so-widget-sow-editor-base\"\n\t\t\t\n\t\t>\n<div class=\"siteorigin-widget-tinymce textwidget\">\n\t<p>Oml\u00e4ggning ska g\u00f6ras morgon och kv\u00e4ll, samt vid behov. Det \u00e4r viktigt att huden h\u00e5lls ren och torr. Huden runt stomat ska inspekteras dagligen.<\/p>\n<\/div>\n<\/div><\/div><\/div><\/div><div id=\"pg-212-2\"  class=\"panel-grid panel-no-style\" ><div id=\"pgc-212-2-0\"  class=\"panel-grid-cell\" ><div id=\"panel-212-2-0-0\" class=\"so-panel widget widget_sow-image panel-first-child panel-last-child\" data-index=\"3\" ><div\n\t\t\t\n\t\t\tclass=\"so-widget-sow-image so-widget-sow-image-default-8b5b6f678277-212\"\n\t\t\t\n\t\t>\n<div class=\"sow-image-container\">\n\t\t<img \n\tsrc=\"https:\/\/blogg.regionkronoberg.se\/trakutbildning\/wp-content\/uploads\/sites\/13\/2019\/02\/1060005.png\" width=\"571\" height=\"480\" srcset=\"https:\/\/blogg.regionkronoberg.se\/trakutbildning\/wp-content\/uploads\/sites\/13\/2019\/02\/1060005.png 571w, https:\/\/blogg.regionkronoberg.se\/trakutbildning\/wp-content\/uploads\/sites\/13\/2019\/02\/1060005-300x252.png 300w, https:\/\/blogg.regionkronoberg.se\/trakutbildning\/wp-content\/uploads\/sites\/13\/2019\/02\/1060005-150x126.png 150w\" sizes=\"(max-width: 571px) 100vw, 571px\" title=\"_1060005\" alt=\"\" \t\tclass=\"so-widget-image\"\/>\n\t<\/div>\n\n<\/div><\/div><\/div><div id=\"pgc-212-2-1\"  class=\"panel-grid-cell\" ><div id=\"panel-212-2-1-0\" class=\"so-panel widget widget_sow-editor panel-first-child panel-last-child\" data-index=\"4\" ><div\n\t\t\t\n\t\t\tclass=\"so-widget-sow-editor so-widget-sow-editor-base\"\n\t\t\t\n\t\t>\n<div class=\"siteorigin-widget-tinymce textwidget\">\n\t<p>F\u00f6rbered f\u00f6r oml\u00e4ggning, ta fram allt som beh\u00f6vs.<\/p>\n<\/div>\n<\/div><\/div><\/div><\/div><div id=\"pg-212-3\"  class=\"panel-grid panel-no-style\" ><div id=\"pgc-212-3-0\"  class=\"panel-grid-cell\" ><div id=\"panel-212-3-0-0\" class=\"so-panel widget widget_sow-image panel-first-child panel-last-child\" data-index=\"5\" ><div\n\t\t\t\n\t\t\tclass=\"so-widget-sow-image so-widget-sow-image-default-8b5b6f678277-212\"\n\t\t\t\n\t\t>\n<div class=\"sow-image-container\">\n\t\t<img \n\tsrc=\"https:\/\/blogg.regionkronoberg.se\/trakutbildning\/wp-content\/uploads\/sites\/13\/2022\/04\/1050883-kopiera-scaled.jpg\" width=\"2560\" height=\"1440\" srcset=\"https:\/\/blogg.regionkronoberg.se\/trakutbildning\/wp-content\/uploads\/sites\/13\/2022\/04\/1050883-kopiera-scaled.jpg 2560w, https:\/\/blogg.regionkronoberg.se\/trakutbildning\/wp-content\/uploads\/sites\/13\/2022\/04\/1050883-kopiera-300x169.jpg 300w, https:\/\/blogg.regionkronoberg.se\/trakutbildning\/wp-content\/uploads\/sites\/13\/2022\/04\/1050883-kopiera-1024x576.jpg 1024w, https:\/\/blogg.regionkronoberg.se\/trakutbildning\/wp-content\/uploads\/sites\/13\/2022\/04\/1050883-kopiera-768x432.jpg 768w, https:\/\/blogg.regionkronoberg.se\/trakutbildning\/wp-content\/uploads\/sites\/13\/2022\/04\/1050883-kopiera-1536x864.jpg 1536w, https:\/\/blogg.regionkronoberg.se\/trakutbildning\/wp-content\/uploads\/sites\/13\/2022\/04\/1050883-kopiera-2048x1152.jpg 2048w, https:\/\/blogg.regionkronoberg.se\/trakutbildning\/wp-content\/uploads\/sites\/13\/2022\/04\/1050883-kopiera-150x84.jpg 150w\" sizes=\"(max-width: 2560px) 100vw, 2560px\" title=\"_1050883 kopiera\" alt=\"kanyl h\u00e5lls p\u00e5 plats\" \t\tclass=\"so-widget-image\"\/>\n\t<\/div>\n\n<\/div><\/div><\/div><div id=\"pgc-212-3-1\"  class=\"panel-grid-cell\" ><div id=\"panel-212-3-1-0\" class=\"so-panel widget widget_sow-editor panel-first-child panel-last-child\" data-index=\"6\" ><div\n\t\t\t\n\t\t\tclass=\"so-widget-sow-editor so-widget-sow-editor-base\"\n\t\t\t\n\t\t>\n<div class=\"siteorigin-widget-tinymce textwidget\">\n\t<p>F\u00f6rs\u00f6k att h\u00e5lla kanylen stadigt p\u00e5 plats d\u00e5 r\u00f6relse i den kan orsaka hosta och obehag f\u00f6r patienten. <br \/>Ta f\u00f6rsiktigt bort trakealkompressen. Kanylbandet kan justeras n\u00e5gon centimeter s\u00e5 att det blir l\u00e4ttare att komma \u00e5t vid sk\u00f6tseln.<\/p>\n<\/div>\n<\/div><\/div><\/div><\/div><div id=\"pg-212-4\"  class=\"panel-grid panel-no-style\" ><div id=\"pgc-212-4-0\"  class=\"panel-grid-cell\" ><div id=\"panel-212-4-0-0\" class=\"so-panel widget widget_sow-image panel-first-child panel-last-child\" data-index=\"7\" ><div\n\t\t\t\n\t\t\tclass=\"so-widget-sow-image so-widget-sow-image-default-8b5b6f678277-212\"\n\t\t\t\n\t\t>\n<div class=\"sow-image-container\">\n\t\t<img \n\tsrc=\"https:\/\/blogg.regionkronoberg.se\/trakutbildning\/wp-content\/uploads\/sites\/13\/2018\/03\/DSC_2738.jpg\" width=\"850\" height=\"567\" srcset=\"https:\/\/blogg.regionkronoberg.se\/trakutbildning\/wp-content\/uploads\/sites\/13\/2018\/03\/DSC_2738.jpg 850w, https:\/\/blogg.regionkronoberg.se\/trakutbildning\/wp-content\/uploads\/sites\/13\/2018\/03\/DSC_2738-300x200.jpg 300w, https:\/\/blogg.regionkronoberg.se\/trakutbildning\/wp-content\/uploads\/sites\/13\/2018\/03\/DSC_2738-768x512.jpg 768w, https:\/\/blogg.regionkronoberg.se\/trakutbildning\/wp-content\/uploads\/sites\/13\/2018\/03\/DSC_2738-150x100.jpg 150w, https:\/\/blogg.regionkronoberg.se\/trakutbildning\/wp-content\/uploads\/sites\/13\/2018\/03\/DSC_2738-272x182.jpg 272w\" sizes=\"(max-width: 850px) 100vw, 850px\" alt=\"\" \t\tclass=\"so-widget-image\"\/>\n\t<\/div>\n\n<\/div><\/div><\/div><div id=\"pgc-212-4-1\"  class=\"panel-grid-cell\" ><div id=\"panel-212-4-1-0\" class=\"so-panel widget widget_sow-editor panel-first-child panel-last-child\" data-index=\"8\" ><div\n\t\t\t\n\t\t\tclass=\"so-widget-sow-editor so-widget-sow-editor-base\"\n\t\t\t\n\t\t>\n<div class=\"siteorigin-widget-tinymce textwidget\">\n\t<p>Tv\u00e4tta runt stomat med vanligt kranvatten. Anv\u00e4nd fuktade kompresser och \u00f6ronpinnar. B\u00f6rja tv\u00e4tta inifr\u00e5n och tv\u00e4tta ut s\u00e5 att inte bakterier tillf\u00f6rs.<br \/>\nKlapptorka sedan torrt f\u00f6rsiktigt med kompress och \u00f6ronpinnar.<\/p>\n<\/div>\n<\/div><\/div><\/div><\/div><div id=\"pg-212-5\"  class=\"panel-grid panel-no-style\" ><div id=\"pgc-212-5-0\"  class=\"panel-grid-cell\" ><div id=\"panel-212-5-0-0\" class=\"so-panel widget widget_sow-image panel-first-child panel-last-child\" data-index=\"9\" ><div\n\t\t\t\n\t\t\tclass=\"so-widget-sow-image so-widget-sow-image-default-8b5b6f678277-212\"\n\t\t\t\n\t\t>\n<div class=\"sow-image-container\">\n\t\t<img \n\tsrc=\"https:\/\/blogg.regionkronoberg.se\/trakutbildning\/wp-content\/uploads\/sites\/13\/2022\/04\/1050892-kopiera-scaled.jpg\" width=\"2560\" height=\"1258\" srcset=\"https:\/\/blogg.regionkronoberg.se\/trakutbildning\/wp-content\/uploads\/sites\/13\/2022\/04\/1050892-kopiera-scaled.jpg 2560w, https:\/\/blogg.regionkronoberg.se\/trakutbildning\/wp-content\/uploads\/sites\/13\/2022\/04\/1050892-kopiera-300x147.jpg 300w, https:\/\/blogg.regionkronoberg.se\/trakutbildning\/wp-content\/uploads\/sites\/13\/2022\/04\/1050892-kopiera-1024x503.jpg 1024w, https:\/\/blogg.regionkronoberg.se\/trakutbildning\/wp-content\/uploads\/sites\/13\/2022\/04\/1050892-kopiera-768x377.jpg 768w, https:\/\/blogg.regionkronoberg.se\/trakutbildning\/wp-content\/uploads\/sites\/13\/2022\/04\/1050892-kopiera-1536x755.jpg 1536w, https:\/\/blogg.regionkronoberg.se\/trakutbildning\/wp-content\/uploads\/sites\/13\/2022\/04\/1050892-kopiera-2048x1007.jpg 2048w, https:\/\/blogg.regionkronoberg.se\/trakutbildning\/wp-content\/uploads\/sites\/13\/2022\/04\/1050892-kopiera-150x74.jpg 150w\" sizes=\"(max-width: 2560px) 100vw, 2560px\" title=\"_1050892 kopiera\" alt=\"Hud runt stoma inspekteras\" \t\tclass=\"so-widget-image\"\/>\n\t<\/div>\n\n<\/div><\/div><\/div><div id=\"pgc-212-5-1\"  class=\"panel-grid-cell\" ><div id=\"panel-212-5-1-0\" class=\"so-panel widget widget_sow-editor panel-first-child panel-last-child\" data-index=\"10\" ><div\n\t\t\t\n\t\t\tclass=\"so-widget-sow-editor so-widget-sow-editor-base\"\n\t\t\t\n\t\t>\n<div class=\"siteorigin-widget-tinymce textwidget\">\n\t<p>Inspektera huden runt stomat. Var uppm\u00e4rksam p\u00e5 f\u00f6r\u00e4ndringar i huden som t.ex. irritation, svullnad, s\u00e5r, hudflikar. <br \/>Ett trakeostoma \u00e4r ett konstgjort h\u00e5l i huden, kroppen vill ibland f\u00f6rs\u00f6ka l\u00e4ka igen detta och d\u00e5 bildas granulom. Denna v\u00e4vnad \u00e4r k\u00e4rlrik och l\u00e4ttbl\u00f6dande, ser ut som sm\u00e5 flikar med r\u00f6d slemhinna. Dessa kan orska skav och bl\u00f6dning d\u00e4rf\u00f6r viktigt att prata med \u00f6ron- n\u00e4s-och halsl\u00e4kare eller Trakteamets sjuksk\u00f6terskor om detta.<\/p>\n<\/div>\n<\/div><\/div><\/div><\/div><div id=\"pg-212-6\"  class=\"panel-grid panel-no-style\" ><div id=\"pgc-212-6-0\"  class=\"panel-grid-cell\" ><div id=\"panel-212-6-0-0\" class=\"so-panel widget widget_sow-image panel-first-child panel-last-child\" data-index=\"11\" ><div\n\t\t\t\n\t\t\tclass=\"so-widget-sow-image so-widget-sow-image-default-8b5b6f678277-212\"\n\t\t\t\n\t\t>\n<div class=\"sow-image-container\">\n\t\t<img \n\tsrc=\"https:\/\/blogg.regionkronoberg.se\/trakutbildning\/wp-content\/uploads\/sites\/13\/2022\/04\/1050898-kopiera-scaled.jpg\" width=\"2560\" height=\"1440\" srcset=\"https:\/\/blogg.regionkronoberg.se\/trakutbildning\/wp-content\/uploads\/sites\/13\/2022\/04\/1050898-kopiera-scaled.jpg 2560w, https:\/\/blogg.regionkronoberg.se\/trakutbildning\/wp-content\/uploads\/sites\/13\/2022\/04\/1050898-kopiera-300x169.jpg 300w, https:\/\/blogg.regionkronoberg.se\/trakutbildning\/wp-content\/uploads\/sites\/13\/2022\/04\/1050898-kopiera-1024x576.jpg 1024w, https:\/\/blogg.regionkronoberg.se\/trakutbildning\/wp-content\/uploads\/sites\/13\/2022\/04\/1050898-kopiera-768x432.jpg 768w, https:\/\/blogg.regionkronoberg.se\/trakutbildning\/wp-content\/uploads\/sites\/13\/2022\/04\/1050898-kopiera-1536x864.jpg 1536w, https:\/\/blogg.regionkronoberg.se\/trakutbildning\/wp-content\/uploads\/sites\/13\/2022\/04\/1050898-kopiera-2048x1152.jpg 2048w, https:\/\/blogg.regionkronoberg.se\/trakutbildning\/wp-content\/uploads\/sites\/13\/2022\/04\/1050898-kopiera-150x84.jpg 150w\" sizes=\"(max-width: 2560px) 100vw, 2560px\" title=\"_1050898 kopiera\" alt=\"barri\u00e4rsalva sm\u00f6rjs in\" \t\tclass=\"so-widget-image\"\/>\n\t<\/div>\n\n<\/div><\/div><\/div><div id=\"pgc-212-6-1\"  class=\"panel-grid-cell\" ><div id=\"panel-212-6-1-0\" class=\"so-panel widget widget_sow-editor panel-first-child panel-last-child\" data-index=\"12\" ><div\n\t\t\t\n\t\t\tclass=\"so-widget-sow-editor so-widget-sow-editor-base\"\n\t\t\t\n\t\t>\n<div class=\"siteorigin-widget-tinymce textwidget\">\n\t<p>Sm\u00f6rj med barri\u00e4rsalva f\u00f6r att skydda huden.<\/p>\n<\/div>\n<\/div><\/div><\/div><\/div><div id=\"pg-212-7\"  class=\"panel-grid panel-no-style\" ><div id=\"pgc-212-7-0\"  class=\"panel-grid-cell\" ><div id=\"panel-212-7-0-0\" class=\"so-panel widget widget_sow-image panel-first-child panel-last-child\" data-index=\"13\" ><div\n\t\t\t\n\t\t\tclass=\"so-widget-sow-image so-widget-sow-image-default-8b5b6f678277-212\"\n\t\t\t\n\t\t>\n<div class=\"sow-image-container\">\n\t\t<img \n\tsrc=\"https:\/\/blogg.regionkronoberg.se\/trakutbildning\/wp-content\/uploads\/sites\/13\/2022\/04\/1050903-kopiera-scaled.jpg\" width=\"2560\" height=\"1440\" srcset=\"https:\/\/blogg.regionkronoberg.se\/trakutbildning\/wp-content\/uploads\/sites\/13\/2022\/04\/1050903-kopiera-scaled.jpg 2560w, https:\/\/blogg.regionkronoberg.se\/trakutbildning\/wp-content\/uploads\/sites\/13\/2022\/04\/1050903-kopiera-300x169.jpg 300w, https:\/\/blogg.regionkronoberg.se\/trakutbildning\/wp-content\/uploads\/sites\/13\/2022\/04\/1050903-kopiera-1024x576.jpg 1024w, https:\/\/blogg.regionkronoberg.se\/trakutbildning\/wp-content\/uploads\/sites\/13\/2022\/04\/1050903-kopiera-768x432.jpg 768w, https:\/\/blogg.regionkronoberg.se\/trakutbildning\/wp-content\/uploads\/sites\/13\/2022\/04\/1050903-kopiera-1536x864.jpg 1536w, https:\/\/blogg.regionkronoberg.se\/trakutbildning\/wp-content\/uploads\/sites\/13\/2022\/04\/1050903-kopiera-2048x1152.jpg 2048w, https:\/\/blogg.regionkronoberg.se\/trakutbildning\/wp-content\/uploads\/sites\/13\/2022\/04\/1050903-kopiera-150x84.jpg 150w\" sizes=\"(max-width: 2560px) 100vw, 2560px\" title=\"ny kompress\" alt=\"Ny kompress s\u00e4tts p\u00e5\" \t\tclass=\"so-widget-image\"\/>\n\t<\/div>\n\n<\/div><\/div><\/div><div id=\"pgc-212-7-1\"  class=\"panel-grid-cell\" ><div id=\"panel-212-7-1-0\" class=\"so-panel widget widget_sow-editor panel-first-child panel-last-child\" data-index=\"14\" ><div\n\t\t\t\n\t\t\tclass=\"so-widget-sow-editor so-widget-sow-editor-base\"\n\t\t\t\n\t\t>\n<div class=\"siteorigin-widget-tinymce textwidget\">\n\t<p>S\u00e4tt p\u00e5 en ny trakealkompress. Trakealkompressen anv\u00e4nds f\u00f6r att samla upp sekret och skydda huden mot skav fr\u00e5n kanylen. Valfritt om slitsen p\u00e5 trakealkompressen s\u00e4tts upp eller ner. Trakealkompressen ska bytas s\u00e5 fort den blir fuktig, detta f\u00f6r att h\u00e5lla huden s\u00e5 torr som m\u00f6jligt.<\/p>\n<\/div>\n<\/div><\/div><\/div><\/div><div id=\"pg-212-8\"  class=\"panel-grid panel-no-style\" ><div id=\"pgc-212-8-0\"  class=\"panel-grid-cell\" ><div id=\"panel-212-8-0-0\" class=\"so-panel widget widget_sow-image panel-first-child panel-last-child\" data-index=\"15\" ><div\n\t\t\t\n\t\t\tclass=\"so-widget-sow-image so-widget-sow-image-default-8b5b6f678277-212\"\n\t\t\t\n\t\t>\n<div class=\"sow-image-container\">\n\t\t<img \n\tsrc=\"https:\/\/blogg.regionkronoberg.se\/trakutbildning\/wp-content\/uploads\/sites\/13\/2019\/02\/1060008.png\" width=\"640\" height=\"360\" srcset=\"https:\/\/blogg.regionkronoberg.se\/trakutbildning\/wp-content\/uploads\/sites\/13\/2019\/02\/1060008.png 640w, https:\/\/blogg.regionkronoberg.se\/trakutbildning\/wp-content\/uploads\/sites\/13\/2019\/02\/1060008-300x169.png 300w, https:\/\/blogg.regionkronoberg.se\/trakutbildning\/wp-content\/uploads\/sites\/13\/2019\/02\/1060008-150x84.png 150w\" sizes=\"(max-width: 640px) 100vw, 640px\" title=\"_1060008\" alt=\"\" \t\tclass=\"so-widget-image\"\/>\n\t<\/div>\n\n<\/div><\/div><\/div><div id=\"pgc-212-8-1\"  class=\"panel-grid-cell\" ><div id=\"panel-212-8-1-0\" class=\"so-panel widget widget_sow-editor panel-first-child panel-last-child\" data-index=\"16\" ><div\n\t\t\t\n\t\t\tclass=\"so-widget-sow-editor so-widget-sow-editor-base\"\n\t\t\t\n\t\t>\n<div class=\"siteorigin-widget-tinymce textwidget\">\n\t<p>Olika typer av kompresser finns upphandlade.<\/p>\n<p>Den vita kompressen s\u00e4tts med den glatta sidan mot huden.<br \/>\nDen beiga kompressen s\u00e4tts med glatta sidan ut, skumgummit mot huden.<\/p>\n<p>Vi \u00f6nskar att man h\u00e5ller sig till den kompress som \u00e4r utprovad till patienten. Om man \u00f6nskar byta b\u00f6r detta diskuteras med Trakteamet d\u00e5 tjockleken p\u00e5 kompressen p\u00e5verkar hur kanylen sitter i luftv\u00e4gen.<\/p>\n<\/div>\n<\/div><\/div><\/div><\/div><div id=\"pg-212-9\"  class=\"panel-grid panel-no-style\" ><div id=\"pgc-212-9-0\"  class=\"panel-grid-cell\" ><div id=\"panel-212-9-0-0\" class=\"so-panel widget widget_sow-image panel-first-child panel-last-child\" data-index=\"17\" ><div\n\t\t\t\n\t\t\tclass=\"so-widget-sow-image so-widget-sow-image-default-8b5b6f678277-212\"\n\t\t\t\n\t\t>\n<div class=\"sow-image-container\">\n\t\t<img \n\tsrc=\"https:\/\/blogg.regionkronoberg.se\/trakutbildning\/wp-content\/uploads\/sites\/13\/2022\/04\/1050906-kopiera-scaled.jpg\" width=\"2560\" height=\"1440\" srcset=\"https:\/\/blogg.regionkronoberg.se\/trakutbildning\/wp-content\/uploads\/sites\/13\/2022\/04\/1050906-kopiera-scaled.jpg 2560w, https:\/\/blogg.regionkronoberg.se\/trakutbildning\/wp-content\/uploads\/sites\/13\/2022\/04\/1050906-kopiera-300x169.jpg 300w, https:\/\/blogg.regionkronoberg.se\/trakutbildning\/wp-content\/uploads\/sites\/13\/2022\/04\/1050906-kopiera-1024x576.jpg 1024w, https:\/\/blogg.regionkronoberg.se\/trakutbildning\/wp-content\/uploads\/sites\/13\/2022\/04\/1050906-kopiera-768x432.jpg 768w, https:\/\/blogg.regionkronoberg.se\/trakutbildning\/wp-content\/uploads\/sites\/13\/2022\/04\/1050906-kopiera-1536x864.jpg 1536w, https:\/\/blogg.regionkronoberg.se\/trakutbildning\/wp-content\/uploads\/sites\/13\/2022\/04\/1050906-kopiera-2048x1152.jpg 2048w, https:\/\/blogg.regionkronoberg.se\/trakutbildning\/wp-content\/uploads\/sites\/13\/2022\/04\/1050906-kopiera-150x84.jpg 150w\" sizes=\"(max-width: 2560px) 100vw, 2560px\" title=\"Kontrollera kanylen\" alt=\"Kontrollera kanylen\" \t\tclass=\"so-widget-image\"\/>\n\t<\/div>\n\n<\/div><\/div><\/div><div id=\"pgc-212-9-1\"  class=\"panel-grid-cell\" ><div id=\"panel-212-9-1-0\" class=\"so-panel widget widget_sow-editor panel-first-child panel-last-child\" data-index=\"18\" ><div\n\t\t\t\n\t\t\tclass=\"so-widget-sow-editor so-widget-sow-editor-base\"\n\t\t\t\n\t\t>\n<div class=\"siteorigin-widget-tinymce textwidget\">\n\t<p>Kontrollera att kanylen sitter mitt p\u00e5 halsen s\u00e5 att det inte skaver eller ger tryck, kontrollera att kanylbandet sitter \u00e5t som det ska.<\/p>\n<\/div>\n<\/div><\/div><\/div><\/div><div id=\"pg-212-10\"  class=\"panel-grid panel-no-style\" ><div id=\"pgc-212-10-0\"  class=\"panel-grid-cell\" ><div id=\"panel-212-10-0-0\" class=\"so-panel widget widget_sow-image panel-first-child panel-last-child\" data-index=\"19\" ><div\n\t\t\t\n\t\t\tclass=\"so-widget-sow-image so-widget-sow-image-default-8b5b6f678277-212\"\n\t\t\t\n\t\t>\n<div class=\"sow-image-container\">\n\t\t<img \n\tsrc=\"https:\/\/blogg.regionkronoberg.se\/trakutbildning\/wp-content\/uploads\/sites\/13\/2022\/04\/1050912-kopiera-scaled.jpg\" width=\"2560\" height=\"1359\" srcset=\"https:\/\/blogg.regionkronoberg.se\/trakutbildning\/wp-content\/uploads\/sites\/13\/2022\/04\/1050912-kopiera-scaled.jpg 2560w, https:\/\/blogg.regionkronoberg.se\/trakutbildning\/wp-content\/uploads\/sites\/13\/2022\/04\/1050912-kopiera-300x159.jpg 300w, https:\/\/blogg.regionkronoberg.se\/trakutbildning\/wp-content\/uploads\/sites\/13\/2022\/04\/1050912-kopiera-1024x544.jpg 1024w, https:\/\/blogg.regionkronoberg.se\/trakutbildning\/wp-content\/uploads\/sites\/13\/2022\/04\/1050912-kopiera-768x408.jpg 768w, https:\/\/blogg.regionkronoberg.se\/trakutbildning\/wp-content\/uploads\/sites\/13\/2022\/04\/1050912-kopiera-1536x816.jpg 1536w, https:\/\/blogg.regionkronoberg.se\/trakutbildning\/wp-content\/uploads\/sites\/13\/2022\/04\/1050912-kopiera-2048x1088.jpg 2048w, https:\/\/blogg.regionkronoberg.se\/trakutbildning\/wp-content\/uploads\/sites\/13\/2022\/04\/1050912-kopiera-150x80.jpg 150w\" sizes=\"(max-width: 2560px) 100vw, 2560px\" title=\"kanalbandsbyte\" alt=\"kanalbandsbyte\" \t\tclass=\"so-widget-image\"\/>\n\t<\/div>\n\n<\/div><\/div><\/div><div id=\"pgc-212-10-1\"  class=\"panel-grid-cell\" ><div id=\"panel-212-10-1-0\" class=\"so-panel widget widget_sow-editor panel-first-child panel-last-child\" data-index=\"20\" ><div\n\t\t\t\n\t\t\tclass=\"so-widget-sow-editor so-widget-sow-editor-base\"\n\t\t\t\n\t\t>\n<div class=\"siteorigin-widget-tinymce textwidget\">\n\t<p><strong>Kanylbandsbyte<\/strong><\/p>\n<p>Kanylbandet \u00e4r det som h\u00e5ller kanylen p\u00e5 plats. Kanylbandet ska bytas tv\u00e5 g\u00e5nger i veckan eller n\u00e4r det blir fuktigt eller bl\u00f6tt.<\/p>\n<p>Vid byte av kanylband ska alltid tv\u00e5 personal som hj\u00e4lpas \u00e5t. En ansvarar f\u00f6r att h\u00e5lla trakealkanylen p\u00e5 plats n\u00e4r bandet lossas. Slemhinnan i luftstrupen \u00e4r hal, r\u00f6relser av kanylen g\u00f6r att patienten l\u00e4tt b\u00f6rjar hosta och d\u00e5 \u00e5ker den l\u00e4tt ut.<\/p>\n<\/div>\n<\/div><\/div><\/div><\/div><div id=\"pg-212-11\"  class=\"panel-grid panel-no-style\" ><div id=\"pgc-212-11-0\"  class=\"panel-grid-cell\" ><div id=\"panel-212-11-0-0\" class=\"so-panel widget widget_sow-image panel-first-child panel-last-child\" data-index=\"21\" ><div\n\t\t\t\n\t\t\tclass=\"so-widget-sow-image so-widget-sow-image-default-8b5b6f678277-212\"\n\t\t\t\n\t\t>\n<div class=\"sow-image-container\">\n\t\t<img \n\tsrc=\"https:\/\/blogg.regionkronoberg.se\/trakutbildning\/wp-content\/uploads\/sites\/13\/2022\/04\/byte-kanal.png\" width=\"4460\" height=\"2119\" srcset=\"https:\/\/blogg.regionkronoberg.se\/trakutbildning\/wp-content\/uploads\/sites\/13\/2022\/04\/byte-kanal.png 4460w, https:\/\/blogg.regionkronoberg.se\/trakutbildning\/wp-content\/uploads\/sites\/13\/2022\/04\/byte-kanal-300x143.png 300w, https:\/\/blogg.regionkronoberg.se\/trakutbildning\/wp-content\/uploads\/sites\/13\/2022\/04\/byte-kanal-1024x487.png 1024w, https:\/\/blogg.regionkronoberg.se\/trakutbildning\/wp-content\/uploads\/sites\/13\/2022\/04\/byte-kanal-768x365.png 768w, https:\/\/blogg.regionkronoberg.se\/trakutbildning\/wp-content\/uploads\/sites\/13\/2022\/04\/byte-kanal-1536x730.png 1536w, https:\/\/blogg.regionkronoberg.se\/trakutbildning\/wp-content\/uploads\/sites\/13\/2022\/04\/byte-kanal-2048x973.png 2048w, https:\/\/blogg.regionkronoberg.se\/trakutbildning\/wp-content\/uploads\/sites\/13\/2022\/04\/byte-kanal-150x71.png 150w\" sizes=\"(max-width: 4460px) 100vw, 4460px\" title=\"byte kanal fingerm\u00e4tning\" alt=\"byte kanal fingerm\u00e4tning\" \t\tclass=\"so-widget-image\"\/>\n\t<\/div>\n\n<\/div><\/div><\/div><div id=\"pgc-212-11-1\"  class=\"panel-grid-cell\" ><div id=\"panel-212-11-1-0\" class=\"so-panel widget widget_sow-editor panel-first-child panel-last-child\" data-index=\"22\" ><div\n\t\t\t\n\t\t\tclass=\"so-widget-sow-editor so-widget-sow-editor-base\"\n\t\t\t\n\t\t>\n<div class=\"siteorigin-widget-tinymce textwidget\">\n\t<p>I samband med kanylbandsbyte ska huden observeras i nacken. Tv\u00e4tta, torka och sm\u00f6rj nacken med barri\u00e4rkr\u00e4m.<\/p>\n<p>Kanylbandet ska f\u00e4stas s\u00e5 att en till tv\u00e5 fingrar f\u00e5r plats mellan halsen och bandet. Till vuxna anv\u00e4nds oftast kanylband med kardborrekn\u00e4ppning.<\/p>\n<p>En kuff anv\u00e4nds f\u00f6r att t\u00e4ta i luftstrupen, inte f\u00f6r att h\u00e5lla kanylen p\u00e5 plats - det \u00e4r kanylbandets uppgift!<\/p>\n<p>&nbsp;<\/p>\n<\/div>\n<\/div><\/div><\/div><\/div><div id=\"pg-212-12\"  class=\"panel-grid panel-no-style\" ><div id=\"pgc-212-12-0\"  class=\"panel-grid-cell\" ><div id=\"panel-212-12-0-0\" class=\"so-panel widget widget_media_video panel-first-child panel-last-child\" data-index=\"23\" ><h3 class=\"widget-title\">Oml\u00e4ggning<\/h3><div style=\"width:100%;\" class=\"wp-video\"><video class=\"wp-video-shortcode\" id=\"video-212-1\" preload=\"metadata\" controls=\"controls\"><source type=\"video\/mp4\" src=\"https:\/\/blogg.regionkronoberg.se\/trakutbildning\/wp-content\/uploads\/sites\/13\/2022\/06\/omlaggning-fix.mp4?_=1\" \/><source type=\"video\/mp4\" src=\"http:\/\/blogg.regionkronoberg.se\/trakutbildning\/wp-content\/uploads\/sites\/13\/2022\/06\/omlaggning-fix.mp4?_=1\" \/><a href=\"https:\/\/blogg.regionkronoberg.se\/trakutbildning\/wp-content\/uploads\/sites\/13\/2022\/06\/omlaggning-fix.mp4\">https:\/\/blogg.regionkronoberg.se\/trakutbildning\/wp-content\/uploads\/sites\/13\/2022\/06\/omlaggning-fix.mp4<\/a><\/video><\/div><\/div><\/div><\/div><\/div>","protected":false},"excerpt":{"rendered":"<p>Oml\u00e4ggning ska g\u00f6ras morgon och kv\u00e4ll, samt vid behov. Det \u00e4r viktigt att huden h\u00e5lls ren och torr. Huden runt stomat ska inspekteras dagligen.<\/p>\n<p> <a class=\"continue-reading-link\" href=\"https:\/\/blogg.regionkronoberg.se\/trakutbildning\/omlaggning\/\"><span>Continue reading<\/span><i class=\"crycon-right-dir\"><\/i><\/a> <\/p>\n","protected":false},"author":45,"featured_media":0,"parent":0,"menu_order":0,"comment_status":"closed","ping_status":"closed","template":"","meta":{"footnotes":""},"class_list":["post-212","page","type-page","status-publish","hentry"],"_links":{"self":[{"href":"https:\/\/blogg.regionkronoberg.se\/trakutbildning\/wp-json\/wp\/v2\/pages\/212","targetHints":{"allow":["GET"]}}],"collection":[{"href":"https:\/\/blogg.regionkronoberg.se\/trakutbildning\/wp-json\/wp\/v2\/pages"}],"about":[{"href":"https:\/\/blogg.regionkronoberg.se\/trakutbildning\/wp-json\/wp\/v2\/types\/page"}],"author":[{"embeddable":true,"href":"https:\/\/blogg.regionkronoberg.se\/trakutbildning\/wp-json\/wp\/v2\/users\/45"}],"replies":[{"embeddable":true,"href":"https:\/\/blogg.regionkronoberg.se\/trakutbildning\/wp-json\/wp\/v2\/comments?post=212"}],"version-history":[{"count":42,"href":"https:\/\/blogg.regionkronoberg.se\/trakutbildning\/wp-json\/wp\/v2\/pages\/212\/revisions"}],"predecessor-version":[{"id":1820,"href":"https:\/\/blogg.regionkronoberg.se\/trakutbildning\/wp-json\/wp\/v2\/pages\/212\/revisions\/1820"}],"wp:attachment":[{"href":"https:\/\/blogg.regionkronoberg.se\/trakutbildning\/wp-json\/wp\/v2\/media?parent=212"}],"curies":[{"name":"wp","href":"https:\/\/api.w.org\/{rel}","templated":true}]}}