{"id":206,"date":"2017-12-07T16:05:00","date_gmt":"2017-12-07T15:05:00","guid":{"rendered":"http:\/\/blogg.regionkronoberg.se\/trakutbildning\/?page_id=206"},"modified":"2019-10-16T08:28:42","modified_gmt":"2019-10-16T06:28:42","slug":"daglig-skotsel","status":"publish","type":"page","link":"https:\/\/blogg.regionkronoberg.se\/trakutbildning\/daglig-skotsel\/","title":{"rendered":"Hygien"},"content":{"rendered":"<div id=\"pl-206\"  class=\"panel-layout\" ><div id=\"pg-206-0\"  class=\"panel-grid panel-no-style\" ><div id=\"pgc-206-0-0\"  class=\"panel-grid-cell\" ><div id=\"panel-206-0-0-0\" class=\"so-panel widget widget_sow-image panel-first-child panel-last-child\" data-index=\"0\" ><div\n\t\t\t\n\t\t\tclass=\"so-widget-sow-image so-widget-sow-image-default-8b5b6f678277-206\"\n\t\t\t\n\t\t>\n<div class=\"sow-image-container\">\n\t\t<img \n\tsrc=\"https:\/\/blogg.regionkronoberg.se\/trakutbildning\/wp-content\/uploads\/sites\/13\/2019\/02\/1060305.png\" width=\"529\" height=\"296\" srcset=\"https:\/\/blogg.regionkronoberg.se\/trakutbildning\/wp-content\/uploads\/sites\/13\/2019\/02\/1060305.png 529w, https:\/\/blogg.regionkronoberg.se\/trakutbildning\/wp-content\/uploads\/sites\/13\/2019\/02\/1060305-300x168.png 300w, https:\/\/blogg.regionkronoberg.se\/trakutbildning\/wp-content\/uploads\/sites\/13\/2019\/02\/1060305-150x84.png 150w\" sizes=\"(max-width: 529px) 100vw, 529px\" title=\"_1060305\" alt=\"\" \t\tclass=\"so-widget-image\"\/>\n\t<\/div>\n\n<\/div><\/div><\/div><div id=\"pgc-206-0-1\"  class=\"panel-grid-cell\" ><div id=\"panel-206-0-1-0\" class=\"so-panel widget widget_sow-editor panel-first-child panel-last-child\" data-index=\"1\" ><div\n\t\t\t\n\t\t\tclass=\"so-widget-sow-editor so-widget-sow-editor-base\"\n\t\t\t\n\t\t>\n<div class=\"siteorigin-widget-tinymce textwidget\">\n\t<p>Basala hygienrutiner ska alltid till\u00e4mpas i all kontakt med patienter p\u00e5 s\u00e5v\u00e4l sjukhus som i hemsjukv\u00e5rd. Det inneb\u00e4r t.ex. att handsprit\u00a0alltid ska anv\u00e4ndas f\u00f6re och efter patientkontakt och mellan olika v\u00e5rdmoment. Handskar ska anv\u00e4ndas vid kontakt med kroppsv\u00e4tskor som sekret fr\u00e5n trakeostomi, urin, avf\u00f6ring eller blod. Handskar ska bytas mellan olika v\u00e5rdmoment som kr\u00e4ver handskar.<\/p>\n<p>I situationer d\u00e4r st\u00e4nkt kan f\u00f6rekomma ska skyddsglas\u00f6gon anv\u00e4ndas.<\/p>\n<p>Vid reng\u00f6ring av delar som ska finnas i n\u00e4rheten av eller i andningsv\u00e4garna, \u00e4r det viktigt att delarna \u00e4r helt torra fr\u00e5n kranvatten. Kranvatten kan inneh\u00e5lla sjukdomsframkallande bakterier<\/p>\n<\/div>\n<\/div><\/div><\/div><\/div><\/div>","protected":false},"excerpt":{"rendered":"<p>Basala hygienrutiner ska alltid till\u00e4mpas i all kontakt med patienter p\u00e5 s\u00e5v\u00e4l sjukhus som i hemsjukv\u00e5rd. Det inneb\u00e4r t.ex. att handsprit\u00a0alltid ska anv\u00e4ndas f\u00f6re och efter patientkontakt och mellan olika v\u00e5rdmoment. Handskar ska anv\u00e4ndas vid kontakt med kroppsv\u00e4tskor som sekret fr\u00e5n trakeostomi, urin, avf\u00f6ring eller blod. Handskar ska bytas mellan\u2026<\/p>\n<p> <a class=\"continue-reading-link\" href=\"https:\/\/blogg.regionkronoberg.se\/trakutbildning\/daglig-skotsel\/\"><span>Continue reading<\/span><i class=\"crycon-right-dir\"><\/i><\/a> <\/p>\n","protected":false},"author":45,"featured_media":0,"parent":0,"menu_order":0,"comment_status":"closed","ping_status":"closed","template":"","meta":{"footnotes":""},"class_list":["post-206","page","type-page","status-publish","hentry"],"_links":{"self":[{"href":"https:\/\/blogg.regionkronoberg.se\/trakutbildning\/wp-json\/wp\/v2\/pages\/206","targetHints":{"allow":["GET"]}}],"collection":[{"href":"https:\/\/blogg.regionkronoberg.se\/trakutbildning\/wp-json\/wp\/v2\/pages"}],"about":[{"href":"https:\/\/blogg.regionkronoberg.se\/trakutbildning\/wp-json\/wp\/v2\/types\/page"}],"author":[{"embeddable":true,"href":"https:\/\/blogg.regionkronoberg.se\/trakutbildning\/wp-json\/wp\/v2\/users\/45"}],"replies":[{"embeddable":true,"href":"https:\/\/blogg.regionkronoberg.se\/trakutbildning\/wp-json\/wp\/v2\/comments?post=206"}],"version-history":[{"count":9,"href":"https:\/\/blogg.regionkronoberg.se\/trakutbildning\/wp-json\/wp\/v2\/pages\/206\/revisions"}],"predecessor-version":[{"id":1685,"href":"https:\/\/blogg.regionkronoberg.se\/trakutbildning\/wp-json\/wp\/v2\/pages\/206\/revisions\/1685"}],"wp:attachment":[{"href":"https:\/\/blogg.regionkronoberg.se\/trakutbildning\/wp-json\/wp\/v2\/media?parent=206"}],"curies":[{"name":"wp","href":"https:\/\/api.w.org\/{rel}","templated":true}]}}