{"id":200,"date":"2017-12-07T16:04:16","date_gmt":"2017-12-07T15:04:16","guid":{"rendered":"http:\/\/blogg.regionkronoberg.se\/trakutbildning\/?page_id=200"},"modified":"2022-06-08T10:31:34","modified_gmt":"2022-06-08T08:31:34","slug":"akuta-atgarder","status":"publish","type":"page","link":"https:\/\/blogg.regionkronoberg.se\/trakutbildning\/akuta-atgarder\/","title":{"rendered":"Akuta \u00e5tg\u00e4rder"},"content":{"rendered":"<div id=\"pl-200\"  class=\"panel-layout\" ><div id=\"pg-200-0\"  class=\"panel-grid panel-no-style\" ><div id=\"pgc-200-0-0\"  class=\"panel-grid-cell\" ><div id=\"panel-200-0-0-0\" class=\"so-panel widget widget_sow-image panel-first-child panel-last-child\" data-index=\"0\" ><div\n\t\t\t\n\t\t\tclass=\"so-widget-sow-image so-widget-sow-image-default-8b5b6f678277-200\"\n\t\t\t\n\t\t>\n<div class=\"sow-image-container\">\n\t\t<img \n\tsrc=\"https:\/\/blogg.regionkronoberg.se\/trakutbildning\/wp-content\/uploads\/sites\/13\/2019\/02\/1050717b.jpg\" width=\"787\" height=\"418\" srcset=\"https:\/\/blogg.regionkronoberg.se\/trakutbildning\/wp-content\/uploads\/sites\/13\/2019\/02\/1050717b.jpg 787w, https:\/\/blogg.regionkronoberg.se\/trakutbildning\/wp-content\/uploads\/sites\/13\/2019\/02\/1050717b-300x159.jpg 300w, https:\/\/blogg.regionkronoberg.se\/trakutbildning\/wp-content\/uploads\/sites\/13\/2019\/02\/1050717b-768x408.jpg 768w, https:\/\/blogg.regionkronoberg.se\/trakutbildning\/wp-content\/uploads\/sites\/13\/2019\/02\/1050717b-150x80.jpg 150w\" sizes=\"(max-width: 787px) 100vw, 787px\" title=\"_1050717b\" alt=\"\" \t\tclass=\"so-widget-image\"\/>\n\t<\/div>\n\n<\/div><\/div><\/div><div id=\"pgc-200-0-1\"  class=\"panel-grid-cell\" ><div id=\"panel-200-0-1-0\" class=\"so-panel widget widget_sow-editor panel-first-child panel-last-child\" data-index=\"1\" ><div\n\t\t\t\n\t\t\tclass=\"so-widget-sow-editor so-widget-sow-editor-base\"\n\t\t\t\n\t\t>\n<div class=\"siteorigin-widget-tinymce textwidget\">\n\t<p>En allvarlig komplikation \u00e4r sekret som fastnar i luftv\u00e4garna eller i kanylen.\u00a0 Blir det helt stopp \u00e4r detta livshotande.<\/p>\n<p>N\u00e4r du v\u00e5rdar en patient med trakeostomi ska du alltid veta var larm-\/telefonnummer finns f\u00f6r att snabbt kunna f\u00e5 hj\u00e4lp vid fr\u00e5gor eller vid en akutsituation. <strong>Att larma p\u00e5 hj\u00e4lp \u00e4r viktigt men arbetar man ensam m\u00e5ste snabba \u00e5tg\u00e4rder prioriteras!<\/strong> Handlingsplan f\u00f6r akuta situationer ska finnas i patientens n\u00e4rhet. Likas\u00e5 ska akututrustning och sug alltid finnas n\u00e4ra, \u00e4ven vid kortare f\u00f6rflyttningar.<\/p>\n<p>De patienter som v\u00e5rdas i hemmet har alla en individuell handlingsplan f\u00f6r akuta situationer g\u00e4llande trakeostomin. V\u00e5rdas en patient p\u00e5 sjukhus f\u00f6re individuell plan har uppr\u00e4ttats \u00e4r det den generella handlingsplanen som g\u00e4ller. F\u00f6rutom om patienten v\u00e5rdas p\u00e5 IVA, som har s\u00e4rskillda rutiner.<\/p>\n<p>F\u00f6rs\u00f6k att arbeta lugnt och metodiskt efter handlingsplanen. Ett lugnt agerande fr\u00e5n personal g\u00f6r att patienten k\u00e4nner sig tryggare.\u00a0 H\u00e4ll ut inneh\u00e5llet i akutv\u00e4skan p\u00e5 ett underl\u00e4gg f\u00f6r att inte beh\u00f6va leta efter saker.<\/p>\n<\/div>\n<\/div><\/div><\/div><\/div><div id=\"pg-200-1\"  class=\"panel-grid panel-no-style\" ><div id=\"pgc-200-1-0\"  class=\"panel-grid-cell\" ><div id=\"panel-200-1-0-0\" class=\"so-panel widget widget_sow-image panel-first-child panel-last-child\" data-index=\"2\" ><div\n\t\t\t\n\t\t\tclass=\"so-widget-sow-image so-widget-sow-image-default-8b5b6f678277-200\"\n\t\t\t\n\t\t>\n<div class=\"sow-image-container\">\n\t\t<img \n\tsrc=\"https:\/\/blogg.regionkronoberg.se\/trakutbildning\/wp-content\/uploads\/sites\/13\/2019\/09\/DSC_2692b.jpg\" width=\"850\" height=\"567\" srcset=\"https:\/\/blogg.regionkronoberg.se\/trakutbildning\/wp-content\/uploads\/sites\/13\/2019\/09\/DSC_2692b.jpg 850w, https:\/\/blogg.regionkronoberg.se\/trakutbildning\/wp-content\/uploads\/sites\/13\/2019\/09\/DSC_2692b-300x200.jpg 300w, https:\/\/blogg.regionkronoberg.se\/trakutbildning\/wp-content\/uploads\/sites\/13\/2019\/09\/DSC_2692b-768x512.jpg 768w, https:\/\/blogg.regionkronoberg.se\/trakutbildning\/wp-content\/uploads\/sites\/13\/2019\/09\/DSC_2692b-150x100.jpg 150w, https:\/\/blogg.regionkronoberg.se\/trakutbildning\/wp-content\/uploads\/sites\/13\/2019\/09\/DSC_2692b-272x182.jpg 272w\" sizes=\"(max-width: 850px) 100vw, 850px\" alt=\"\" \t\tclass=\"so-widget-image\"\/>\n\t<\/div>\n\n<\/div><\/div><\/div><div id=\"pgc-200-1-1\"  class=\"panel-grid-cell\" ><div id=\"panel-200-1-1-0\" class=\"so-panel widget widget_sow-editor panel-first-child panel-last-child\" data-index=\"3\" ><div\n\t\t\t\n\t\t\tclass=\"so-widget-sow-editor so-widget-sow-editor-base\"\n\t\t\t\n\t\t>\n<div class=\"siteorigin-widget-tinymce textwidget\">\n\t<h2><span style=\"color: #333333\"><strong>Handlingsplan vid akuta \u00e5tg\u00e4rder<\/strong><\/span><\/h2>\n<p><strong>Att larma p\u00e5 hj\u00e4lp \u00e4r viktigt men arbetar man ensam m\u00e5ste snabba \u00e5tg\u00e4rder prioriteras!<\/strong><br \/>\nOm hinder uppst\u00e5r i trakealkanylen som orsakar andn\u00f6d ska f\u00f6ljande g\u00f6ras:<\/p>\n<p>&nbsp;<\/p>\n<\/div>\n<\/div><\/div><\/div><\/div><div id=\"pg-200-2\"  class=\"panel-grid panel-no-style\" ><div id=\"pgc-200-2-0\"  class=\"panel-grid-cell\" ><div id=\"panel-200-2-0-0\" class=\"so-panel widget widget_sow-image panel-first-child panel-last-child\" data-index=\"4\" ><div\n\t\t\t\n\t\t\tclass=\"so-widget-sow-image so-widget-sow-image-default-8b5b6f678277-200\"\n\t\t\t\n\t\t>\n<div class=\"sow-image-container\">\n\t\t<img \n\tsrc=\"https:\/\/blogg.regionkronoberg.se\/trakutbildning\/wp-content\/uploads\/sites\/13\/2019\/02\/1060097.png\" width=\"640\" height=\"360\" srcset=\"https:\/\/blogg.regionkronoberg.se\/trakutbildning\/wp-content\/uploads\/sites\/13\/2019\/02\/1060097.png 640w, https:\/\/blogg.regionkronoberg.se\/trakutbildning\/wp-content\/uploads\/sites\/13\/2019\/02\/1060097-300x169.png 300w, https:\/\/blogg.regionkronoberg.se\/trakutbildning\/wp-content\/uploads\/sites\/13\/2019\/02\/1060097-150x84.png 150w\" sizes=\"(max-width: 640px) 100vw, 640px\" title=\"_1060097\" alt=\"\" \t\tclass=\"so-widget-image\"\/>\n\t<\/div>\n\n<\/div><\/div><\/div><div id=\"pgc-200-2-1\"  class=\"panel-grid-cell\" ><div id=\"panel-200-2-1-0\" class=\"so-panel widget widget_sow-editor panel-first-child panel-last-child\" data-index=\"5\" ><div\n\t\t\t\n\t\t\tclass=\"so-widget-sow-editor so-widget-sow-editor-base\"\n\t\t\t\n\t\t>\n<div class=\"siteorigin-widget-tinymce textwidget\">\n\t<p><strong>Ta ut innerkanyl<\/strong><br \/>\nOm hinder uppst\u00e5r i trakealkanyl med innerkanyl s\u00e5 avl\u00e4gsnas sekretpropp genom att innerkanylen byts.<\/p>\n<\/div>\n<\/div><\/div><\/div><\/div><div id=\"pg-200-3\"  class=\"panel-grid panel-no-style\" ><div id=\"pgc-200-3-0\"  class=\"panel-grid-cell\" ><div id=\"panel-200-3-0-0\" class=\"so-panel widget widget_sow-image panel-first-child panel-last-child\" data-index=\"6\" ><div\n\t\t\t\n\t\t\tclass=\"so-widget-sow-image so-widget-sow-image-default-8b5b6f678277-200\"\n\t\t\t\n\t\t>\n<div class=\"sow-image-container\">\n\t\t<img \n\tsrc=\"https:\/\/blogg.regionkronoberg.se\/trakutbildning\/wp-content\/uploads\/sites\/13\/2019\/02\/1060197.png\" width=\"640\" height=\"360\" srcset=\"https:\/\/blogg.regionkronoberg.se\/trakutbildning\/wp-content\/uploads\/sites\/13\/2019\/02\/1060197.png 640w, https:\/\/blogg.regionkronoberg.se\/trakutbildning\/wp-content\/uploads\/sites\/13\/2019\/02\/1060197-300x169.png 300w, https:\/\/blogg.regionkronoberg.se\/trakutbildning\/wp-content\/uploads\/sites\/13\/2019\/02\/1060197-150x84.png 150w\" sizes=\"(max-width: 640px) 100vw, 640px\" title=\"_1060197\" alt=\"\" \t\tclass=\"so-widget-image\"\/>\n\t<\/div>\n\n<\/div><\/div><\/div><div id=\"pgc-200-3-1\"  class=\"panel-grid-cell\" ><div id=\"panel-200-3-1-0\" class=\"so-panel widget widget_sow-editor panel-first-child panel-last-child\" data-index=\"7\" ><div\n\t\t\t\n\t\t\tclass=\"so-widget-sow-editor so-widget-sow-editor-base\"\n\t\t\t\n\t\t>\n<div class=\"siteorigin-widget-tinymce textwidget\">\n\t<p><strong>Sug 4-5 cm nedanf\u00f6r kanylspets<\/strong><br \/>\nSug i trakealkanylen, 4-5 cm nedanf\u00f6r kanylspets. Vid behov anv\u00e4nds den gr\u00f6vre sugkatetern.<\/p>\n<\/div>\n<\/div><\/div><\/div><\/div><div id=\"pg-200-4\"  class=\"panel-grid panel-no-style\" ><div id=\"pgc-200-4-0\"  class=\"panel-grid-cell\" ><div id=\"panel-200-4-0-0\" class=\"so-panel widget widget_sow-image panel-first-child panel-last-child\" data-index=\"8\" ><div\n\t\t\t\n\t\t\tclass=\"so-widget-sow-image so-widget-sow-image-default-8b5b6f678277-200\"\n\t\t\t\n\t\t>\n<div class=\"sow-image-container\">\n\t\t<img \n\tsrc=\"https:\/\/blogg.regionkronoberg.se\/trakutbildning\/wp-content\/uploads\/sites\/13\/2019\/02\/1060087.png\" width=\"640\" height=\"360\" srcset=\"https:\/\/blogg.regionkronoberg.se\/trakutbildning\/wp-content\/uploads\/sites\/13\/2019\/02\/1060087.png 640w, https:\/\/blogg.regionkronoberg.se\/trakutbildning\/wp-content\/uploads\/sites\/13\/2019\/02\/1060087-300x169.png 300w, https:\/\/blogg.regionkronoberg.se\/trakutbildning\/wp-content\/uploads\/sites\/13\/2019\/02\/1060087-150x84.png 150w\" sizes=\"(max-width: 640px) 100vw, 640px\" title=\"_1060087\" alt=\"\" \t\tclass=\"so-widget-image\"\/>\n\t<\/div>\n\n<\/div><\/div><\/div><div id=\"pgc-200-4-1\"  class=\"panel-grid-cell\" ><div id=\"panel-200-4-1-0\" class=\"so-panel widget widget_sow-editor panel-first-child panel-last-child\" data-index=\"9\" ><div\n\t\t\t\n\t\t\tclass=\"so-widget-sow-editor so-widget-sow-editor-base\"\n\t\t\t\n\t\t>\n<div class=\"siteorigin-widget-tinymce textwidget\">\n\t<p><strong>Kuffa ur<\/strong><\/p>\n<p>Om patienten har trakealkanyl med kuff kan kuffen t\u00f6mmas f\u00f6r att eventuell luft ska kunna passera vid sidan om kanylen och patienten kan andas lite via munnen.<\/p>\n<\/div>\n<\/div><\/div><\/div><\/div><div id=\"pg-200-5\"  class=\"panel-grid panel-no-style\" ><div id=\"pgc-200-5-0\"  class=\"panel-grid-cell\" ><div id=\"panel-200-5-0-0\" class=\"so-panel widget widget_sow-image panel-first-child panel-last-child\" data-index=\"10\" ><div\n\t\t\t\n\t\t\tclass=\"so-widget-sow-image so-widget-sow-image-default-8b5b6f678277-200\"\n\t\t\t\n\t\t>\n<div class=\"sow-image-container\">\n\t\t<img \n\tsrc=\"https:\/\/blogg.regionkronoberg.se\/trakutbildning\/wp-content\/uploads\/sites\/13\/2019\/02\/1060185.png\" width=\"640\" height=\"360\" srcset=\"https:\/\/blogg.regionkronoberg.se\/trakutbildning\/wp-content\/uploads\/sites\/13\/2019\/02\/1060185.png 640w, https:\/\/blogg.regionkronoberg.se\/trakutbildning\/wp-content\/uploads\/sites\/13\/2019\/02\/1060185-300x169.png 300w, https:\/\/blogg.regionkronoberg.se\/trakutbildning\/wp-content\/uploads\/sites\/13\/2019\/02\/1060185-150x84.png 150w\" sizes=\"(max-width: 640px) 100vw, 640px\" title=\"_1060185\" alt=\"\" \t\tclass=\"so-widget-image\"\/>\n\t<\/div>\n\n<\/div><\/div><\/div><div id=\"pgc-200-5-1\"  class=\"panel-grid-cell\" ><div id=\"panel-200-5-1-0\" class=\"so-panel widget widget_sow-editor panel-first-child panel-last-child\" data-index=\"11\" ><div\n\t\t\t\n\t\t\tclass=\"so-widget-sow-editor so-widget-sow-editor-base\"\n\t\t\t\n\t\t>\n<div class=\"siteorigin-widget-tinymce textwidget\">\n\t<p><strong>Droppa 1-2 ml NaCl, sug igen<\/strong><br \/>\nEn liten m\u00e4ngd vatten i lungorna ger en \u201dkallsup\u201d dvs. ger kraftig hosta. F\u00f6rhoppningsvis kan detta g\u00f6ra att sekretpropp hostas upp.<\/p>\n<\/div>\n<\/div><\/div><\/div><\/div><div id=\"pg-200-6\"  class=\"panel-grid panel-no-style\" ><div id=\"pgc-200-6-0\"  class=\"panel-grid-cell\" ><div id=\"panel-200-6-0-0\" class=\"so-panel widget widget_sow-image panel-first-child panel-last-child\" data-index=\"12\" ><div\n\t\t\t\n\t\t\tclass=\"so-widget-sow-image so-widget-sow-image-default-8b5b6f678277-200\"\n\t\t\t\n\t\t>\n<div class=\"sow-image-container\">\n\t\t<img \n\tsrc=\"https:\/\/blogg.regionkronoberg.se\/trakutbildning\/wp-content\/uploads\/sites\/13\/2019\/02\/1060233.png\" width=\"640\" height=\"260\" srcset=\"https:\/\/blogg.regionkronoberg.se\/trakutbildning\/wp-content\/uploads\/sites\/13\/2019\/02\/1060233.png 640w, https:\/\/blogg.regionkronoberg.se\/trakutbildning\/wp-content\/uploads\/sites\/13\/2019\/02\/1060233-300x122.png 300w, https:\/\/blogg.regionkronoberg.se\/trakutbildning\/wp-content\/uploads\/sites\/13\/2019\/02\/1060233-150x61.png 150w\" sizes=\"(max-width: 640px) 100vw, 640px\" title=\"_1060233\" alt=\"\" \t\tclass=\"so-widget-image\"\/>\n\t<\/div>\n\n<\/div><\/div><\/div><div id=\"pgc-200-6-1\"  class=\"panel-grid-cell\" ><div id=\"panel-200-6-1-0\" class=\"so-panel widget widget_sow-editor panel-first-child panel-last-child\" data-index=\"13\" ><div\n\t\t\t\n\t\t\tclass=\"so-widget-sow-editor so-widget-sow-editor-base\"\n\t\t\t\n\t\t>\n<div class=\"siteorigin-widget-tinymce textwidget\">\n\t<p><strong>Bl\u00e5s ner andningshinder med andningsballong<\/strong><br \/>\nHar ovanst\u00e5ende inte lyckats kan man prova att trycka ner sekretproppen i ena lungan. F\u00f6rhoppningsvis kan patienten f\u00e5 luft med ena lungan.<\/p>\n<p>Ge patienten f\u00f6rst ett lugnt andetag, och d\u00e4refter ett par kraftiga inbl\u00e5sningar med andningsballongen via trakealkanylen. Anv\u00e4nd alltid enhandsgrepp f\u00f6r att inte ge f\u00f6r kraftigt tryck.<\/p>\n<p>Har patienten en hostmaskin kan s\u00e5dan anv\u00e4ndas.<\/p>\n<\/div>\n<\/div><\/div><\/div><\/div><div id=\"pg-200-7\"  class=\"panel-grid panel-no-style\" ><div id=\"pgc-200-7-0\"  class=\"panel-grid-cell\" ><div id=\"panel-200-7-0-0\" class=\"so-panel widget widget_sow-image panel-first-child panel-last-child\" data-index=\"14\" ><div\n\t\t\t\n\t\t\tclass=\"so-widget-sow-image so-widget-sow-image-default-8b5b6f678277-200\"\n\t\t\t\n\t\t>\n<div class=\"sow-image-container\">\n\t\t<img \n\tsrc=\"https:\/\/blogg.regionkronoberg.se\/trakutbildning\/wp-content\/uploads\/sites\/13\/2019\/02\/1060040.png\" width=\"640\" height=\"360\" srcset=\"https:\/\/blogg.regionkronoberg.se\/trakutbildning\/wp-content\/uploads\/sites\/13\/2019\/02\/1060040.png 640w, https:\/\/blogg.regionkronoberg.se\/trakutbildning\/wp-content\/uploads\/sites\/13\/2019\/02\/1060040-300x169.png 300w, https:\/\/blogg.regionkronoberg.se\/trakutbildning\/wp-content\/uploads\/sites\/13\/2019\/02\/1060040-150x84.png 150w\" sizes=\"(max-width: 640px) 100vw, 640px\" title=\"_1060040\" alt=\"\" \t\tclass=\"so-widget-image\"\/>\n\t<\/div>\n\n<\/div><\/div><\/div><div id=\"pgc-200-7-1\"  class=\"panel-grid-cell\" ><div id=\"panel-200-7-1-0\" class=\"so-panel widget widget_sow-editor panel-first-child panel-last-child\" data-index=\"15\" ><div\n\t\t\t\n\t\t\tclass=\"so-widget-sow-editor so-widget-sow-editor-base\"\n\t\t\t\n\t\t>\n<div class=\"siteorigin-widget-tinymce textwidget\">\n\t<p><strong>Om andn\u00f6d kvarst\u00e5r utf\u00f6r akut byte av trakealkanyl.<\/strong><\/p>\n<\/div>\n<\/div><\/div><\/div><\/div><div id=\"pg-200-8\"  class=\"panel-grid panel-no-style\" ><div id=\"pgc-200-8-0\"  class=\"panel-grid-cell\" ><div id=\"panel-200-8-0-0\" class=\"so-panel widget widget_sow-image panel-first-child panel-last-child\" data-index=\"16\" ><div\n\t\t\t\n\t\t\tclass=\"so-widget-sow-image so-widget-sow-image-default-8b5b6f678277-200\"\n\t\t\t\n\t\t>\n<div class=\"sow-image-container\">\n\t\t<img \n\tsrc=\"https:\/\/blogg.regionkronoberg.se\/trakutbildning\/wp-content\/uploads\/sites\/13\/2022\/04\/1050800-kopiera-scaled.jpg\" width=\"2288\" height=\"2560\" srcset=\"https:\/\/blogg.regionkronoberg.se\/trakutbildning\/wp-content\/uploads\/sites\/13\/2022\/04\/1050800-kopiera-scaled.jpg 2288w, https:\/\/blogg.regionkronoberg.se\/trakutbildning\/wp-content\/uploads\/sites\/13\/2022\/04\/1050800-kopiera-268x300.jpg 268w, https:\/\/blogg.regionkronoberg.se\/trakutbildning\/wp-content\/uploads\/sites\/13\/2022\/04\/1050800-kopiera-915x1024.jpg 915w, https:\/\/blogg.regionkronoberg.se\/trakutbildning\/wp-content\/uploads\/sites\/13\/2022\/04\/1050800-kopiera-768x859.jpg 768w, https:\/\/blogg.regionkronoberg.se\/trakutbildning\/wp-content\/uploads\/sites\/13\/2022\/04\/1050800-kopiera-1373x1536.jpg 1373w, https:\/\/blogg.regionkronoberg.se\/trakutbildning\/wp-content\/uploads\/sites\/13\/2022\/04\/1050800-kopiera-1831x2048.jpg 1831w, https:\/\/blogg.regionkronoberg.se\/trakutbildning\/wp-content\/uploads\/sites\/13\/2022\/04\/1050800-kopiera-134x150.jpg 134w\" sizes=\"(max-width: 2288px) 100vw, 2288px\" title=\"_1050800 kopiera\" alt=\"Stoma \u00f6ppnas med spekulum\" \t\tclass=\"so-widget-image\"\/>\n\t<\/div>\n\n<\/div><\/div><\/div><div id=\"pgc-200-8-1\"  class=\"panel-grid-cell\" ><div id=\"panel-200-8-1-0\" class=\"so-panel widget widget_sow-editor panel-first-child panel-last-child\" data-index=\"17\" ><div\n\t\t\t\n\t\t\tclass=\"so-widget-sow-editor so-widget-sow-editor-base\"\n\t\t\t\n\t\t>\n<div class=\"siteorigin-widget-tinymce textwidget\">\n\t<p><strong>Ta ut kanylen. H\u00e5ll stomat \u00f6ppet med n\u00e4sspekulum.<\/strong><\/p>\n<p>Klipp av kanylbandet och ta ut kanylen. H\u00e5ll stomat \u00f6ppet med n\u00e4sspekulum.<\/p>\n<\/div>\n<\/div><\/div><\/div><\/div><div id=\"pg-200-9\"  class=\"panel-grid panel-no-style\" ><div id=\"pgc-200-9-0\"  class=\"panel-grid-cell\" ><div id=\"panel-200-9-0-0\" class=\"so-panel widget widget_sow-image panel-first-child panel-last-child\" data-index=\"18\" ><div\n\t\t\t\n\t\t\tclass=\"so-widget-sow-image so-widget-sow-image-default-8b5b6f678277-200\"\n\t\t\t\n\t\t>\n<div class=\"sow-image-container\">\n\t\t<img \n\tsrc=\"https:\/\/blogg.regionkronoberg.se\/trakutbildning\/wp-content\/uploads\/sites\/13\/2019\/02\/1060049.png\" width=\"640\" height=\"360\" srcset=\"https:\/\/blogg.regionkronoberg.se\/trakutbildning\/wp-content\/uploads\/sites\/13\/2019\/02\/1060049.png 640w, https:\/\/blogg.regionkronoberg.se\/trakutbildning\/wp-content\/uploads\/sites\/13\/2019\/02\/1060049-300x169.png 300w, https:\/\/blogg.regionkronoberg.se\/trakutbildning\/wp-content\/uploads\/sites\/13\/2019\/02\/1060049-150x84.png 150w\" sizes=\"(max-width: 640px) 100vw, 640px\" title=\"_1060049\" alt=\"\" \t\tclass=\"so-widget-image\"\/>\n\t<\/div>\n\n<\/div><\/div><\/div><div id=\"pgc-200-9-1\"  class=\"panel-grid-cell\" ><div id=\"panel-200-9-1-0\" class=\"so-panel widget widget_sow-editor panel-first-child panel-last-child\" data-index=\"19\" ><div\n\t\t\t\n\t\t\tclass=\"so-widget-sow-editor so-widget-sow-editor-base\"\n\t\t\t\n\t\t>\n<div class=\"siteorigin-widget-tinymce textwidget\">\n\t<p>Ta fram reservkanylen<\/p>\n<\/div>\n<\/div><\/div><\/div><\/div><div id=\"pg-200-10\"  class=\"panel-grid panel-no-style\" ><div id=\"pgc-200-10-0\"  class=\"panel-grid-cell\" ><div id=\"panel-200-10-0-0\" class=\"so-panel widget widget_sow-image panel-first-child panel-last-child\" data-index=\"20\" ><div\n\t\t\t\n\t\t\tclass=\"so-widget-sow-image so-widget-sow-image-default-8b5b6f678277-200\"\n\t\t\t\n\t\t>\n<div class=\"sow-image-container\">\n\t\t<img \n\tsrc=\"https:\/\/blogg.regionkronoberg.se\/trakutbildning\/wp-content\/uploads\/sites\/13\/2019\/02\/1050829.png\" width=\"640\" height=\"360\" srcset=\"https:\/\/blogg.regionkronoberg.se\/trakutbildning\/wp-content\/uploads\/sites\/13\/2019\/02\/1050829.png 640w, https:\/\/blogg.regionkronoberg.se\/trakutbildning\/wp-content\/uploads\/sites\/13\/2019\/02\/1050829-300x169.png 300w, https:\/\/blogg.regionkronoberg.se\/trakutbildning\/wp-content\/uploads\/sites\/13\/2019\/02\/1050829-150x84.png 150w\" sizes=\"(max-width: 640px) 100vw, 640px\" title=\"_1050829\" alt=\"\" \t\tclass=\"so-widget-image\"\/>\n\t<\/div>\n\n<\/div><\/div><\/div><div id=\"pgc-200-10-1\"  class=\"panel-grid-cell\" ><div id=\"panel-200-10-1-0\" class=\"so-panel widget widget_sow-editor panel-first-child panel-last-child\" data-index=\"21\" ><div\n\t\t\t\n\t\t\tclass=\"so-widget-sow-editor so-widget-sow-editor-base\"\n\t\t\t\n\t\t>\n<div class=\"siteorigin-widget-tinymce textwidget\">\n\t<p><strong>S\u00e4tt gel p\u00e5 nya kanylen och runt stomat.<\/strong><\/p>\n<p>Sm\u00f6rj kanyl och stoma med gel.<\/p>\n<\/div>\n<\/div><\/div><\/div><\/div><div id=\"pg-200-11\"  class=\"panel-grid panel-no-style\" ><div id=\"pgc-200-11-0\"  class=\"panel-grid-cell\" ><div id=\"panel-200-11-0-0\" class=\"so-panel widget widget_sow-image panel-first-child panel-last-child\" data-index=\"22\" ><div\n\t\t\t\n\t\t\tclass=\"so-widget-sow-image so-widget-sow-image-default-8b5b6f678277-200\"\n\t\t\t\n\t\t>\n<div class=\"sow-image-container\">\n\t\t<img \n\tsrc=\"https:\/\/blogg.regionkronoberg.se\/trakutbildning\/wp-content\/uploads\/sites\/13\/2022\/04\/1050840-kopiera-1-scaled.jpg\" width=\"1678\" height=\"2560\" srcset=\"https:\/\/blogg.regionkronoberg.se\/trakutbildning\/wp-content\/uploads\/sites\/13\/2022\/04\/1050840-kopiera-1-scaled.jpg 1678w, https:\/\/blogg.regionkronoberg.se\/trakutbildning\/wp-content\/uploads\/sites\/13\/2022\/04\/1050840-kopiera-1-197x300.jpg 197w, https:\/\/blogg.regionkronoberg.se\/trakutbildning\/wp-content\/uploads\/sites\/13\/2022\/04\/1050840-kopiera-1-671x1024.jpg 671w, https:\/\/blogg.regionkronoberg.se\/trakutbildning\/wp-content\/uploads\/sites\/13\/2022\/04\/1050840-kopiera-1-768x1172.jpg 768w, https:\/\/blogg.regionkronoberg.se\/trakutbildning\/wp-content\/uploads\/sites\/13\/2022\/04\/1050840-kopiera-1-1007x1536.jpg 1007w, https:\/\/blogg.regionkronoberg.se\/trakutbildning\/wp-content\/uploads\/sites\/13\/2022\/04\/1050840-kopiera-1-1342x2048.jpg 1342w, https:\/\/blogg.regionkronoberg.se\/trakutbildning\/wp-content\/uploads\/sites\/13\/2022\/04\/1050840-kopiera-1-98x150.jpg 98w\" sizes=\"(max-width: 1678px) 100vw, 1678px\" title=\"_1050840 kopiera\" alt=\"\" \t\tclass=\"so-widget-image\"\/>\n\t<\/div>\n\n<\/div><\/div><\/div><div id=\"pgc-200-11-1\"  class=\"panel-grid-cell\" ><div id=\"panel-200-11-1-0\" class=\"so-panel widget widget_sow-editor panel-first-child panel-last-child\" data-index=\"23\" ><div\n\t\t\t\n\t\t\tclass=\"so-widget-sow-editor so-widget-sow-editor-base\"\n\t\t\t\n\t\t>\n<div class=\"siteorigin-widget-tinymce textwidget\">\n\t<p><strong>S\u00e4tt in nya kanylen. Ta bort eventuell ledare.<\/strong><\/p>\n<p>Sp\u00e4nn huden s\u00e5 att h\u00e5let\/stomat \u00f6ppnar sig och s\u00e4tt kanylen f\u00f6rsiktigt p\u00e5 plats. Fixera kanylen med hj\u00e4lp av kanylband.<\/p>\n<p><strong>Om nya kanylen inte kan s\u00e4ttas prova mindre kanyl<\/strong><\/p>\n<p>G\u00e5r det inte att f\u00e5 i kanylen s\u00e5 f\u00f6rs\u00f6k med reservkanylen i mindre storlek.<\/p>\n<p><strong>Om den mindre kanylen inte kan s\u00e4ttas:<\/strong><\/p>\n<ul>\n<li><strong>Kan patienten andas sj\u00e4lv, h\u00e5ll stomat \u00f6ppet med hj\u00e4lp av n\u00e4sspekulum\u00a0 tills hj\u00e4lp anl\u00e4nder.<\/strong><\/li>\n<li><strong>\u00c4r patienten beroende av ventilator f\u00f6r att f\u00e5 luft. H\u00e5ll f\u00f6r stomat. Ventilera med andningsballong, via mun-mask, tills hj\u00e4lp anl\u00e4nder.<\/strong><\/li>\n<\/ul>\n<\/div>\n<\/div><\/div><\/div><\/div><div id=\"pg-200-12\"  class=\"panel-grid panel-no-style\" ><div id=\"pgc-200-12-0\"  class=\"panel-grid-cell panel-grid-cell-mobile-last\" ><div id=\"panel-200-12-0-0\" class=\"so-panel widget widget_sow-image panel-first-child panel-last-child\" data-index=\"24\" ><div\n\t\t\t\n\t\t\tclass=\"so-widget-sow-image so-widget-sow-image-default-8b5b6f678277-200\"\n\t\t\t\n\t\t><\/div><\/div><\/div><div id=\"pgc-200-12-1\"  class=\"panel-grid-cell panel-grid-cell-empty\" ><\/div><\/div><div id=\"pg-200-13\"  class=\"panel-grid panel-no-style\" ><div id=\"pgc-200-13-0\"  class=\"panel-grid-cell\" ><div id=\"panel-200-13-0-0\" class=\"so-panel widget widget_sow-editor panel-first-child panel-last-child\" data-index=\"25\" ><div\n\t\t\t\n\t\t\tclass=\"so-widget-sow-editor so-widget-sow-editor-base\"\n\t\t\t\n\t\t>\n<div class=\"siteorigin-widget-tinymce textwidget\">\n\t<p>Vissa patienter f\u00e5r ingen luft alls om kanylen tas bort, vissa patienter som haft sin kanyl l\u00e4nge kan andas bra genom sitt stoma. D\u00e4rf\u00f6r \u00e4r det stor skillnad i hur akut l\u00e4get blir om kanylen \u00e5ker ut av misstag.<\/p>\n<p>En kanyl kan \u00e4ven \u00e5ka ut av misstag i ett relativt lugnt skede. F\u00f6lj d\u00e5 samma steg som i akut byte av kanyl och s\u00e4tt en ny kanyl p\u00e5 plats.<\/p>\n<p>\u00c4ven om problemet \u00e4r \u00e5tg\u00e4rdat \u00e4r det viktigt att patientansvarig l\u00e4kare och \u00f6ronl\u00e4kare informeras om h\u00e4ndelsen.<\/p>\n<\/div>\n<\/div><\/div><\/div><\/div><div id=\"pg-200-14\"  class=\"panel-grid panel-no-style\" ><div id=\"pgc-200-14-0\"  class=\"panel-grid-cell\" ><div id=\"panel-200-14-0-0\" class=\"so-panel widget widget_media_video panel-first-child\" data-index=\"26\" ><div style=\"width:100%;\" class=\"wp-video\"><video class=\"wp-video-shortcode\" id=\"video-200-1\" preload=\"metadata\" controls=\"controls\"><source type=\"video\/mp4\" src=\"https:\/\/blogg.regionkronoberg.se\/trakutbildning\/wp-content\/uploads\/sites\/13\/2022\/06\/akutbyte-fix.mp4?_=1\" \/><source type=\"video\/mp4\" src=\"http:\/\/blogg.regionkronoberg.se\/trakutbildning\/wp-content\/uploads\/sites\/13\/2022\/06\/akutbyte-fix.mp4?_=1\" \/><a href=\"https:\/\/blogg.regionkronoberg.se\/trakutbildning\/wp-content\/uploads\/sites\/13\/2022\/06\/akutbyte-fix.mp4\">https:\/\/blogg.regionkronoberg.se\/trakutbildning\/wp-content\/uploads\/sites\/13\/2022\/06\/akutbyte-fix.mp4<\/a><\/video><\/div><\/div><div id=\"panel-200-14-0-1\" class=\"so-panel widget widget_sow-image panel-last-child\" data-index=\"27\" ><div\n\t\t\t\n\t\t\tclass=\"so-widget-sow-image so-widget-sow-image-default-8b5b6f678277-200\"\n\t\t\t\n\t\t><\/div><\/div><\/div><\/div><\/div>","protected":false},"excerpt":{"rendered":"<p>En allvarlig komplikation \u00e4r sekret som fastnar i luftv\u00e4garna eller i kanylen.\u00a0 Blir det helt stopp \u00e4r detta livshotande. N\u00e4r du v\u00e5rdar en patient med trakeostomi ska du alltid veta var larm-\/telefonnummer finns f\u00f6r att snabbt kunna f\u00e5 hj\u00e4lp vid fr\u00e5gor eller vid en akutsituation. Att larma p\u00e5 hj\u00e4lp \u00e4r\u2026<\/p>\n<p> <a class=\"continue-reading-link\" href=\"https:\/\/blogg.regionkronoberg.se\/trakutbildning\/akuta-atgarder\/\"><span>Continue reading<\/span><i class=\"crycon-right-dir\"><\/i><\/a> <\/p>\n","protected":false},"author":45,"featured_media":0,"parent":0,"menu_order":0,"comment_status":"closed","ping_status":"closed","template":"","meta":{"footnotes":""},"class_list":["post-200","page","type-page","status-publish","hentry"],"_links":{"self":[{"href":"https:\/\/blogg.regionkronoberg.se\/trakutbildning\/wp-json\/wp\/v2\/pages\/200","targetHints":{"allow":["GET"]}}],"collection":[{"href":"https:\/\/blogg.regionkronoberg.se\/trakutbildning\/wp-json\/wp\/v2\/pages"}],"about":[{"href":"https:\/\/blogg.regionkronoberg.se\/trakutbildning\/wp-json\/wp\/v2\/types\/page"}],"author":[{"embeddable":true,"href":"https:\/\/blogg.regionkronoberg.se\/trakutbildning\/wp-json\/wp\/v2\/users\/45"}],"replies":[{"embeddable":true,"href":"https:\/\/blogg.regionkronoberg.se\/trakutbildning\/wp-json\/wp\/v2\/comments?post=200"}],"version-history":[{"count":75,"href":"https:\/\/blogg.regionkronoberg.se\/trakutbildning\/wp-json\/wp\/v2\/pages\/200\/revisions"}],"predecessor-version":[{"id":1817,"href":"https:\/\/blogg.regionkronoberg.se\/trakutbildning\/wp-json\/wp\/v2\/pages\/200\/revisions\/1817"}],"wp:attachment":[{"href":"https:\/\/blogg.regionkronoberg.se\/trakutbildning\/wp-json\/wp\/v2\/media?parent=200"}],"curies":[{"name":"wp","href":"https:\/\/api.w.org\/{rel}","templated":true}]}}