{"id":182,"date":"2017-12-07T15:55:00","date_gmt":"2017-12-07T14:55:00","guid":{"rendered":"http:\/\/blogg.regionkronoberg.se\/trakutbildning\/?page_id=182"},"modified":"2019-02-18T15:51:28","modified_gmt":"2019-02-18T14:51:28","slug":"indikation","status":"publish","type":"page","link":"https:\/\/blogg.regionkronoberg.se\/trakutbildning\/indikation\/","title":{"rendered":"Varf\u00f6r trakealkanyl s\u00e4tts"},"content":{"rendered":"<div id=\"pl-182\"  class=\"panel-layout\" ><div id=\"pg-182-0\"  class=\"panel-grid panel-no-style\" ><div id=\"pgc-182-0-0\"  class=\"panel-grid-cell\" ><div id=\"panel-182-0-0-0\" class=\"so-panel widget widget_sow-image panel-first-child\" data-index=\"0\" ><div\n\t\t\t\n\t\t\tclass=\"so-widget-sow-image so-widget-sow-image-default-8b5b6f678277-182\"\n\t\t\t\n\t\t>\n<div class=\"sow-image-container\">\n\t\t<img \n\tsrc=\"https:\/\/blogg.regionkronoberg.se\/trakutbildning\/wp-content\/uploads\/sites\/13\/2019\/02\/steff.png\" width=\"850\" height=\"567\" srcset=\"https:\/\/blogg.regionkronoberg.se\/trakutbildning\/wp-content\/uploads\/sites\/13\/2019\/02\/steff.png 850w, https:\/\/blogg.regionkronoberg.se\/trakutbildning\/wp-content\/uploads\/sites\/13\/2019\/02\/steff-300x200.png 300w, https:\/\/blogg.regionkronoberg.se\/trakutbildning\/wp-content\/uploads\/sites\/13\/2019\/02\/steff-768x512.png 768w, https:\/\/blogg.regionkronoberg.se\/trakutbildning\/wp-content\/uploads\/sites\/13\/2019\/02\/steff-150x100.png 150w, https:\/\/blogg.regionkronoberg.se\/trakutbildning\/wp-content\/uploads\/sites\/13\/2019\/02\/steff-272x182.png 272w\" sizes=\"(max-width: 850px) 100vw, 850px\" alt=\"\" \t\tclass=\"so-widget-image\"\/>\n\t<\/div>\n\n<\/div><\/div><div id=\"panel-182-0-0-1\" class=\"so-panel widget widget_sow-image panel-last-child\" data-index=\"1\" ><div\n\t\t\t\n\t\t\tclass=\"so-widget-sow-image so-widget-sow-image-default-8b5b6f678277-182\"\n\t\t\t\n\t\t>\n<div class=\"sow-image-container\">\n\t\t<img \n\tsrc=\"https:\/\/blogg.regionkronoberg.se\/trakutbildning\/wp-content\/uploads\/sites\/13\/2019\/02\/stefmas2.png\" width=\"787\" height=\"525\" srcset=\"https:\/\/blogg.regionkronoberg.se\/trakutbildning\/wp-content\/uploads\/sites\/13\/2019\/02\/stefmas2.png 787w, https:\/\/blogg.regionkronoberg.se\/trakutbildning\/wp-content\/uploads\/sites\/13\/2019\/02\/stefmas2-300x200.png 300w, https:\/\/blogg.regionkronoberg.se\/trakutbildning\/wp-content\/uploads\/sites\/13\/2019\/02\/stefmas2-768x512.png 768w, https:\/\/blogg.regionkronoberg.se\/trakutbildning\/wp-content\/uploads\/sites\/13\/2019\/02\/stefmas2-150x100.png 150w, https:\/\/blogg.regionkronoberg.se\/trakutbildning\/wp-content\/uploads\/sites\/13\/2019\/02\/stefmas2-272x182.png 272w\" sizes=\"(max-width: 787px) 100vw, 787px\" alt=\"\" \t\tclass=\"so-widget-image\"\/>\n\t<\/div>\n\n<\/div><\/div><\/div><div id=\"pgc-182-0-1\"  class=\"panel-grid-cell\" ><div id=\"panel-182-0-1-0\" class=\"so-panel widget widget_sow-editor panel-first-child\" data-index=\"2\" ><div\n\t\t\t\n\t\t\tclass=\"so-widget-sow-editor so-widget-sow-editor-base\"\n\t\t\t\n\t\t>\n<div class=\"siteorigin-widget-tinymce textwidget\">\n\t<div>En trakeotomi g\u00f6rs f\u00f6r att f\u00f6rb\u00e4ttra andningen. Det finns olika anledningar till att en patient kan beh\u00f6va en kanyl i halsen f\u00f6r att andas genom.<\/div>\n<div>Beroende p\u00e5 orsaken till att trakealkanylen beh\u00f6vs v\u00e5rdas patienter olika. Ibland beh\u00f6ver patienten ha kanylen en kortare tid, och ibland blir det en livsl\u00e5ng behandling.<\/div>\n<div><\/div>\n<div>Hinder i \u00f6vre luftv\u00e4garna som kan leda till att en trakealkanyl kan beh\u00f6vas:<\/div>\n<ul>\n<li>Cancer i munnen eller halsen som t\u00e4pper till luftv\u00e4garna<\/li>\n<li>F\u00f6rlamade st\u00e4mband, luft kan d\u00e5 inte passera f\u00f6rbi. St\u00e4mbanden kan bli f\u00f6rlamade t.ex. efter en stroke.<\/li>\n<li>Medf\u00f6dda missbildningar som hindrar luften och g\u00f6r det sv\u00e5rt att andas.<\/li>\n<li>Skador eller svullnader i hals och svalg t.ex. bl\u00f6dningar, allergier, infektioner eller frakturer<\/li>\n<\/ul>\n<div><\/div>\n<div>Hinder i nedre luftv\u00e4garna som kan leda till att en trakealkanyl kan beh\u00f6vas:<\/div>\n<ul>\n<li>Muskelsjukdomar som p\u00e5verkar muskler som beh\u00f6vs f\u00f6r att orka dra ett andetag och h\u00e5lla fria luftv\u00e4gar.<\/li>\n<li>Neurologiska sjukdomar som p\u00e5verkar andningen.<\/li>\n<li>Vissa sv\u00e5ra lungsjukdomar.<\/li>\n<li>Patienter som beh\u00f6ver respirator en l\u00e4ngre tid, p\u00e5 IVA eller i hemmet.<\/li>\n<\/ul>\n<\/div>\n<\/div><\/div><div id=\"panel-182-0-1-1\" class=\"so-panel widget widget_sow-editor panel-last-child\" data-index=\"3\" ><div\n\t\t\t\n\t\t\tclass=\"so-widget-sow-editor so-widget-sow-editor-base\"\n\t\t\t\n\t\t>\n<div class=\"siteorigin-widget-tinymce textwidget\">\n\t<p>Att f\u00e5 en trakealkanyl inneb\u00e4r en stor f\u00f6r\u00e4ndring i patientens liv. Det p\u00e5verkar patienten b\u00e5de k\u00e4nslom\u00e4ssigt och fysiskt. <br \/>En patient med trakealkanyl \u00e4r beroende b\u00e5de av personalens kunskaper och medicinsk teknik f\u00f6r att leva ett gott liv med bra livskvalitet. En bra relation med respekt och tillit mellan personal och patient \u00e4r en f\u00f6ruts\u00e4ttning f\u00f6r h\u00e4lsa och att patienten ska v\u00e5ga sig utanf\u00f6r hemmet.<br \/>Kurator finns f\u00f6r r\u00e5d och st\u00f6d till patienten och anh\u00f6riga.<\/p>\n<\/div>\n<\/div><\/div><\/div><\/div><\/div>","protected":false},"excerpt":{"rendered":"<p>En trakeotomi g\u00f6rs f\u00f6r att f\u00f6rb\u00e4ttra andningen. Det finns olika anledningar till att en patient kan beh\u00f6va en kanyl i halsen f\u00f6r att andas genom. Beroende p\u00e5 orsaken till att trakealkanylen beh\u00f6vs v\u00e5rdas patienter olika. Ibland beh\u00f6ver patienten ha kanylen en kortare tid, och ibland blir det en livsl\u00e5ng behandling.\u2026<\/p>\n<p> <a class=\"continue-reading-link\" href=\"https:\/\/blogg.regionkronoberg.se\/trakutbildning\/indikation\/\"><span>Continue reading<\/span><i class=\"crycon-right-dir\"><\/i><\/a> <\/p>\n","protected":false},"author":45,"featured_media":0,"parent":0,"menu_order":0,"comment_status":"closed","ping_status":"closed","template":"","meta":{"footnotes":""},"class_list":["post-182","page","type-page","status-publish","hentry"],"_links":{"self":[{"href":"https:\/\/blogg.regionkronoberg.se\/trakutbildning\/wp-json\/wp\/v2\/pages\/182","targetHints":{"allow":["GET"]}}],"collection":[{"href":"https:\/\/blogg.regionkronoberg.se\/trakutbildning\/wp-json\/wp\/v2\/pages"}],"about":[{"href":"https:\/\/blogg.regionkronoberg.se\/trakutbildning\/wp-json\/wp\/v2\/types\/page"}],"author":[{"embeddable":true,"href":"https:\/\/blogg.regionkronoberg.se\/trakutbildning\/wp-json\/wp\/v2\/users\/45"}],"replies":[{"embeddable":true,"href":"https:\/\/blogg.regionkronoberg.se\/trakutbildning\/wp-json\/wp\/v2\/comments?post=182"}],"version-history":[{"count":35,"href":"https:\/\/blogg.regionkronoberg.se\/trakutbildning\/wp-json\/wp\/v2\/pages\/182\/revisions"}],"predecessor-version":[{"id":1405,"href":"https:\/\/blogg.regionkronoberg.se\/trakutbildning\/wp-json\/wp\/v2\/pages\/182\/revisions\/1405"}],"wp:attachment":[{"href":"https:\/\/blogg.regionkronoberg.se\/trakutbildning\/wp-json\/wp\/v2\/media?parent=182"}],"curies":[{"name":"wp","href":"https:\/\/api.w.org\/{rel}","templated":true}]}}