{"id":179,"date":"2017-12-07T15:54:30","date_gmt":"2017-12-07T14:54:30","guid":{"rendered":"http:\/\/blogg.regionkronoberg.se\/trakutbildning\/?page_id=179"},"modified":"2019-09-27T14:16:21","modified_gmt":"2019-09-27T12:16:21","slug":"anatomi-fysiologi","status":"publish","type":"page","link":"https:\/\/blogg.regionkronoberg.se\/trakutbildning\/anatomi-fysiologi\/","title":{"rendered":"Anatomi\/ Fysiologi"},"content":{"rendered":"<div id=\"pl-179\"  class=\"panel-layout\" ><div id=\"pg-179-0\"  class=\"panel-grid panel-no-style\" ><div id=\"pgc-179-0-0\"  class=\"panel-grid-cell\" ><div id=\"panel-179-0-0-0\" class=\"so-panel widget widget_sow-image panel-first-child panel-last-child\" data-index=\"0\" ><div\n\t\t\t\n\t\t\tclass=\"so-widget-sow-image so-widget-sow-image-default-8b5b6f678277-179\"\n\t\t\t\n\t\t>\n<div class=\"sow-image-container\">\n\t\t<img \n\tsrc=\"https:\/\/blogg.regionkronoberg.se\/trakutbildning\/wp-content\/uploads\/sites\/13\/2019\/05\/Anatomi-hel2b-e1560434056509.png\" width=\"640\" height=\"505\" sizes=\"(max-width: 640px) 100vw, 640px\" title=\"Anatomi hel2b\" alt=\"\" \t\tclass=\"so-widget-image\"\/>\n\t<\/div>\n\n<\/div><\/div><\/div><div id=\"pgc-179-0-1\"  class=\"panel-grid-cell\" ><div id=\"panel-179-0-1-0\" class=\"so-panel widget widget_sow-editor panel-first-child panel-last-child\" data-index=\"1\" ><div\n\t\t\t\n\t\t\tclass=\"so-widget-sow-editor so-widget-sow-editor-base\"\n\t\t\t\n\t\t><h3 class=\"widget-title\">Luftens v\u00e4g<\/h3>\n<div class=\"siteorigin-widget-tinymce textwidget\">\n\t<p>Vi andas f\u00f6r att f\u00e5 in syre i kroppen och f\u00f6r att bli av med koldioxid. Vid andning passerar luft n\u00e4san och\/eller munnen. Vi andas ungef\u00e4r 12 g\u00e5nger per minut, barn andas betydligt snabbare. Inandningen kr\u00e4ver muskler som hj\u00e4lper till, utandningen sker spontant.<\/p>\n<p>\u00d6vre luftv\u00e4gar: Fr\u00e5n n\u00e4san\/munnen ner till st\u00e4mbanden, d.v.s. n\u00e4sa, svalg<\/p>\n<p>Nedre luftv\u00e4gar: Fr\u00e5n st\u00e4mbanden ner till lungorna, d.v.s. luftstrupe och lungor.<\/p>\n<ol>\n<li>N\u00e4sa<br \/>\nInne i n\u00e4sh\u00e5lan finns massor av veck och sm\u00e5 flimmerh\u00e5r. Luften renas, v\u00e4rms och fuktas s\u00e5 att n\u00e4r den \u00e4r \u201dlagom varm\u201d n\u00e4r den n\u00e5r lungorna. F\u00e5r patienten en trakeostomi f\u00f6rsvinner dessa funktioner i och med att luften andas in direkt p\u00e5 halsen.<\/li>\n<li>Struplock<br \/>\nVid sv\u00e4ljning f\u00e4lls struplocket ner \u00f6ver luftstrupen. P\u00e5 s\u00e5 s\u00e4tt skapas ett lock f\u00f6r att skydda s\u00e5 att maten inte \u00e5ker ner i luftstrupen. Ibland hinner inte struplocket med \u00e4ven p\u00e5 friska personer, vi s\u00e4tter i halsen och hostar kraftigt.<\/li>\n<li>Matstrupe<br \/>\nMatstrupen ligger bakom luftstrupen. V\u00e4ggen mellan luftstrupen och matstrupen \u00e4r tun och elastisk. N\u00e4r man sv\u00e4ljer ner mat i matstrupen buktar matstrupen fram mot luftstrupen.<\/li>\n<li>St\u00e4mband<br \/>\nF\u00f6r att kunna tala kr\u00e4vs att luft passerar mellan st\u00e4mbanden. N\u00e4r vi pratar eller hostar sp\u00e4nner vi st\u00e4mbanden s\u00e5 att de \u00f6ppnas och st\u00e4ngs. F\u00f6r att kunna andas in beh\u00f6ver st\u00e4mbanden vara \u00f6ppna.<\/li>\n<li>Luftstrupe<br \/>\nLuftstrupen \u00e4r ett ca 10 cm l\u00e5ngt r\u00f6r som leder luften ner i lungorna. Framsidan av luftstrupen best\u00e5r av h\u00e4stskoformade broskringar. V\u00e4ggen baktill \u00e4r tunn och elastisk, matstrupen ligger t\u00e4tt bakom.<br \/>\nYtan \u00e4r kl\u00e4dd med slemhinna, och p\u00e5 denna sitter sm\u00e5 flimmerh\u00e5r som f\u00f6r sekret upp\u00e5t upp mot munnen d\u00e4r vi vanligen hostar upp och sedan sv\u00e4ljer ner det.<\/li>\n<li>Lungor<br \/>\nLuftstrupen delar sig i tv\u00e5 grenar, ett r\u00f6r till varje lunga. Grenarna (bronkerna)delar sig i allt mindre r\u00f6r (bronkioler). L\u00e4ngst ut sitter lungbl\u00e5sorna. Lungbl\u00e5sorna \u00e4r omgivna av blodk\u00e4rl. Syret fr\u00e5n luften tas upp av blodk\u00e4rlen, och koldioxid som \u00e4r kroppens restprodukt l\u00e4mnas av och f\u00f6ljer med luften ut.<\/li>\n<\/ol>\n<\/div>\n<\/div><\/div><\/div><\/div><div id=\"pg-179-1\"  class=\"panel-grid panel-no-style\" ><div id=\"pgc-179-1-0\"  class=\"panel-grid-cell panel-grid-cell-empty panel-grid-cell-mobile-last\" ><\/div><div id=\"pgc-179-1-1\"  class=\"panel-grid-cell panel-grid-cell-empty\" ><\/div><\/div><\/div>","protected":false},"excerpt":{"rendered":"<p>Vi andas f\u00f6r att f\u00e5 in syre i kroppen och f\u00f6r att bli av med koldioxid. Vid andning passerar luft n\u00e4san och\/eller munnen. Vi andas ungef\u00e4r 12 g\u00e5nger per minut, barn andas betydligt snabbare. Inandningen kr\u00e4ver muskler som hj\u00e4lper till, utandningen sker spontant. \u00d6vre luftv\u00e4gar: Fr\u00e5n n\u00e4san\/munnen ner till st\u00e4mbanden,\u2026<\/p>\n<p> <a class=\"continue-reading-link\" href=\"https:\/\/blogg.regionkronoberg.se\/trakutbildning\/anatomi-fysiologi\/\"><span>Continue reading<\/span><i class=\"crycon-right-dir\"><\/i><\/a> <\/p>\n","protected":false},"author":45,"featured_media":0,"parent":0,"menu_order":0,"comment_status":"closed","ping_status":"closed","template":"","meta":{"footnotes":""},"class_list":["post-179","page","type-page","status-publish","hentry"],"_links":{"self":[{"href":"https:\/\/blogg.regionkronoberg.se\/trakutbildning\/wp-json\/wp\/v2\/pages\/179","targetHints":{"allow":["GET"]}}],"collection":[{"href":"https:\/\/blogg.regionkronoberg.se\/trakutbildning\/wp-json\/wp\/v2\/pages"}],"about":[{"href":"https:\/\/blogg.regionkronoberg.se\/trakutbildning\/wp-json\/wp\/v2\/types\/page"}],"author":[{"embeddable":true,"href":"https:\/\/blogg.regionkronoberg.se\/trakutbildning\/wp-json\/wp\/v2\/users\/45"}],"replies":[{"embeddable":true,"href":"https:\/\/blogg.regionkronoberg.se\/trakutbildning\/wp-json\/wp\/v2\/comments?post=179"}],"version-history":[{"count":37,"href":"https:\/\/blogg.regionkronoberg.se\/trakutbildning\/wp-json\/wp\/v2\/pages\/179\/revisions"}],"predecessor-version":[{"id":1682,"href":"https:\/\/blogg.regionkronoberg.se\/trakutbildning\/wp-json\/wp\/v2\/pages\/179\/revisions\/1682"}],"wp:attachment":[{"href":"https:\/\/blogg.regionkronoberg.se\/trakutbildning\/wp-json\/wp\/v2\/media?parent=179"}],"curies":[{"name":"wp","href":"https:\/\/api.w.org\/{rel}","templated":true}]}}