{"id":166,"date":"2017-12-01T09:00:47","date_gmt":"2017-12-01T08:00:47","guid":{"rendered":"http:\/\/blogg.regionkronoberg.se\/trakutbildning\/?page_id=166"},"modified":"2019-09-27T14:21:36","modified_gmt":"2019-09-27T12:21:36","slug":"ny-sida-4","status":"publish","type":"page","link":"https:\/\/blogg.regionkronoberg.se\/trakutbildning\/ny-sida-4\/","title":{"rendered":"Kanyl med kuff"},"content":{"rendered":"<div id=\"pl-166\"  class=\"panel-layout\" ><div id=\"pg-166-0\"  class=\"panel-grid panel-no-style\" ><div id=\"pgc-166-0-0\"  class=\"panel-grid-cell\" ><div id=\"panel-166-0-0-0\" class=\"so-panel widget widget_sow-image panel-first-child panel-last-child\" data-index=\"0\" ><div\n\t\t\t\n\t\t\tclass=\"so-widget-sow-image so-widget-sow-image-default-8b5b6f678277-166\"\n\t\t\t\n\t\t>\n<div class=\"sow-image-container\">\n\t\t<img \n\tsrc=\"https:\/\/blogg.regionkronoberg.se\/trakutbildning\/wp-content\/uploads\/sites\/13\/2018\/01\/1050598-kuff-e1528698976560.jpg\" width=\"829\" height=\"582\" srcset=\"https:\/\/blogg.regionkronoberg.se\/trakutbildning\/wp-content\/uploads\/sites\/13\/2018\/01\/1050598-kuff-e1528698976560.jpg 829w, https:\/\/blogg.regionkronoberg.se\/trakutbildning\/wp-content\/uploads\/sites\/13\/2018\/01\/1050598-kuff-e1528698976560-300x211.jpg 300w, https:\/\/blogg.regionkronoberg.se\/trakutbildning\/wp-content\/uploads\/sites\/13\/2018\/01\/1050598-kuff-e1528698976560-768x539.jpg 768w, https:\/\/blogg.regionkronoberg.se\/trakutbildning\/wp-content\/uploads\/sites\/13\/2018\/01\/1050598-kuff-e1528698976560-150x105.jpg 150w\" sizes=\"(max-width: 829px) 100vw, 829px\" title=\"_1050598 kuff\" alt=\"\" \t\tclass=\"so-widget-image\"\/>\n\t<\/div>\n\n<\/div><\/div><\/div><div id=\"pgc-166-0-1\"  class=\"panel-grid-cell\" ><div id=\"panel-166-0-1-0\" class=\"so-panel widget widget_sow-editor panel-first-child panel-last-child\" data-index=\"1\" ><div\n\t\t\t\n\t\t\tclass=\"so-widget-sow-editor so-widget-sow-editor-base\"\n\t\t\t\n\t\t>\n<div class=\"siteorigin-widget-tinymce textwidget\">\n\t<p>Kuff \u00e4r en ballong som kan finnas p\u00e5 nederdelen av kanylens utsida. Kuffen kan bl\u00e5sas upp n\u00e4r man \u00f6nskar eller vara tom.<\/p>\n<p>Trakealkanyl med kuff anv\u00e4nds f\u00f6r att t\u00e4ta mellan kanylen och luftstrupens v\u00e4gg. N\u00e4r kuffen \u00e4r uppbl\u00e5st kan luft bara passera in och ut genom trakealkanylen.\u00a0D\u00e5 kommer ingen luft upp i munnen och passerar d\u00e4rmed inte st\u00e4mbanden, d.v.s. patienten kan inte g\u00f6ra n\u00e5gra ljud ifr\u00e5n sig.<\/p>\n<p>T\u00e4ta med en kuff kan man g\u00f6ra f\u00f6r att blod eller st\u00f6rre m\u00e4ngder saliv inte ska rinna ner i lungorna. T\u00e4tning kan \u00e4ven g\u00f6ras f\u00f6r att luft inte ska l\u00e4cka f\u00f6rbi kanylen upp och ut genom munnen, vid t.ex. andningstr\u00e4ning, hostmaskins- eller respiratoranv\u00e4ndning. Kuff ska bara anv\u00e4ndas till de patienter som verkligen har behov av att t\u00e4ta runt kanylen.<\/p>\n<p>Det blir aldrig helt t\u00e4tt \u00e4ven med en uppbl\u00e5st kuff, saliv kan rinna f\u00f6rbi. D\u00e4rf\u00f6r \u00e4r det viktigt att vara noggrann med munv\u00e5rd f\u00f6r att h\u00e5lla saliven i munnen ren, detta minskar risken f\u00f6r lunginflammation.<\/p>\n<\/div>\n<\/div><\/div><\/div><\/div><div id=\"pg-166-1\"  class=\"panel-grid panel-no-style\" ><div id=\"pgc-166-1-0\"  class=\"panel-grid-cell\" ><div id=\"panel-166-1-0-0\" class=\"so-panel widget widget_sow-image panel-first-child panel-last-child\" data-index=\"2\" ><div\n\t\t\t\n\t\t\tclass=\"so-widget-sow-image so-widget-sow-image-default-8b5b6f678277-166\"\n\t\t\t\n\t\t>\n<div class=\"sow-image-container\">\n\t\t<img \n\tsrc=\"https:\/\/blogg.regionkronoberg.se\/trakutbildning\/wp-content\/uploads\/sites\/13\/2019\/02\/1060099.png\" width=\"640\" height=\"360\" srcset=\"https:\/\/blogg.regionkronoberg.se\/trakutbildning\/wp-content\/uploads\/sites\/13\/2019\/02\/1060099.png 640w, https:\/\/blogg.regionkronoberg.se\/trakutbildning\/wp-content\/uploads\/sites\/13\/2019\/02\/1060099-300x169.png 300w, https:\/\/blogg.regionkronoberg.se\/trakutbildning\/wp-content\/uploads\/sites\/13\/2019\/02\/1060099-150x84.png 150w\" sizes=\"(max-width: 640px) 100vw, 640px\" title=\"_1060099\" alt=\"\" \t\tclass=\"so-widget-image\"\/>\n\t<\/div>\n\n<\/div><\/div><\/div><div id=\"pgc-166-1-1\"  class=\"panel-grid-cell\" ><div id=\"panel-166-1-1-0\" class=\"so-panel widget widget_sow-editor panel-first-child panel-last-child\" data-index=\"3\" ><div\n\t\t\t\n\t\t\tclass=\"so-widget-sow-editor so-widget-sow-editor-base\"\n\t\t\t\n\t\t>\n<div class=\"siteorigin-widget-tinymce textwidget\">\n\t<h5><strong>Kontrollbl\u00e5sa<\/strong><\/h5>\n<p>Om trakealkanylen har en kuff h\u00e4nger det p\u00e5 utsidan en slang med en liten ballong p\u00e5, en s\u00e5 kallad kontrollbl\u00e5sa. Kontrollbl\u00e5san och slangen \u00e4r kopplad till kuffen. N\u00e4r kuffen \u00e4r fylld \u00e4r kontrollbl\u00e5san uppsp\u00e4nd och n\u00e4r kuffen \u00e4r tom \u00e4r kontrollbl\u00e5san platt.<\/p>\n<\/div>\n<\/div><\/div><\/div><\/div><div id=\"pg-166-2\"  class=\"panel-grid panel-no-style\" ><div id=\"pgc-166-2-0\"  class=\"panel-grid-cell\" ><div id=\"panel-166-2-0-0\" class=\"so-panel widget widget_sow-image panel-first-child panel-last-child\" data-index=\"4\" ><div\n\t\t\t\n\t\t\tclass=\"so-widget-sow-image so-widget-sow-image-default-8b5b6f678277-166\"\n\t\t\t\n\t\t>\n<div class=\"sow-image-container\">\n\t\t<img \n\tsrc=\"https:\/\/blogg.regionkronoberg.se\/trakutbildning\/wp-content\/uploads\/sites\/13\/2019\/02\/1050604.png\" width=\"640\" height=\"484\" srcset=\"https:\/\/blogg.regionkronoberg.se\/trakutbildning\/wp-content\/uploads\/sites\/13\/2019\/02\/1050604.png 640w, https:\/\/blogg.regionkronoberg.se\/trakutbildning\/wp-content\/uploads\/sites\/13\/2019\/02\/1050604-300x227.png 300w, https:\/\/blogg.regionkronoberg.se\/trakutbildning\/wp-content\/uploads\/sites\/13\/2019\/02\/1050604-150x113.png 150w\" sizes=\"(max-width: 640px) 100vw, 640px\" title=\"_1050604\" alt=\"\" \t\tclass=\"so-widget-image\"\/>\n\t<\/div>\n\n<\/div><\/div><\/div><div id=\"pgc-166-2-1\"  class=\"panel-grid-cell\" ><div id=\"panel-166-2-1-0\" class=\"so-panel widget widget_sow-editor panel-first-child panel-last-child\" data-index=\"5\" ><div\n\t\t\t\n\t\t\tclass=\"so-widget-sow-editor so-widget-sow-editor-base\"\n\t\t\t\n\t\t>\n<div class=\"siteorigin-widget-tinymce textwidget\">\n\t<p>Kuffen fylls med sterilt vatten eller luft, beroende p\u00e5 kanyltyp.<\/p>\n<\/div>\n<\/div><\/div><\/div><\/div><div id=\"pg-166-3\"  class=\"panel-grid panel-no-style\" ><div id=\"pgc-166-3-0\"  class=\"panel-grid-cell\" ><div id=\"panel-166-3-0-0\" class=\"so-panel widget widget_sow-image panel-first-child\" data-index=\"6\" ><div\n\t\t\t\n\t\t\tclass=\"so-widget-sow-image so-widget-sow-image-default-8b5b6f678277-166\"\n\t\t\t\n\t\t><\/div><\/div><div id=\"panel-166-3-0-1\" class=\"so-panel widget widget_sow-image panel-last-child\" data-index=\"7\" ><div\n\t\t\t\n\t\t\tclass=\"so-widget-sow-image so-widget-sow-image-default-8b5b6f678277-166\"\n\t\t\t\n\t\t>\n<div class=\"sow-image-container\">\n\t\t<img \n\tsrc=\"https:\/\/blogg.regionkronoberg.se\/trakutbildning\/wp-content\/uploads\/sites\/13\/2019\/02\/1050624.png\" width=\"640\" height=\"360\" srcset=\"https:\/\/blogg.regionkronoberg.se\/trakutbildning\/wp-content\/uploads\/sites\/13\/2019\/02\/1050624.png 640w, https:\/\/blogg.regionkronoberg.se\/trakutbildning\/wp-content\/uploads\/sites\/13\/2019\/02\/1050624-300x169.png 300w, https:\/\/blogg.regionkronoberg.se\/trakutbildning\/wp-content\/uploads\/sites\/13\/2019\/02\/1050624-150x84.png 150w\" sizes=\"(max-width: 640px) 100vw, 640px\" title=\"_1050624\" alt=\"\" \t\tclass=\"so-widget-image\"\/>\n\t<\/div>\n\n<\/div><\/div><\/div><div id=\"pgc-166-3-1\"  class=\"panel-grid-cell\" ><div id=\"panel-166-3-1-0\" class=\"so-panel widget widget_sow-editor panel-first-child panel-last-child\" data-index=\"8\" ><div\n\t\t\t\n\t\t\tclass=\"so-widget-sow-editor so-widget-sow-editor-base\"\n\t\t\t\n\t\t>\n<div class=\"siteorigin-widget-tinymce textwidget\">\n\t<p><strong>Kuffa i och ur<\/strong><\/p>\n<p>Det \u00e4r bra att ha sugberedskap n\u00e4r man ska kuffa ur d.vs. t\u00f6mma kuffen. Ovanf\u00f6r kuffen kan det samlas sekret och n\u00e4r kuffen t\u00f6ms rinner detta ner mot lungorna.<br \/>\nHar man m\u00f6jlighet att ta hj\u00e4lp av en kollega kan denne vara beredd p\u00e5 att suga samtidigt som den andre t\u00f6mmer kuffen. Suger man samtidigt kan sekretet som legat ovanf\u00f6r kuffen f\u00e5ngas upp n\u00e4r det rinner f\u00f6rbi kanylens spets utan att skapa obehag f\u00f6r patienten.<br \/>\nHar patienten inga besv\u00e4r med aspiration eller att det fylls p\u00e5 med sekret \u00f6ver kuffen kan en person sk\u00f6ta urkuffning sj\u00e4lv.<\/p>\n<\/div>\n<\/div><\/div><\/div><\/div><div id=\"pg-166-4\"  class=\"panel-grid panel-no-style\" ><div id=\"pgc-166-4-0\"  class=\"panel-grid-cell\" ><div id=\"panel-166-4-0-0\" class=\"so-panel widget widget_sow-image panel-first-child panel-last-child\" data-index=\"9\" ><div\n\t\t\t\n\t\t\tclass=\"so-widget-sow-image so-widget-sow-image-default-8b5b6f678277-166\"\n\t\t\t\n\t\t>\n<div class=\"sow-image-container\">\n\t\t<img \n\tsrc=\"https:\/\/blogg.regionkronoberg.se\/trakutbildning\/wp-content\/uploads\/sites\/13\/2019\/02\/1050610.png\" width=\"585\" height=\"480\" srcset=\"https:\/\/blogg.regionkronoberg.se\/trakutbildning\/wp-content\/uploads\/sites\/13\/2019\/02\/1050610.png 585w, https:\/\/blogg.regionkronoberg.se\/trakutbildning\/wp-content\/uploads\/sites\/13\/2019\/02\/1050610-300x246.png 300w, https:\/\/blogg.regionkronoberg.se\/trakutbildning\/wp-content\/uploads\/sites\/13\/2019\/02\/1050610-150x123.png 150w\" sizes=\"(max-width: 585px) 100vw, 585px\" title=\"_1050610\" alt=\"\" \t\tclass=\"so-widget-image\"\/>\n\t<\/div>\n\n<\/div><\/div><\/div><div id=\"pgc-166-4-1\"  class=\"panel-grid-cell\" ><div id=\"panel-166-4-1-0\" class=\"so-panel widget widget_sow-editor panel-first-child panel-last-child\" data-index=\"10\" ><div\n\t\t\t\n\t\t\tclass=\"so-widget-sow-editor so-widget-sow-editor-base\"\n\t\t\t\n\t\t>\n<div class=\"siteorigin-widget-tinymce textwidget\">\n\t<p><strong>Kufftryck<\/strong><\/p>\n<p>L\u00e4kare ordinerar kufftrycket eller m\u00e4ngden kuffen ska fyllas med. Ordinationen \u00e4r viktig att f\u00f6lja, om kuffen\u00a0trycker f\u00f6r h\u00e5rt\u00a0finns risk f\u00f6r skador i luftstrupen. Det ska finnas en ordination \u00e4ven p\u00e5 hur ofta det ska kuffas i och ur, vanligen kuffas kuffen om 3-4 g\u00e5nger per dygn. Kontrollera alltid att kuffen \u00e4r helt tom innan den fylls p\u00e5 nytt.<\/p>\n<p>Kuffen t\u00f6ms genom att tom spruta ansluts och allt inneh\u00e5ll aspireras ut. Det g\u00e5r inte att enbart t\u00f6mma med kuffm\u00e4taren.<\/p>\n<\/div>\n<\/div><\/div><\/div><\/div><\/div>","protected":false},"excerpt":{"rendered":"<p>Kuff \u00e4r en ballong som kan finnas p\u00e5 nederdelen av kanylens utsida. Kuffen kan bl\u00e5sas upp n\u00e4r man \u00f6nskar eller vara tom. Trakealkanyl med kuff anv\u00e4nds f\u00f6r att t\u00e4ta mellan kanylen och luftstrupens v\u00e4gg. N\u00e4r kuffen \u00e4r uppbl\u00e5st kan luft bara passera in och ut genom trakealkanylen.\u00a0D\u00e5 kommer ingen luft\u2026<\/p>\n<p> <a class=\"continue-reading-link\" href=\"https:\/\/blogg.regionkronoberg.se\/trakutbildning\/ny-sida-4\/\"><span>Continue reading<\/span><i class=\"crycon-right-dir\"><\/i><\/a> <\/p>\n","protected":false},"author":45,"featured_media":0,"parent":0,"menu_order":0,"comment_status":"closed","ping_status":"closed","template":"","meta":{"footnotes":""},"class_list":["post-166","page","type-page","status-publish","hentry"],"_links":{"self":[{"href":"https:\/\/blogg.regionkronoberg.se\/trakutbildning\/wp-json\/wp\/v2\/pages\/166","targetHints":{"allow":["GET"]}}],"collection":[{"href":"https:\/\/blogg.regionkronoberg.se\/trakutbildning\/wp-json\/wp\/v2\/pages"}],"about":[{"href":"https:\/\/blogg.regionkronoberg.se\/trakutbildning\/wp-json\/wp\/v2\/types\/page"}],"author":[{"embeddable":true,"href":"https:\/\/blogg.regionkronoberg.se\/trakutbildning\/wp-json\/wp\/v2\/users\/45"}],"replies":[{"embeddable":true,"href":"https:\/\/blogg.regionkronoberg.se\/trakutbildning\/wp-json\/wp\/v2\/comments?post=166"}],"version-history":[{"count":53,"href":"https:\/\/blogg.regionkronoberg.se\/trakutbildning\/wp-json\/wp\/v2\/pages\/166\/revisions"}],"predecessor-version":[{"id":1683,"href":"https:\/\/blogg.regionkronoberg.se\/trakutbildning\/wp-json\/wp\/v2\/pages\/166\/revisions\/1683"}],"wp:attachment":[{"href":"https:\/\/blogg.regionkronoberg.se\/trakutbildning\/wp-json\/wp\/v2\/media?parent=166"}],"curies":[{"name":"wp","href":"https:\/\/api.w.org\/{rel}","templated":true}]}}