{"id":160,"date":"2017-12-01T09:00:25","date_gmt":"2017-12-01T08:00:25","guid":{"rendered":"http:\/\/blogg.regionkronoberg.se\/trakutbildning\/?page_id=160"},"modified":"2019-02-18T16:06:20","modified_gmt":"2019-02-18T15:06:20","slug":"ny-sida-2","status":"publish","type":"page","link":"https:\/\/blogg.regionkronoberg.se\/trakutbildning\/ny-sida-2\/","title":{"rendered":"Kanyl"},"content":{"rendered":"<div id=\"pl-160\"  class=\"panel-layout\" ><div id=\"pg-160-0\"  class=\"panel-grid panel-no-style\" ><div id=\"pgc-160-0-0\"  class=\"panel-grid-cell\" ><div id=\"panel-160-0-0-0\" class=\"so-panel widget widget_sow-image panel-first-child panel-last-child\" data-index=\"0\" ><div\n\t\t\t\n\t\t\tclass=\"so-widget-sow-image so-widget-sow-image-default-8b5b6f678277-160\"\n\t\t\t\n\t\t>\n<div class=\"sow-image-container\">\n\t\t<img \n\tsrc=\"https:\/\/blogg.regionkronoberg.se\/trakutbildning\/wp-content\/uploads\/sites\/13\/2018\/01\/1050595-e1528698818582.jpg\" width=\"3085\" height=\"2297\" srcset=\"https:\/\/blogg.regionkronoberg.se\/trakutbildning\/wp-content\/uploads\/sites\/13\/2018\/01\/1050595-e1528698818582.jpg 3085w, https:\/\/blogg.regionkronoberg.se\/trakutbildning\/wp-content\/uploads\/sites\/13\/2018\/01\/1050595-e1528698818582-300x223.jpg 300w, https:\/\/blogg.regionkronoberg.se\/trakutbildning\/wp-content\/uploads\/sites\/13\/2018\/01\/1050595-e1528698818582-768x572.jpg 768w, https:\/\/blogg.regionkronoberg.se\/trakutbildning\/wp-content\/uploads\/sites\/13\/2018\/01\/1050595-e1528698818582-1024x762.jpg 1024w, https:\/\/blogg.regionkronoberg.se\/trakutbildning\/wp-content\/uploads\/sites\/13\/2018\/01\/1050595-e1528698818582-150x112.jpg 150w\" sizes=\"(max-width: 3085px) 100vw, 3085px\" title=\"_1050595\" alt=\"\" \t\tclass=\"so-widget-image\"\/>\n\t<\/div>\n\n<\/div><\/div><\/div><div id=\"pgc-160-0-1\"  class=\"panel-grid-cell\" ><div id=\"panel-160-0-1-0\" class=\"so-panel widget widget_sow-editor panel-first-child panel-last-child\" data-index=\"1\" ><div\n\t\t\t\n\t\t\tclass=\"so-widget-sow-editor so-widget-sow-editor-base\"\n\t\t\t\n\t\t>\n<div class=\"siteorigin-widget-tinymce textwidget\">\n\t<h4>Kanyl<\/h4>\n<p>Trakealkanylen \u00e4r ett b\u00f6jt r\u00f6r. I ena \u00e4nden finns en krage med\u00a0vingar f\u00f6r att f\u00e4sta kanylband i.<\/p>\n<p>Det finns m\u00e5nga olika typer av trakealkanyler fr\u00e5n olika tillverkare. Kanyler finns i olika material, diameter, l\u00e4ngd och b\u00f6jning. Patientens behov och anatomi styr valet av kanyl.<\/p>\n<p>Patienten byter sin trakealkanyl regelbundet, normalt sett ungef\u00e4r en g\u00e5ng per m\u00e5nad. Ser kanylen fin ut kan man i vissa fall reng\u00f6ra och \u00e5teranv\u00e4nda den. De regelbundna bytena g\u00f6rs av \u00f6ron- n\u00e4s- och halsl\u00e4kare eller av trak-sjuksk\u00f6terskor.<\/p>\n<\/div>\n<\/div><\/div><\/div><\/div><div id=\"pg-160-1\"  class=\"panel-grid panel-no-style\" ><div id=\"pgc-160-1-0\"  class=\"panel-grid-cell\" ><div id=\"panel-160-1-0-0\" class=\"so-panel widget widget_sow-image panel-first-child panel-last-child\" data-index=\"2\" ><div\n\t\t\t\n\t\t\tclass=\"so-widget-sow-image so-widget-sow-image-default-8b5b6f678277-160\"\n\t\t\t\n\t\t>\n<div class=\"sow-image-container\">\n\t\t<img \n\tsrc=\"https:\/\/blogg.regionkronoberg.se\/trakutbildning\/wp-content\/uploads\/sites\/13\/2018\/09\/kanyl-m-kuff-liten-2-e1550502264566.jpg\" width=\"690\" height=\"387\" sizes=\"(max-width: 690px) 100vw, 690px\" title=\"kanyl m kuff liten 2\" alt=\"\" \t\tclass=\"so-widget-image\"\/>\n\t<\/div>\n\n<\/div><\/div><\/div><div id=\"pgc-160-1-1\"  class=\"panel-grid-cell\" ><div id=\"panel-160-1-1-0\" class=\"so-panel widget widget_sow-image panel-first-child panel-last-child\" data-index=\"3\" ><div\n\t\t\t\n\t\t\tclass=\"so-widget-sow-image so-widget-sow-image-default-8b5b6f678277-160\"\n\t\t\t\n\t\t>\n<div class=\"sow-image-container\">\n\t\t<img \n\tsrc=\"https:\/\/blogg.regionkronoberg.se\/trakutbildning\/wp-content\/uploads\/sites\/13\/2018\/01\/1050590-b.jpg\" width=\"827\" height=\"496\" srcset=\"https:\/\/blogg.regionkronoberg.se\/trakutbildning\/wp-content\/uploads\/sites\/13\/2018\/01\/1050590-b.jpg 827w, https:\/\/blogg.regionkronoberg.se\/trakutbildning\/wp-content\/uploads\/sites\/13\/2018\/01\/1050590-b-300x180.jpg 300w, https:\/\/blogg.regionkronoberg.se\/trakutbildning\/wp-content\/uploads\/sites\/13\/2018\/01\/1050590-b-768x461.jpg 768w, https:\/\/blogg.regionkronoberg.se\/trakutbildning\/wp-content\/uploads\/sites\/13\/2018\/01\/1050590-b-250x150.jpg 250w, https:\/\/blogg.regionkronoberg.se\/trakutbildning\/wp-content\/uploads\/sites\/13\/2018\/01\/1050590-b-150x90.jpg 150w\" sizes=\"(max-width: 827px) 100vw, 827px\" title=\"_1050590 b\" alt=\"\" \t\tclass=\"so-widget-image\"\/>\n\t<\/div>\n\n<\/div><\/div><\/div><div id=\"pgc-160-1-2\"  class=\"panel-grid-cell\" ><div id=\"panel-160-1-2-0\" class=\"so-panel widget widget_sow-image panel-first-child panel-last-child\" data-index=\"4\" ><div\n\t\t\t\n\t\t\tclass=\"so-widget-sow-image so-widget-sow-image-default-8b5b6f678277-160\"\n\t\t\t\n\t\t>\n<div class=\"sow-image-container\">\n\t\t<img \n\tsrc=\"https:\/\/blogg.regionkronoberg.se\/trakutbildning\/wp-content\/uploads\/sites\/13\/2018\/06\/1050597b-e1550501897852.jpg\" width=\"690\" height=\"448\" sizes=\"(max-width: 690px) 100vw, 690px\" title=\"_1050597b\" alt=\"\" \t\tclass=\"so-widget-image\"\/>\n\t<\/div>\n\n<\/div><\/div><\/div><\/div><\/div>","protected":false},"excerpt":{"rendered":"<p>Kanyl Trakealkanylen \u00e4r ett b\u00f6jt r\u00f6r. I ena \u00e4nden finns en krage med\u00a0vingar f\u00f6r att f\u00e4sta kanylband i. Det finns m\u00e5nga olika typer av trakealkanyler fr\u00e5n olika tillverkare. Kanyler finns i olika material, diameter, l\u00e4ngd och b\u00f6jning. Patientens behov och anatomi styr valet av kanyl. Patienten byter sin trakealkanyl regelbundet,\u2026<\/p>\n<p> <a class=\"continue-reading-link\" href=\"https:\/\/blogg.regionkronoberg.se\/trakutbildning\/ny-sida-2\/\"><span>Continue reading<\/span><i class=\"crycon-right-dir\"><\/i><\/a> <\/p>\n","protected":false},"author":45,"featured_media":0,"parent":0,"menu_order":0,"comment_status":"closed","ping_status":"closed","template":"","meta":{"footnotes":""},"class_list":["post-160","page","type-page","status-publish","hentry"],"_links":{"self":[{"href":"https:\/\/blogg.regionkronoberg.se\/trakutbildning\/wp-json\/wp\/v2\/pages\/160","targetHints":{"allow":["GET"]}}],"collection":[{"href":"https:\/\/blogg.regionkronoberg.se\/trakutbildning\/wp-json\/wp\/v2\/pages"}],"about":[{"href":"https:\/\/blogg.regionkronoberg.se\/trakutbildning\/wp-json\/wp\/v2\/types\/page"}],"author":[{"embeddable":true,"href":"https:\/\/blogg.regionkronoberg.se\/trakutbildning\/wp-json\/wp\/v2\/users\/45"}],"replies":[{"embeddable":true,"href":"https:\/\/blogg.regionkronoberg.se\/trakutbildning\/wp-json\/wp\/v2\/comments?post=160"}],"version-history":[{"count":42,"href":"https:\/\/blogg.regionkronoberg.se\/trakutbildning\/wp-json\/wp\/v2\/pages\/160\/revisions"}],"predecessor-version":[{"id":385,"href":"https:\/\/blogg.regionkronoberg.se\/trakutbildning\/wp-json\/wp\/v2\/pages\/160\/revisions\/385"}],"wp:attachment":[{"href":"https:\/\/blogg.regionkronoberg.se\/trakutbildning\/wp-json\/wp\/v2\/media?parent=160"}],"curies":[{"name":"wp","href":"https:\/\/api.w.org\/{rel}","templated":true}]}}