{"id":157,"date":"2017-12-01T09:00:00","date_gmt":"2017-12-01T08:00:00","guid":{"rendered":"http:\/\/blogg.regionkronoberg.se\/trakutbildning\/?page_id=157"},"modified":"2019-02-18T11:40:22","modified_gmt":"2019-02-18T10:40:22","slug":"ny-sida1","status":"publish","type":"page","link":"https:\/\/blogg.regionkronoberg.se\/trakutbildning\/ny-sida1\/","title":{"rendered":"Kanyl med fenestrering"},"content":{"rendered":"<div id=\"pl-157\"  class=\"panel-layout\" ><div id=\"pg-157-0\"  class=\"panel-grid panel-no-style\" ><div id=\"pgc-157-0-0\"  class=\"panel-grid-cell\" ><div id=\"panel-157-0-0-0\" class=\"so-panel widget widget_sow-image panel-first-child panel-last-child\" data-index=\"0\" ><div\n\t\t\t\n\t\t\tclass=\"so-widget-sow-image so-widget-sow-image-default-8b5b6f678277-157\"\n\t\t\t\n\t\t>\n<div class=\"sow-image-container\">\n\t\t<img \n\tsrc=\"https:\/\/blogg.regionkronoberg.se\/trakutbildning\/wp-content\/uploads\/sites\/13\/2019\/02\/1050622.png\" width=\"640\" height=\"451\" srcset=\"https:\/\/blogg.regionkronoberg.se\/trakutbildning\/wp-content\/uploads\/sites\/13\/2019\/02\/1050622.png 640w, https:\/\/blogg.regionkronoberg.se\/trakutbildning\/wp-content\/uploads\/sites\/13\/2019\/02\/1050622-300x211.png 300w, https:\/\/blogg.regionkronoberg.se\/trakutbildning\/wp-content\/uploads\/sites\/13\/2019\/02\/1050622-150x106.png 150w\" sizes=\"(max-width: 640px) 100vw, 640px\" title=\"_1050622\" alt=\"\" \t\tclass=\"so-widget-image\"\/>\n\t<\/div>\n\n<\/div><\/div><\/div><div id=\"pgc-157-0-1\"  class=\"panel-grid-cell\" ><div id=\"panel-157-0-1-0\" class=\"so-panel widget widget_sow-editor panel-first-child\" data-index=\"1\" ><div\n\t\t\t\n\t\t\tclass=\"so-widget-sow-editor so-widget-sow-editor-base\"\n\t\t\t\n\t\t>\n<div class=\"siteorigin-widget-tinymce textwidget\">\n\t<p><strong>Kanyl med fenestrering<\/strong><\/p>\n<p>Vissa kanyler har ett h\u00e5l mitt p\u00e5 kanylen, precis i b\u00f6jen. H\u00e5let g\u00f6r att luft l\u00e4ttare passerar upp till st\u00e4mbanden n\u00e4r patienten andas ut,\u00a0det anv\u00e4nds f\u00f6r att skapa ett b\u00e4ttre tal f\u00f6r patienter.<\/p>\n<\/div>\n<\/div><\/div><div id=\"panel-157-0-1-1\" class=\"so-panel widget widget_sow-image panel-last-child\" data-index=\"2\" ><div\n\t\t\t\n\t\t\tclass=\"so-widget-sow-image so-widget-sow-image-default-8b5b6f678277-157\"\n\t\t\t\n\t\t>\n<div class=\"sow-image-container\">\n\t\t<img \n\tsrc=\"https:\/\/blogg.regionkronoberg.se\/trakutbildning\/wp-content\/uploads\/sites\/13\/2018\/11\/kanylfene-ut-e1541497312957.png\" width=\"1108\" height=\"1088\" srcset=\"https:\/\/blogg.regionkronoberg.se\/trakutbildning\/wp-content\/uploads\/sites\/13\/2018\/11\/kanylfene-ut-e1541497312957.png 1108w, https:\/\/blogg.regionkronoberg.se\/trakutbildning\/wp-content\/uploads\/sites\/13\/2018\/11\/kanylfene-ut-e1541497312957-300x295.png 300w, https:\/\/blogg.regionkronoberg.se\/trakutbildning\/wp-content\/uploads\/sites\/13\/2018\/11\/kanylfene-ut-e1541497312957-768x754.png 768w, https:\/\/blogg.regionkronoberg.se\/trakutbildning\/wp-content\/uploads\/sites\/13\/2018\/11\/kanylfene-ut-e1541497312957-1024x1006.png 1024w, https:\/\/blogg.regionkronoberg.se\/trakutbildning\/wp-content\/uploads\/sites\/13\/2018\/11\/kanylfene-ut-e1541497312957-150x147.png 150w\" sizes=\"(max-width: 1108px) 100vw, 1108px\" title=\"kanylfene ut\" alt=\"\" \t\tclass=\"so-widget-image\"\/>\n\t<\/div>\n\n<\/div><\/div><\/div><\/div><\/div>","protected":false},"excerpt":{"rendered":"<p>Kanyl med fenestrering Vissa kanyler har ett h\u00e5l mitt p\u00e5 kanylen, precis i b\u00f6jen. H\u00e5let g\u00f6r att luft l\u00e4ttare passerar upp till st\u00e4mbanden n\u00e4r patienten andas ut,\u00a0det anv\u00e4nds f\u00f6r att skapa ett b\u00e4ttre tal f\u00f6r patienter.<\/p>\n<p> <a class=\"continue-reading-link\" href=\"https:\/\/blogg.regionkronoberg.se\/trakutbildning\/ny-sida1\/\"><span>Continue reading<\/span><i class=\"crycon-right-dir\"><\/i><\/a> <\/p>\n","protected":false},"author":45,"featured_media":0,"parent":0,"menu_order":0,"comment_status":"closed","ping_status":"closed","template":"","meta":{"footnotes":""},"class_list":["post-157","page","type-page","status-publish","hentry"],"_links":{"self":[{"href":"https:\/\/blogg.regionkronoberg.se\/trakutbildning\/wp-json\/wp\/v2\/pages\/157","targetHints":{"allow":["GET"]}}],"collection":[{"href":"https:\/\/blogg.regionkronoberg.se\/trakutbildning\/wp-json\/wp\/v2\/pages"}],"about":[{"href":"https:\/\/blogg.regionkronoberg.se\/trakutbildning\/wp-json\/wp\/v2\/types\/page"}],"author":[{"embeddable":true,"href":"https:\/\/blogg.regionkronoberg.se\/trakutbildning\/wp-json\/wp\/v2\/users\/45"}],"replies":[{"embeddable":true,"href":"https:\/\/blogg.regionkronoberg.se\/trakutbildning\/wp-json\/wp\/v2\/comments?post=157"}],"version-history":[{"count":16,"href":"https:\/\/blogg.regionkronoberg.se\/trakutbildning\/wp-json\/wp\/v2\/pages\/157\/revisions"}],"predecessor-version":[{"id":1473,"href":"https:\/\/blogg.regionkronoberg.se\/trakutbildning\/wp-json\/wp\/v2\/pages\/157\/revisions\/1473"}],"wp:attachment":[{"href":"https:\/\/blogg.regionkronoberg.se\/trakutbildning\/wp-json\/wp\/v2\/media?parent=157"}],"curies":[{"name":"wp","href":"https:\/\/api.w.org\/{rel}","templated":true}]}}