{"id":120,"date":"2017-11-23T08:39:10","date_gmt":"2017-11-23T07:39:10","guid":{"rendered":"http:\/\/blogg.regionkronoberg.se\/trakutbildning\/?page_id=120"},"modified":"2019-02-18T11:27:23","modified_gmt":"2019-02-18T10:27:23","slug":"begrepp","status":"publish","type":"page","link":"https:\/\/blogg.regionkronoberg.se\/trakutbildning\/begrepp\/","title":{"rendered":"Begrepp"},"content":{"rendered":"<div id=\"pl-120\"  class=\"panel-layout\" ><div id=\"pg-120-0\"  class=\"panel-grid panel-no-style\" ><div id=\"pgc-120-0-0\"  class=\"panel-grid-cell\" ><div id=\"panel-120-0-0-0\" class=\"so-panel widget widget_sow-image panel-first-child panel-last-child\" data-index=\"0\" ><div\n\t\t\t\n\t\t\tclass=\"so-widget-sow-image so-widget-sow-image-default-8b5b6f678277-120\"\n\t\t\t\n\t\t>\n<div class=\"sow-image-container\">\n\t\t<img \n\tsrc=\"https:\/\/blogg.regionkronoberg.se\/trakutbildning\/wp-content\/uploads\/sites\/13\/2019\/02\/1060175.png\" width=\"640\" height=\"360\" srcset=\"https:\/\/blogg.regionkronoberg.se\/trakutbildning\/wp-content\/uploads\/sites\/13\/2019\/02\/1060175.png 640w, https:\/\/blogg.regionkronoberg.se\/trakutbildning\/wp-content\/uploads\/sites\/13\/2019\/02\/1060175-300x169.png 300w, https:\/\/blogg.regionkronoberg.se\/trakutbildning\/wp-content\/uploads\/sites\/13\/2019\/02\/1060175-150x84.png 150w\" sizes=\"(max-width: 640px) 100vw, 640px\" title=\"_1060175\" alt=\"\" \t\tclass=\"so-widget-image\"\/>\n\t<\/div>\n\n<\/div><\/div><\/div><div id=\"pgc-120-0-1\"  class=\"panel-grid-cell\" ><div id=\"panel-120-0-1-0\" class=\"so-panel widget widget_sow-editor panel-first-child panel-last-child\" data-index=\"1\" ><div\n\t\t\t\n\t\t\tclass=\"so-widget-sow-editor so-widget-sow-editor-base\"\n\t\t\t\n\t\t>\n<div class=\"siteorigin-widget-tinymce textwidget\">\n\t<p><strong>Trakea<\/strong> \u2013 Luftstrupe<br \/>\n<strong>Trakealkanyl \/ \u201dkanyl\u201d \/ \u201dtrak\u201d<\/strong> \u2013 Ett r\u00f6r som s\u00e4tts i luftstrupen f\u00f6r att andas genom.<\/p>\n<p><strong>Stoma<\/strong> \u2013 Mun, h\u00e5l eller \u00f6ppning<br \/>\n<strong>Trakeostomi<\/strong> - H\u00e5let p\u00e5 halsen<\/p>\n<p><strong>Tomi<\/strong> - Sk\u00e4ra<br \/>\n<strong>Trakeotomi<\/strong> \u2013 Operationen i halsen<\/p>\n<p>En patient med <strong>trakeostomi<\/strong> har genomg\u00e5tt en <strong>trakeotomi<\/strong>. Patienten \u00e4r <strong>trakeotomerad<\/strong>.<\/p>\n<\/div>\n<\/div><\/div><\/div><\/div><\/div>","protected":false},"excerpt":{"rendered":"<p>Trakea \u2013 Luftstrupe Trakealkanyl \/ \u201dkanyl\u201d \/ \u201dtrak\u201d \u2013 Ett r\u00f6r som s\u00e4tts i luftstrupen f\u00f6r att andas genom. Stoma \u2013 Mun, h\u00e5l eller \u00f6ppning Trakeostomi &#8211; H\u00e5let p\u00e5 halsen Tomi &#8211; Sk\u00e4ra Trakeotomi \u2013 Operationen i halsen En patient med trakeostomi har genomg\u00e5tt en trakeotomi. Patienten \u00e4r trakeotomerad.<\/p>\n<p> <a class=\"continue-reading-link\" href=\"https:\/\/blogg.regionkronoberg.se\/trakutbildning\/begrepp\/\"><span>Continue reading<\/span><i class=\"crycon-right-dir\"><\/i><\/a> <\/p>\n","protected":false},"author":45,"featured_media":0,"parent":0,"menu_order":0,"comment_status":"closed","ping_status":"closed","template":"","meta":{"footnotes":""},"class_list":["post-120","page","type-page","status-publish","hentry"],"_links":{"self":[{"href":"https:\/\/blogg.regionkronoberg.se\/trakutbildning\/wp-json\/wp\/v2\/pages\/120","targetHints":{"allow":["GET"]}}],"collection":[{"href":"https:\/\/blogg.regionkronoberg.se\/trakutbildning\/wp-json\/wp\/v2\/pages"}],"about":[{"href":"https:\/\/blogg.regionkronoberg.se\/trakutbildning\/wp-json\/wp\/v2\/types\/page"}],"author":[{"embeddable":true,"href":"https:\/\/blogg.regionkronoberg.se\/trakutbildning\/wp-json\/wp\/v2\/users\/45"}],"replies":[{"embeddable":true,"href":"https:\/\/blogg.regionkronoberg.se\/trakutbildning\/wp-json\/wp\/v2\/comments?post=120"}],"version-history":[{"count":10,"href":"https:\/\/blogg.regionkronoberg.se\/trakutbildning\/wp-json\/wp\/v2\/pages\/120\/revisions"}],"predecessor-version":[{"id":1467,"href":"https:\/\/blogg.regionkronoberg.se\/trakutbildning\/wp-json\/wp\/v2\/pages\/120\/revisions\/1467"}],"wp:attachment":[{"href":"https:\/\/blogg.regionkronoberg.se\/trakutbildning\/wp-json\/wp\/v2\/media?parent=120"}],"curies":[{"name":"wp","href":"https:\/\/api.w.org\/{rel}","templated":true}]}}