{"id":115,"date":"2017-11-23T08:37:35","date_gmt":"2017-11-23T07:37:35","guid":{"rendered":"http:\/\/blogg.regionkronoberg.se\/trakutbildning\/?page_id=115"},"modified":"2019-04-01T12:54:28","modified_gmt":"2019-04-01T10:54:28","slug":"traketeamet","status":"publish","type":"page","link":"https:\/\/blogg.regionkronoberg.se\/trakutbildning\/traketeamet\/","title":{"rendered":"Postoperativ v\u00e5rd"},"content":{"rendered":"<div id=\"pl-115\"  class=\"panel-layout\" ><div id=\"pg-115-0\"  class=\"panel-grid panel-no-style\" ><div id=\"pgc-115-0-0\"  class=\"panel-grid-cell\" ><div id=\"panel-115-0-0-0\" class=\"so-panel widget widget_sow-image panel-first-child panel-last-child\" data-index=\"0\" ><div\n\t\t\t\n\t\t\tclass=\"so-widget-sow-image so-widget-sow-image-default-8b5b6f678277-115\"\n\t\t\t\n\t\t>\n<div class=\"sow-image-container\">\n\t\t<img \n\tsrc=\"https:\/\/blogg.regionkronoberg.se\/trakutbildning\/wp-content\/uploads\/sites\/13\/2019\/02\/1060123.png\" width=\"640\" height=\"404\" srcset=\"https:\/\/blogg.regionkronoberg.se\/trakutbildning\/wp-content\/uploads\/sites\/13\/2019\/02\/1060123.png 640w, https:\/\/blogg.regionkronoberg.se\/trakutbildning\/wp-content\/uploads\/sites\/13\/2019\/02\/1060123-300x189.png 300w, https:\/\/blogg.regionkronoberg.se\/trakutbildning\/wp-content\/uploads\/sites\/13\/2019\/02\/1060123-150x95.png 150w\" sizes=\"(max-width: 640px) 100vw, 640px\" title=\"_1060123\" alt=\"\" \t\tclass=\"so-widget-image\"\/>\n\t<\/div>\n\n<\/div><\/div><\/div><div id=\"pgc-115-0-1\"  class=\"panel-grid-cell\" ><div id=\"panel-115-0-1-0\" class=\"so-panel widget widget_sow-editor panel-first-child panel-last-child\" data-index=\"1\" ><div\n\t\t\t\n\t\t\tclass=\"so-widget-sow-editor so-widget-sow-editor-base\"\n\t\t\t\n\t\t>\n<div class=\"siteorigin-widget-tinymce textwidget\">\n\t<p>Extra tillsyn och f\u00f6rsiktighet av trakeostomin \u00e4r viktig direkt efter operation. Under f\u00f6rsta veckan \u00e4r risken f\u00f6r komplikationer som st\u00f6rst.<\/p>\n<p>Det \u00e4r viktigt att vara uppm\u00e4rksam p\u00e5 problem med andningen, bl\u00f6dning fr\u00e5n operationsomr\u00e5det, luft under huden, infektioner, hudbesv\u00e4r runt kanylen eller att kanylen oavsiktligt \u00e4ndrar l\u00e4ge eller glider ut. Mer sekret bildas f\u00f6rsta tiden d\u00e4rf\u00f6r \u00e4r risken st\u00f6rre f\u00f6r att det ska bli stopp i trakealkanylen.<\/p>\n<p>Att s\u00e4ngen har h\u00f6jd huvud\u00e4nda, patienten mobiliseras, god munv\u00e5rd utf\u00f6rs och att personalen f\u00f6ljer basala hygienrutiner kan ocks\u00e5 minska risken f\u00f6r m\u00e5nga komplikationer.<br \/>\nVar \u00e4ven uppm\u00e4rksam p\u00e5 sm\u00e4rta, att patientens nutritionsbehov tillgodoses, samt att patienten hittar s\u00e4tt att kommunicera.<\/p>\n<\/div>\n<\/div><\/div><\/div><\/div><div id=\"pg-115-1\"  class=\"panel-grid panel-no-style\" ><div id=\"pgc-115-1-0\"  class=\"panel-grid-cell\" ><div id=\"panel-115-1-0-0\" class=\"so-panel widget widget_sow-image panel-first-child panel-last-child\" data-index=\"2\" ><div\n\t\t\t\n\t\t\tclass=\"so-widget-sow-image so-widget-sow-image-default-8b5b6f678277-115\"\n\t\t\t\n\t\t>\n<div class=\"sow-image-container\">\n\t\t<img \n\tsrc=\"https:\/\/blogg.regionkronoberg.se\/trakutbildning\/wp-content\/uploads\/sites\/13\/2019\/02\/1060428-Redigera-2.png\" width=\"640\" height=\"413\" srcset=\"https:\/\/blogg.regionkronoberg.se\/trakutbildning\/wp-content\/uploads\/sites\/13\/2019\/02\/1060428-Redigera-2.png 640w, https:\/\/blogg.regionkronoberg.se\/trakutbildning\/wp-content\/uploads\/sites\/13\/2019\/02\/1060428-Redigera-2-300x194.png 300w, https:\/\/blogg.regionkronoberg.se\/trakutbildning\/wp-content\/uploads\/sites\/13\/2019\/02\/1060428-Redigera-2-150x97.png 150w\" sizes=\"(max-width: 640px) 100vw, 640px\" title=\"_1060428-Redigera-2\" alt=\"\" \t\tclass=\"so-widget-image\"\/>\n\t<\/div>\n\n<\/div><\/div><\/div><div id=\"pgc-115-1-1\"  class=\"panel-grid-cell\" ><div id=\"panel-115-1-1-0\" class=\"so-panel widget widget_sow-editor panel-first-child panel-last-child\" data-index=\"3\" ><div\n\t\t\t\n\t\t\tclass=\"so-widget-sow-editor so-widget-sow-editor-base\"\n\t\t\t\n\t\t>\n<div class=\"siteorigin-widget-tinymce textwidget\">\n\t<p>Vid operationen s\u00e4tts alltid en trakealkanyl med kuff f\u00f6r att hindra blod fr\u00e5n operationen att rinna ner i luftv\u00e4garna. M\u00e5nga g\u00e5nger s\u00e4tts en trakealkanyl med kuff och aspirationskanal. Kuffen ska vara uppbl\u00e5st konstant f\u00f6rsta dygnet.<br \/>\nTrakealkanylen f\u00e5r inte bytas under de f\u00f6rsta 10 dagarna, helst inte inom 14 dagar.<\/p>\n<p>Vid operationen s\u00e4tts glesa stygn f\u00f6r att dra ihop runt stomat, de f\u00e5r inte sitta h\u00e5rdare \u00e4n att luft kan pysa ut vid sidan. Stygnen kan tas bort efter fem till sju dagar. Stomat brukar vara helt l\u00e4kt efter 10 dagar.<br \/>\nUnder de tv\u00e5 f\u00f6rsta dygnen anv\u00e4nds NaCl f\u00f6r att tv\u00e4tta stomat, d\u00e4refter kan kranvatten anv\u00e4ndas. Barri\u00e4rkr\u00e4m ska inte anv\u00e4ndas innan stomat \u00e4r l\u00e4kt.<\/p>\n<p>Om en patient med trakeostomi v\u00e5rdas p\u00e5 sjukhus b\u00f6r Trakteamet kontaktas.<\/p>\n<\/div>\n<\/div><\/div><\/div><\/div><\/div>","protected":false},"excerpt":{"rendered":"<p>Extra tillsyn och f\u00f6rsiktighet av trakeostomin \u00e4r viktig direkt efter operation. Under f\u00f6rsta veckan \u00e4r risken f\u00f6r komplikationer som st\u00f6rst. Det \u00e4r viktigt att vara uppm\u00e4rksam p\u00e5 problem med andningen, bl\u00f6dning fr\u00e5n operationsomr\u00e5det, luft under huden, infektioner, hudbesv\u00e4r runt kanylen eller att kanylen oavsiktligt \u00e4ndrar l\u00e4ge eller glider ut. Mer\u2026<\/p>\n<p> <a class=\"continue-reading-link\" href=\"https:\/\/blogg.regionkronoberg.se\/trakutbildning\/traketeamet\/\"><span>Continue reading<\/span><i class=\"crycon-right-dir\"><\/i><\/a> <\/p>\n","protected":false},"author":45,"featured_media":0,"parent":0,"menu_order":0,"comment_status":"closed","ping_status":"closed","template":"","meta":{"footnotes":""},"class_list":["post-115","page","type-page","status-publish","hentry"],"_links":{"self":[{"href":"https:\/\/blogg.regionkronoberg.se\/trakutbildning\/wp-json\/wp\/v2\/pages\/115","targetHints":{"allow":["GET"]}}],"collection":[{"href":"https:\/\/blogg.regionkronoberg.se\/trakutbildning\/wp-json\/wp\/v2\/pages"}],"about":[{"href":"https:\/\/blogg.regionkronoberg.se\/trakutbildning\/wp-json\/wp\/v2\/types\/page"}],"author":[{"embeddable":true,"href":"https:\/\/blogg.regionkronoberg.se\/trakutbildning\/wp-json\/wp\/v2\/users\/45"}],"replies":[{"embeddable":true,"href":"https:\/\/blogg.regionkronoberg.se\/trakutbildning\/wp-json\/wp\/v2\/comments?post=115"}],"version-history":[{"count":27,"href":"https:\/\/blogg.regionkronoberg.se\/trakutbildning\/wp-json\/wp\/v2\/pages\/115\/revisions"}],"predecessor-version":[{"id":1546,"href":"https:\/\/blogg.regionkronoberg.se\/trakutbildning\/wp-json\/wp\/v2\/pages\/115\/revisions\/1546"}],"wp:attachment":[{"href":"https:\/\/blogg.regionkronoberg.se\/trakutbildning\/wp-json\/wp\/v2\/media?parent=115"}],"curies":[{"name":"wp","href":"https:\/\/api.w.org\/{rel}","templated":true}]}}